{"id":63,"date":"2018-01-17T16:49:19","date_gmt":"2018-01-17T15:49:19","guid":{"rendered":"http:\/\/vezere.org\/?page_id=63"},"modified":"2018-01-17T16:51:59","modified_gmt":"2018-01-17T15:51:59","slug":"aspect-societal-developpement-durable","status":"publish","type":"page","link":"https:\/\/vezere.org\/index.php\/aspect-societal-developpement-durable\/","title":{"rendered":"Aspect soci\u00e9tal \/ D\u00e9veloppement durable"},"content":{"rendered":"<h4><strong>Aspect soci\u00e9tal :<\/strong><\/h4>\n<p>Les employ\u00e9(e)s des entreprises et municipalit\u00e9s \u00ab sponsors \u00bb seront invit\u00e9s \u00e0 participer au recensement des arbres, ainsi qu\u2019\u00e0 des plantations d\u2019arbres. Leurs noms seront cit\u00e9s dans le livre et dans l\u2019exposition.<\/p>\n<figure id=\"attachment_16\" aria-describedby=\"caption-attachment-16\" style=\"width: 750px\" class=\"wp-caption alignleft\"><img loading=\"lazy\" decoding=\"async\" class=\"wp-image-16 size-large\" src=\"http:\/\/vezere.org\/wp-content\/uploads\/2018\/01\/cropped-Source_Vezere_PNR_Millevaches_Tourbieres_panorama_001_web-1024x219.jpg\" alt=\"\" width=\"750\" height=\"160\" srcset=\"https:\/\/vezere.org\/wp-content\/uploads\/2018\/01\/cropped-Source_Vezere_PNR_Millevaches_Tourbieres_panorama_001_web-1024x219.jpg 1024w, https:\/\/vezere.org\/wp-content\/uploads\/2018\/01\/cropped-Source_Vezere_PNR_Millevaches_Tourbieres_panorama_001_web-300x64.jpg 300w, https:\/\/vezere.org\/wp-content\/uploads\/2018\/01\/cropped-Source_Vezere_PNR_Millevaches_Tourbieres_panorama_001_web-768x164.jpg 768w, https:\/\/vezere.org\/wp-content\/uploads\/2018\/01\/cropped-Source_Vezere_PNR_Millevaches_Tourbieres_panorama_001_web.jpg 1170w\" sizes=\"auto, (max-width: 750px) 100vw, 750px\" \/><figcaption id=\"caption-attachment-16\" class=\"wp-caption-text\"><span style=\"color: #ff0000;\"><strong>Nous vivons tous en \u00e9troite et intime relation avec la rivi\u00e8re, source de vies.<\/strong><\/span><\/figcaption><\/figure>\n<h4><strong>D\u00e9veloppement durable :<\/strong><\/h4>\n<p>Le v\u00e9g\u00e9tal est au c\u0153ur du d\u00e9veloppement durable, l\u2019arbre en est le pilier. J\u00e9r\u00f4me Hutin propose de lab\u00e9liser ces arbres protecteurs recens\u00e9s et de mettre ce label en place avec le soutien des municipalit\u00e9s. L\u2019objectif est d\u2019inscrire ces \u00ab arbres tr\u00e9sors vivants \u00bb sur les Plans Locaux de l\u2019Urbanisme Intracommunautaires.<\/p>\n<p>Une partie de la vente de ce livre\u00a0 et des produits d\u00e9riv\u00e9s financera la cr\u00e9ation de l\u2019arboretum sur le th\u00e8me :<\/p>\n<p><strong>\u00ab De l\u2019arbre au papier et du papier \u00e0 l\u2019arbre \u00bb.<\/strong><\/p>\n<h4><strong>Communication :<\/strong><\/h4>\n<ul>\n<li>M\u00e9dias locaux, d\u00e9partementaux, nationaux.<\/li>\n<li>Conf\u00e9rences de presse et d\u00e9dicaces.<\/li>\n<li>Publications dans les magazines sp\u00e9cialis\u00e9s.<\/li>\n<li>Projections d\u00e9bats.<\/li>\n<\/ul>\n<h4><strong>\u00a0<\/strong><strong>Interaction et solidarit\u00e9 :<\/strong><\/h4>\n<ul>\n<li>Les habitants du P\u00e9rigord et de la Corr\u00e8ze partageront leur amour des arbres et leur respect de l\u2019environnement.<\/li>\n<li>Les associations de Dordogne, Corr\u00e8ze, Creuse, qu\u2019elles soient culturelles, sportives, ou environnementales, agiront ensemble, avec le soutien des administrations locales, d\u00e9partementales, voire nationales (mairies, communaut\u00e9s de communes, Conseil D\u00e9partemental, Conseil R\u00e9gional, DREAL, DRAC, EUROPE : FEADER\u2026).<\/li>\n<li>Les services des espaces verts et de l\u2019urbanisme et de l\u2019environnement des mairies, des Communaut\u00e9s de communes, des Conseils D\u00e9partementaux de la Dordogne et de la Corr\u00e8ze sont directement concern\u00e9s.<\/li>\n<li>Les acteurs du secteur touristique : loueurs de cano\u00ebs, sites pr\u00e9historiques, h\u00f4tels de charme, Relais &amp; ch\u00e2teaux, restaurants, campings \u00ab nature\u00bb, ainsi que les banques et les entreprises sont invit\u00e9s \u00e0 apporter leur soutien, financier et\/ou participatif : organisation d\u2019\u00e9v\u00e9nements, communication\u2026\u00bb.<\/li>\n<\/ul>\n<h4><strong>L\u2019esprit de ce projet concerne \u00e9galement :<\/strong><\/h4>\n<ul>\n<li>L\u2019Association Mathusalem Dordogne, (qui avait recens\u00e9 les arbres de la Libert\u00e9)<\/li>\n<li>La Soci\u00e9t\u00e9 Botanique du P\u00e9rigord.<\/li>\n<li>La Sepanso (Soci\u00e9t\u00e9 de Protection de la Nature dans le Sud-Ouest).<\/li>\n<li>Agence de l\u2019eau Adour-Garonne.<\/li>\n<li>Associations environnementales de la Corr\u00e8ze.<\/li>\n<li>La DREAL.<\/li>\n<li>Les associations de protections de petits patrimoines.<\/li>\n<li>Le Parc Naturel R\u00e9gional de Millevaches.<\/li>\n<li>L\u2019UNESCO.<\/li>\n<li>Le Syndicat Mixte du Bassin Versant de la V\u00e9z\u00e8re.<\/li>\n<li>Natura 2000.<strong><br \/>\n<\/strong><\/li>\n<\/ul>\n<p><span style=\"color: #ff0000;\"><strong>Nous sommes tous interconnect\u00e9s avec <\/strong><strong>la V\u00e9z\u00e8re, la Corr\u00e8ze, la Dordogne et leurs affluents.<\/strong><\/span><\/p>\n<p><span style=\"color: #ff0000;\"><strong>\u00a0<\/strong><strong>Sans leurs zones hydrographiques en bonne sant\u00e9\u2026que devenons-nous\u00a0?<\/strong><\/span><\/p>\n<p><span style=\"color: #ff0000;\"><strong>\u00a0<\/strong><strong>Polluer l\u2019eau, polluer la terre, notre Terre, <\/strong><\/span><\/p>\n<p><span style=\"color: #ff0000;\"><strong>c\u2019est d\u00e9truire notre arbre de vie int\u00e9rieur.<\/strong><\/span><\/p>\n","protected":false},"excerpt":{"rendered":"<p>Aspect soci\u00e9tal : Les employ\u00e9(e)s des entreprises et municipalit\u00e9s \u00ab sponsors \u00bb seront invit\u00e9s \u00e0 participer au recensement des arbres, ainsi qu\u2019\u00e0 des plantations d\u2019arbres. Leurs noms seront cit\u00e9s dans le livre et dans l\u2019exposition. D\u00e9veloppement durable : Le v\u00e9g\u00e9tal est au c\u0153ur du d\u00e9veloppement durable, l\u2019arbre en est le pilier. J\u00e9r\u00f4me Hutin propose de lab\u00e9liser ces arbres protecteurs recens\u00e9s et de mettre ce label en place avec le soutien des municipalit\u00e9s. L\u2019objectif est d\u2019inscrire ces \u00ab arbres tr\u00e9sors vivants \u00bb sur les Plans Locaux de l\u2019Urbanisme Intracommunautaires. Une partie de la vente de ce livre\u00a0 et des produits d\u00e9riv\u00e9s financera la cr\u00e9ation de l\u2019arboretum sur le th\u00e8me : \u00ab De l\u2019arbre au papier et du papier \u00e0 l\u2019arbre \u00bb. Communication : M\u00e9dias locaux, d\u00e9partementaux, nationaux. Conf\u00e9rences de presse et d\u00e9dicaces. Publications dans les magazines sp\u00e9cialis\u00e9s. Projections d\u00e9bats. \u00a0Interaction et solidarit\u00e9 : Les habitants du P\u00e9rigord et de la Corr\u00e8ze partageront leur amour des arbres et leur respect de l\u2019environnement. Les associations de Dordogne, Corr\u00e8ze, Creuse, qu\u2019elles soient culturelles, sportives, ou environnementales, agiront ensemble, avec le soutien des administrations locales, d\u00e9partementales, voire nationales (mairies, communaut\u00e9s de communes, Conseil D\u00e9partemental, Conseil R\u00e9gional, DREAL, DRAC, EUROPE : FEADER\u2026). Les services des espaces verts et de l\u2019urbanisme et de l\u2019environnement des mairies, des Communaut\u00e9s de communes, des Conseils D\u00e9partementaux de la Dordogne et de la Corr\u00e8ze sont directement concern\u00e9s. Les acteurs du secteur touristique : loueurs de cano\u00ebs, sites pr\u00e9historiques, h\u00f4tels de charme, Relais &amp; ch\u00e2teaux, restaurants, campings \u00ab nature\u00bb, ainsi que les banques et les entreprises sont invit\u00e9s \u00e0 apporter leur soutien, financier et\/ou participatif : organisation d\u2019\u00e9v\u00e9nements, communication\u2026\u00bb. L\u2019esprit de ce projet concerne \u00e9galement : L\u2019Association Mathusalem Dordogne, (qui avait recens\u00e9 les arbres de la Libert\u00e9) La Soci\u00e9t\u00e9 Botanique du P\u00e9rigord. La Sepanso (Soci\u00e9t\u00e9 de Protection de la Nature dans le Sud-Ouest). Agence de l\u2019eau Adour-Garonne. Associations environnementales de la Corr\u00e8ze. La DREAL. Les associations de protections de petits patrimoines. Le Parc Naturel R\u00e9gional de Millevaches. L\u2019UNESCO. Le Syndicat Mixte du Bassin Versant de la V\u00e9z\u00e8re. Natura 2000. Nous sommes tous interconnect\u00e9s avec la V\u00e9z\u00e8re, la Corr\u00e8ze, la Dordogne et leurs affluents. \u00a0Sans leurs zones hydrographiques en bonne sant\u00e9\u2026que devenons-nous\u00a0? \u00a0Polluer l\u2019eau, polluer la terre, notre Terre, c\u2019est d\u00e9truire notre arbre de vie int\u00e9rieur.<\/p>\n","protected":false},"author":1,"featured_media":0,"parent":0,"menu_order":0,"comment_status":"closed","ping_status":"closed","template":"","meta":{"footnotes":""},"class_list":["post-63","page","type-page","status-publish","hentry"],"_links":{"self":[{"href":"https:\/\/vezere.org\/index.php\/wp-json\/wp\/v2\/pages\/63","targetHints":{"allow":["GET"]}}],"collection":[{"href":"https:\/\/vezere.org\/index.php\/wp-json\/wp\/v2\/pages"}],"about":[{"href":"https:\/\/vezere.org\/index.php\/wp-json\/wp\/v2\/types\/page"}],"author":[{"embeddable":true,"href":"https:\/\/vezere.org\/index.php\/wp-json\/wp\/v2\/users\/1"}],"replies":[{"embeddable":true,"href":"https:\/\/vezere.org\/index.php\/wp-json\/wp\/v2\/comments?post=63"}],"version-history":[{"count":3,"href":"https:\/\/vezere.org\/index.php\/wp-json\/wp\/v2\/pages\/63\/revisions"}],"predecessor-version":[{"id":68,"href":"https:\/\/vezere.org\/index.php\/wp-json\/wp\/v2\/pages\/63\/revisions\/68"}],"wp:attachment":[{"href":"https:\/\/vezere.org\/index.php\/wp-json\/wp\/v2\/media?parent=63"}],"curies":[{"name":"wp","href":"https:\/\/api.w.org\/{rel}","templated":true}]}}