{"id":14932,"date":"2025-11-03T17:01:29","date_gmt":"2025-11-03T16:01:29","guid":{"rendered":"https:\/\/vezere.org\/?page_id=14932"},"modified":"2025-11-03T23:45:55","modified_gmt":"2025-11-03T22:45:55","slug":"le-chene-vert-du-grand-abri-au-grand-roc-vallee-eterernelle-les-eyzies-de-tayac","status":"publish","type":"page","link":"https:\/\/vezere.org\/index.php\/exposition-arbres-lumieres-rivieres-musiques-de-jerome-hutin\/exposition-arbres-lumieres-rivieres-musiques-2025-dans-la-ville-ancienne-et-parc-laplanche-a-terrasson-lavilledieu-vallee-de-la-vezere\/a-ecouter-les-musiques-des-arbres\/le-chene-vert-du-grand-abri-au-grand-roc-vallee-eterernelle-les-eyzies-de-tayac\/","title":{"rendered":"Le ch\u00eane vert de la Vall\u00e9e Eternelle, Les Eyzies de Tayac"},"content":{"rendered":"<h3 data-start=\"153\" data-end=\"219\"><strong data-start=\"160\" data-end=\"217\"><img loading=\"lazy\" decoding=\"async\" class=\"wp-image-14933 alignright\" src=\"http:\/\/vezere.org\/wp-content\/uploads\/2025\/11\/chene-vert-grand-abri-grand-roc-les-Eyzies-web-1024x856.jpg\" alt=\"\" width=\"663\" height=\"554\" srcset=\"https:\/\/vezere.org\/wp-content\/uploads\/2025\/11\/chene-vert-grand-abri-grand-roc-les-Eyzies-web-1024x856.jpg 1024w, https:\/\/vezere.org\/wp-content\/uploads\/2025\/11\/chene-vert-grand-abri-grand-roc-les-Eyzies-web-300x251.jpg 300w, https:\/\/vezere.org\/wp-content\/uploads\/2025\/11\/chene-vert-grand-abri-grand-roc-les-Eyzies-web-768x642.jpg 768w, https:\/\/vezere.org\/wp-content\/uploads\/2025\/11\/chene-vert-grand-abri-grand-roc-les-Eyzies-web.jpg 1136w\" sizes=\"auto, (max-width: 663px) 100vw, 663px\" \/><\/strong><\/h3>\n<h3 data-start=\"153\" data-end=\"219\"><strong data-start=\"160\" data-end=\"217\">La captation musicale du Ch\u00eane de la Vall\u00e9e \u00e9ternelle.<\/strong><\/h3>\n<p data-start=\"221\" data-end=\"636\">Sous une des nombreuses falaises<strong>\u00a0des<\/strong>\u00a0<strong>Eyzies-de-Tayac<\/strong>, un ch\u00eane vert a plant\u00e9 ses racines dans la pierre et la m\u00e9moire du monde.<br data-start=\"345\" data-end=\"348\" \/>L\u00e0 o\u00f9 les premiers artistes de l\u2019humanit\u00e9 tra\u00e7aient sur la roche les formes de la vie, l\u2019arbre, aujourd\u2019hui, fait vibrer la s\u00e8ve du temps.<br data-start=\"486\" data-end=\"489\" \/>Sa musique s\u2019\u00e9l\u00e8ve dans le silence de ce grand lieu, connu des amoureux de la pr\u00e9histoire, de dame nature, ce sanctuaire naturel o\u00f9 l\u2019eau, la lumi\u00e8re et la roche se r\u00e9pondent depuis des mill\u00e9naires.<\/p>\n<p data-start=\"638\" data-end=\"984\">Chaque onde capt\u00e9e par le capteur de plantes devient une <strong data-start=\"695\" data-end=\"713\">voix du vivant<\/strong>, un souffle d\u2019\u00e9ternit\u00e9.<br data-start=\"737\" data-end=\"740\" \/>Le ch\u00eane chante l\u2019alliance entre le min\u00e9ral et le v\u00e9g\u00e9tal, entre les peuples pass\u00e9s et la nature pr\u00e9sente.<br data-start=\"846\" data-end=\"849\" \/>Sa m\u00e9lodie traverse la vall\u00e9e, comme un message de paix et de continuit\u00e9 \u2014<br data-start=\"923\" data-end=\"926\" \/>un rappel que la vie, ici, n\u2019a jamais cess\u00e9 de murmurer.<\/p>\n<p data-start=\"986\" data-end=\"1140\"><em data-start=\"986\" data-end=\"1106\">Enregistr\u00e9 aux Eyzies, vall\u00e9e de la V\u00e9z\u00e8re &#8211; le 02 novembre 2025.<\/em><\/p>\n<p data-start=\"986\" data-end=\"1140\"><em data-start=\"986\" data-end=\"1106\"> un haut lieu de m\u00e9moire, d\u2019art et de lumi\u00e8re.<\/em><br data-start=\"1106\" data-end=\"1109\" \/>\u2014 <em data-start=\"1111\" data-end=\"1138\">J\u00e9r\u00f4me Hutin, Arbor\u2019Ethic et Universelle !<\/em><\/p>\n<p data-start=\"871\" data-end=\"1431\">\u00a0<\/p>\n<hr data-start=\"1433\" data-end=\"1436\" \/>\n<h3 data-start=\"1438\" data-end=\"1480\">\ud83c\udf3f <strong data-start=\"1445\" data-end=\"1480\">Un lieu d\u2019\u00e9nergie et de m\u00e9moire<\/strong><\/h3>\n<p data-start=\"1481\" data-end=\"1870\">Ce lieu d\u00e9gage une <strong data-start=\"1500\" data-end=\"1516\">\u00e9nergie rare<\/strong>, une sorte de <strong data-start=\"1531\" data-end=\"1555\">vibration tellurique<\/strong> que beaucoup ressentent encore aujourd\u2019hui.<br data-start=\"1599\" data-end=\"1602\" \/>Les <strong data-start=\"1606\" data-end=\"1631\">arbres qui y poussent<\/strong>, notamment le <strong data-start=\"1646\" data-end=\"1681\">ch\u00eane vert que j&rsquo;ai enregistr\u00e9<\/strong>, s\u2019ancrent dans cette m\u00e9moire profonde :<br data-start=\"1722\" data-end=\"1725\" \/>ils relient la <strong data-start=\"1740\" data-end=\"1761\">pierre mill\u00e9naire<\/strong> et la <strong data-start=\"1768\" data-end=\"1784\">vie actuelle<\/strong>, portant \u00e0 travers leurs racines l\u2019\u00e9cho de milliers d\u2019ann\u00e9es de silence et de chants.<\/p>\n<hr data-start=\"1872\" data-end=\"1875\" \/>\n<h3 data-start=\"1877\" data-end=\"1906\">\u2728 <strong data-start=\"1883\" data-end=\"1906\">La Vall\u00e9e \u00c9ternelle<\/strong><\/h3>\n<p data-start=\"1907\" data-end=\"2372\"><strong data-start=\"1927\" data-end=\"1946\">Fabrice Leclerc<\/strong> appelle cette r\u00e9gion <strong data-start=\"1968\" data-end=\"1991\">la Vall\u00e9e \u00c9ternelle, c&rsquo;est une propri\u00e9t\u00e9 priv\u00e9e, un sanctuaire pour la vie sauvage et dame nature<\/strong>\u00a0\u2014 une appellation tr\u00e8s juste.<br data-start=\"2021\" data-end=\"2024\" \/>Elle \u00e9voque la <strong data-start=\"2039\" data-end=\"2063\">continuit\u00e9 du vivant<\/strong>, depuis les premiers Homo sapiens jusqu\u2019\u00e0 nous, et rappelle que cette vall\u00e9e \u2014 avec ses abris, ses for\u00eats et ses rivi\u00e8res \u2014 est <strong data-start=\"2192\" data-end=\"2231\">un sanctuaire du temps et de la vie<\/strong>.<\/p>\n<figure id=\"attachment_14935\" aria-describedby=\"caption-attachment-14935\" style=\"width: 960px\" class=\"wp-caption aligncenter\"><img loading=\"lazy\" decoding=\"async\" class=\"size-large wp-image-14935\" src=\"http:\/\/vezere.org\/wp-content\/uploads\/2025\/11\/Panorama_grand_abri_les-eyzies-3000pixels-1024x428.jpg\" alt=\"\" width=\"960\" height=\"401\" srcset=\"https:\/\/vezere.org\/wp-content\/uploads\/2025\/11\/Panorama_grand_abri_les-eyzies-3000pixels-1024x428.jpg 1024w, https:\/\/vezere.org\/wp-content\/uploads\/2025\/11\/Panorama_grand_abri_les-eyzies-3000pixels-300x125.jpg 300w, https:\/\/vezere.org\/wp-content\/uploads\/2025\/11\/Panorama_grand_abri_les-eyzies-3000pixels-768x321.jpg 768w, https:\/\/vezere.org\/wp-content\/uploads\/2025\/11\/Panorama_grand_abri_les-eyzies-3000pixels.jpg 1136w\" sizes=\"auto, (max-width: 960px) 100vw, 960px\" \/><figcaption id=\"caption-attachment-14935\" class=\"wp-caption-text\">Photo r\u00e9alis\u00e9e par J\u00e9r\u00f4me Hutin en 360 degr\u00e9s avec 50 bougies et le ciel c\u00e9leste.<br \/>Le 08 f\u00e9vrier 2023<\/figcaption><\/figure>\n<p style=\"text-align: center;\"><span style=\"color: #ff0000;\"><strong>Ecoutez la musique du ch\u00eane de la Vall\u00e9e \u00c9ternelle ! Mettez un casque et m\u00e9ditez&#8230;.<\/strong><\/span><\/p>\n<!--[if lt IE 9]><script>document.createElement('audio');<\/script><![endif]-->\n<audio class=\"wp-audio-shortcode\" id=\"audio-14932-1\" preload=\"none\" style=\"width: 100%;\" controls=\"controls\"><source type=\"audio\/mpeg\" src=\"https:\/\/vezere.org\/wp-content\/uploads\/2025\/11\/Chene-vert-grand-abri-grand-roc-Eyzies-02novembre2025ZOOM0094_01.mp3?_=1\" \/><a href=\"https:\/\/vezere.org\/wp-content\/uploads\/2025\/11\/Chene-vert-grand-abri-grand-roc-Eyzies-02novembre2025ZOOM0094_01.mp3\">https:\/\/vezere.org\/wp-content\/uploads\/2025\/11\/Chene-vert-grand-abri-grand-roc-Eyzies-02novembre2025ZOOM0094_01.mp3<\/a><\/audio>\n\n\n<p><\/p>\n\n\n\n<p><strong>Voici la l\u00e9gende de la Vall\u00e9e Eternelle :<\/strong><\/p>\n\n\n\n<p>Au c\u0153ur d&rsquo;une vall\u00e9e verdoyante, nich\u00e9e entre des falaises majestueuses, o\u00f9 les fleurs aux mille couleurs embaumaient l&rsquo;air et o\u00f9 les rivi\u00e8res cristallines murmuraient des secrets ancestraux, se trouve un sanctuaire connu depuis la nuit des temps sous le nom de la <strong>Vall\u00e9e \u00c9ternelle<\/strong>. <\/p>\n\n\n\n<p>C&rsquo;est l\u00e0 que r\u00e9side <strong>Aeluin<\/strong>, une f\u00e9e d&rsquo;une beaut\u00e9 extraordinaire, dot\u00e9e d\u2019un pouvoir fabuleux : celui de r\u00e9g\u00e9n\u00e9rer la vie. Aeluin est la gardienne d\u2019une source l\u00e9gendaire cach\u00e9e au plus profond des cristaux de roche, la plus ancienne que la Terre ai connu et qui alimente son pouvoir, l\u2019\u00e9ternelle. La l\u00e9gende raconte qu\u2019Aeluin \u00e9tait n\u00e9e d&rsquo;un rayon de soleil et d&rsquo;une goutte d&rsquo;eau de l\u2019\u00e9ternelle, unis par un baiser du vent. <\/p>\n\n\n\n<p>D\u00e8s son plus jeune \u00e2ge, elle manifesta son lien profond avec la nature et sa magie. Elle communiquait avec les animaux, comprenait le langage des arbres et des fleurs, des Elf et des \u00eatres invisibles aux hommes. Sa peau diaphane refl\u00e9tait l&rsquo;\u00e9clat des lucioles, sa longue chevelure d&rsquo;or scintillait comme les rayons du cr\u00e9puscule, ses yeux du bleu des sources refl\u00e9taient la sagesse des temps anciens, ses ailes iris\u00e9es battaient avec la gr\u00e2ce des papillons. <\/p>\n\n\n\n<p>Elle aimait profond\u00e9ment la vall\u00e9e \u00e9ternelle et tous ses habitants, des minuscules f\u00e9es aux animaux majestueux. Chaque jour, elle veillait sur l\u2019\u00e9ternelle, s&rsquo;assurant que ses eaux pures continuaient \u00e0 jaillir et \u00e0 nourrir la vie des cr\u00e9atures de la vall\u00e9e. Un jour, un terrible mal s&rsquo;abattit sur la Vall\u00e9e \u00c9ternelle. Une brume noire envahit la for\u00eat, fl\u00e9trissant la v\u00e9g\u00e9tation et plongeant les animaux dans un sommeil profond. <\/p>\n\n\n\n<p>L\u2019\u00e9ternelle se tarit peu \u00e0 peu. D\u00e9vast\u00e9e par la souffrance de son royaume, \u2028\u2028Aeluin se rendit \u00e0 l\u2019\u00e9mergence de l\u2019\u00e9ternelle , apr\u00e8s avoir parcouru un long chemin \u00e0 travers la roche. L\u00e0, elle s&rsquo;immergea dans l\u2019eau, fermant les yeux et concentrant toute sa force. Une lumi\u00e8re intense \u00e9mana de son corps, illuminant la vall\u00e9e d&rsquo;une clart\u00e9 aveuglante. La brume noire se dissipa, laissant place \u00e0 un ciel bleu azur. Les animaux se r\u00e9veill\u00e8rent, les forets reprirent vie, faisant apparaitre des multitudes de fleurs L\u2019\u00e9ternelle, revitalis\u00e9e se remplit de nouveau. La vall\u00e9e avait \u00e9t\u00e9 sauv\u00e9e. <\/p>\n\n\n\n<p>D\u00e8s lors, Aeluin continua \u00e0 veiller sur son royaume, son c\u0153ur rayonnant de bont\u00e9 et de compassion. Parfois, au cours des nuits \u00e9toil\u00e9es, on peut apercevoir une lumi\u00e8re intense qui illumine la vall\u00e9e. C&rsquo;est Aeluin, puisant son \u00e9nergie dans l&rsquo;\u00e9ternelle pour r\u00e9pandre sa magie bienfaisante sur la terre, offrant un sentiment de paix et de s\u00e9r\u00e9nit\u00e9 \u00e0 tous ceux qui la traversent. <\/p>\n\n\n\n<p>Sa lumi\u00e8re est un symbole d&rsquo;espoir et de renouveau, un rappel que m\u00eame dans les moments les plus sombres, la vie trouve toujours un moyen de rena\u00eetre. Aeluin est devenue une l\u00e9gende vivante, une source d&rsquo;inspiration pour tous ceux qui croient au pouvoir de la nature et de la compassion. Sa bont\u00e9 et sa g\u00e9n\u00e9rosit\u00e9 ont fait d&rsquo;elle un v\u00e9ritable tr\u00e9sor pour la vall\u00e9e \u00e9ternelle, un symbole de l&rsquo;amour et de la protection qui enveloppent le Monde de ses ailes bienfaisantes. Le pr\u00e9nom de la f\u00e9e Aeluin de la vall\u00e9e \u00e9ternelle signifie litt\u00e9ralement \u00ab\u00a0Source \u00c9ternelle\u00a0\u00bb ou \u00ab\u00a0<strong>Fontaine \u00c9ternelle<\/strong>\u00a0\u00bb en s&rsquo;appuyant sur les racines Sindarin: Ael: source, bassin, lac. Uin: suffixe signifiant \u00ab\u00a0\u00e9ternel\u00a0\u00bb ou \u00ab\u00a0perp\u00e9tuel\u00a0\u00bb.<\/p>\n","protected":false},"excerpt":{"rendered":"<p>La captation musicale du Ch\u00eane de la Vall\u00e9e \u00e9ternelle. Sous une des nombreuses falaises\u00a0des\u00a0Eyzies-de-Tayac, un ch\u00eane vert a plant\u00e9 ses racines dans la pierre et la m\u00e9moire du monde.L\u00e0 o\u00f9 les premiers artistes de l\u2019humanit\u00e9 tra\u00e7aient sur la roche les formes de la vie, l\u2019arbre, aujourd\u2019hui, fait vibrer la s\u00e8ve du temps.Sa musique s\u2019\u00e9l\u00e8ve dans le silence de ce grand lieu, connu des amoureux de la pr\u00e9histoire, de dame nature, ce sanctuaire naturel o\u00f9 l\u2019eau, la lumi\u00e8re et la roche se r\u00e9pondent depuis des mill\u00e9naires. Chaque onde capt\u00e9e par le capteur de plantes devient une voix du vivant, un souffle d\u2019\u00e9ternit\u00e9.Le ch\u00eane chante l\u2019alliance entre le min\u00e9ral et le v\u00e9g\u00e9tal, entre les peuples pass\u00e9s et la nature pr\u00e9sente.Sa m\u00e9lodie traverse la vall\u00e9e, comme un message de paix et de continuit\u00e9 \u2014un rappel que la vie, ici, n\u2019a jamais cess\u00e9 de murmurer. Enregistr\u00e9 aux Eyzies, vall\u00e9e de la V\u00e9z\u00e8re &#8211; le 02 novembre 2025. un haut lieu de m\u00e9moire, d\u2019art et de lumi\u00e8re.\u2014 J\u00e9r\u00f4me Hutin, Arbor\u2019Ethic et Universelle ! \u00a0 \ud83c\udf3f Un lieu d\u2019\u00e9nergie et de m\u00e9moire Ce lieu d\u00e9gage une \u00e9nergie rare, une sorte de vibration tellurique que beaucoup ressentent encore aujourd\u2019hui.Les arbres qui y poussent, notamment le ch\u00eane vert que j&rsquo;ai enregistr\u00e9, s\u2019ancrent dans cette m\u00e9moire profonde :ils relient la pierre mill\u00e9naire et la vie actuelle, portant \u00e0 travers leurs racines l\u2019\u00e9cho de milliers d\u2019ann\u00e9es de silence et de chants. \u2728 La Vall\u00e9e \u00c9ternelle Fabrice Leclerc appelle cette r\u00e9gion la Vall\u00e9e \u00c9ternelle, c&rsquo;est une propri\u00e9t\u00e9 priv\u00e9e, un sanctuaire pour la vie sauvage et dame nature\u00a0\u2014 une appellation tr\u00e8s juste.Elle \u00e9voque la continuit\u00e9 du vivant, depuis les premiers Homo sapiens jusqu\u2019\u00e0 nous, et rappelle que cette vall\u00e9e \u2014 avec ses abris, ses for\u00eats et ses rivi\u00e8res \u2014 est un sanctuaire du temps et de la vie. Ecoutez la musique du ch\u00eane de la Vall\u00e9e \u00c9ternelle ! Mettez un casque et m\u00e9ditez&#8230;. Voici la l\u00e9gende de la Vall\u00e9e Eternelle : Au c\u0153ur d&rsquo;une vall\u00e9e verdoyante, nich\u00e9e entre des falaises majestueuses, o\u00f9 les fleurs aux mille couleurs embaumaient l&rsquo;air et o\u00f9 les rivi\u00e8res cristallines murmuraient des secrets ancestraux, se trouve un sanctuaire connu depuis la nuit des temps sous le nom de la Vall\u00e9e \u00c9ternelle. C&rsquo;est l\u00e0 que r\u00e9side Aeluin, une f\u00e9e d&rsquo;une beaut\u00e9 extraordinaire, dot\u00e9e d\u2019un pouvoir fabuleux : celui de r\u00e9g\u00e9n\u00e9rer la vie. Aeluin est la gardienne d\u2019une source l\u00e9gendaire cach\u00e9e au plus profond des cristaux de roche, la plus ancienne que la Terre ai connu et qui alimente son pouvoir, l\u2019\u00e9ternelle. La l\u00e9gende raconte qu\u2019Aeluin \u00e9tait n\u00e9e d&rsquo;un rayon de soleil et d&rsquo;une goutte d&rsquo;eau de l\u2019\u00e9ternelle, unis par un baiser du vent. D\u00e8s son plus jeune \u00e2ge, elle manifesta son lien profond avec la nature et sa magie. Elle communiquait avec les animaux, comprenait le langage des arbres et des fleurs, des Elf et des \u00eatres invisibles aux hommes. Sa peau diaphane refl\u00e9tait l&rsquo;\u00e9clat des lucioles, sa longue chevelure d&rsquo;or scintillait comme les rayons du cr\u00e9puscule, ses yeux du bleu des sources refl\u00e9taient la sagesse des temps anciens, ses ailes iris\u00e9es battaient avec la gr\u00e2ce des papillons. Elle aimait profond\u00e9ment la vall\u00e9e \u00e9ternelle et tous ses habitants, des minuscules f\u00e9es aux animaux majestueux. Chaque jour, elle veillait sur l\u2019\u00e9ternelle, s&rsquo;assurant que ses eaux pures continuaient \u00e0 jaillir et \u00e0 nourrir la vie des cr\u00e9atures de la vall\u00e9e. Un jour, un terrible mal s&rsquo;abattit sur la Vall\u00e9e \u00c9ternelle. Une brume noire envahit la for\u00eat, fl\u00e9trissant la v\u00e9g\u00e9tation et plongeant les animaux dans un sommeil profond. L\u2019\u00e9ternelle se tarit peu \u00e0 peu. D\u00e9vast\u00e9e par la souffrance de son royaume, \u2028\u2028Aeluin se rendit \u00e0 l\u2019\u00e9mergence de l\u2019\u00e9ternelle , apr\u00e8s avoir parcouru un long chemin \u00e0 travers la roche. L\u00e0, elle s&rsquo;immergea dans l\u2019eau, fermant les yeux et concentrant toute sa force. Une lumi\u00e8re intense \u00e9mana de son corps, illuminant la vall\u00e9e d&rsquo;une clart\u00e9 aveuglante. La brume noire se dissipa, laissant place \u00e0 un ciel bleu azur. Les animaux se r\u00e9veill\u00e8rent, les forets reprirent vie, faisant apparaitre des multitudes de fleurs L\u2019\u00e9ternelle, revitalis\u00e9e se remplit de nouveau. La vall\u00e9e avait \u00e9t\u00e9 sauv\u00e9e. D\u00e8s lors, Aeluin continua \u00e0 veiller sur son royaume, son c\u0153ur rayonnant de bont\u00e9 et de compassion. Parfois, au cours des nuits \u00e9toil\u00e9es, on peut apercevoir une lumi\u00e8re intense qui illumine la vall\u00e9e. C&rsquo;est Aeluin, puisant son \u00e9nergie dans l&rsquo;\u00e9ternelle pour r\u00e9pandre sa magie bienfaisante sur la terre, offrant un sentiment de paix et de s\u00e9r\u00e9nit\u00e9 \u00e0 tous ceux qui la traversent. Sa lumi\u00e8re est un symbole d&rsquo;espoir et de renouveau, un rappel que m\u00eame dans les moments les plus sombres, la vie trouve toujours un moyen de rena\u00eetre. Aeluin est devenue une l\u00e9gende vivante, une source d&rsquo;inspiration pour tous ceux qui croient au pouvoir de la nature et de la compassion. Sa bont\u00e9 et sa g\u00e9n\u00e9rosit\u00e9 ont fait d&rsquo;elle un v\u00e9ritable tr\u00e9sor pour la vall\u00e9e \u00e9ternelle, un symbole de l&rsquo;amour et de la protection qui enveloppent le Monde de ses ailes bienfaisantes. Le pr\u00e9nom de la f\u00e9e Aeluin de la vall\u00e9e \u00e9ternelle signifie litt\u00e9ralement \u00ab\u00a0Source \u00c9ternelle\u00a0\u00bb ou \u00ab\u00a0Fontaine \u00c9ternelle\u00a0\u00bb en s&rsquo;appuyant sur les racines Sindarin: Ael: source, bassin, lac. Uin: suffixe signifiant \u00ab\u00a0\u00e9ternel\u00a0\u00bb ou \u00ab\u00a0perp\u00e9tuel\u00a0\u00bb.<\/p>\n","protected":false},"author":1,"featured_media":0,"parent":14692,"menu_order":0,"comment_status":"closed","ping_status":"closed","template":"","meta":{"footnotes":""},"class_list":["post-14932","page","type-page","status-publish","hentry"],"_links":{"self":[{"href":"https:\/\/vezere.org\/index.php\/wp-json\/wp\/v2\/pages\/14932","targetHints":{"allow":["GET"]}}],"collection":[{"href":"https:\/\/vezere.org\/index.php\/wp-json\/wp\/v2\/pages"}],"about":[{"href":"https:\/\/vezere.org\/index.php\/wp-json\/wp\/v2\/types\/page"}],"author":[{"embeddable":true,"href":"https:\/\/vezere.org\/index.php\/wp-json\/wp\/v2\/users\/1"}],"replies":[{"embeddable":true,"href":"https:\/\/vezere.org\/index.php\/wp-json\/wp\/v2\/comments?post=14932"}],"version-history":[{"count":5,"href":"https:\/\/vezere.org\/index.php\/wp-json\/wp\/v2\/pages\/14932\/revisions"}],"predecessor-version":[{"id":14943,"href":"https:\/\/vezere.org\/index.php\/wp-json\/wp\/v2\/pages\/14932\/revisions\/14943"}],"up":[{"embeddable":true,"href":"https:\/\/vezere.org\/index.php\/wp-json\/wp\/v2\/pages\/14692"}],"wp:attachment":[{"href":"https:\/\/vezere.org\/index.php\/wp-json\/wp\/v2\/media?parent=14932"}],"curies":[{"name":"wp","href":"https:\/\/api.w.org\/{rel}","templated":true}]}}