{"id":14881,"date":"2025-10-22T20:36:02","date_gmt":"2025-10-22T18:36:02","guid":{"rendered":"https:\/\/vezere.org\/?page_id=14881"},"modified":"2025-10-22T21:42:53","modified_gmt":"2025-10-22T19:42:53","slug":"la-musique-du-chataignier-jeune-du-viarnais-prats-du-perigord-dordogne","status":"publish","type":"page","link":"https:\/\/vezere.org\/index.php\/exposition-arbres-lumieres-rivieres-musiques-de-jerome-hutin\/exposition-arbres-lumieres-rivieres-musiques-2025-dans-la-ville-ancienne-et-parc-laplanche-a-terrasson-lavilledieu-vallee-de-la-vezere\/a-ecouter-les-musiques-des-arbres\/la-musique-du-chataignier-jeune-du-viarnais-prats-du-perigord-dordogne\/","title":{"rendered":"La musique du ch\u00e2taignier (jeune) du Viarnais, Prats du P\u00e9rigord, Dordogne"},"content":{"rendered":"\n<div class=\"wp-block-group\"><div class=\"wp-block-group__inner-container is-layout-constrained wp-block-group-is-layout-constrained\">\n<p><img loading=\"lazy\" decoding=\"async\" class=\" wp-image-14882 alignleft\" src=\"http:\/\/vezere.org\/wp-content\/uploads\/2025\/10\/IMG_20251014_192006-461x1024.jpg\" alt=\"\" width=\"355\" height=\"789\" srcset=\"https:\/\/vezere.org\/wp-content\/uploads\/2025\/10\/IMG_20251014_192006-461x1024.jpg 461w, https:\/\/vezere.org\/wp-content\/uploads\/2025\/10\/IMG_20251014_192006-135x300.jpg 135w, https:\/\/vezere.org\/wp-content\/uploads\/2025\/10\/IMG_20251014_192006-768x1707.jpg 768w, https:\/\/vezere.org\/wp-content\/uploads\/2025\/10\/IMG_20251014_192006-691x1536.jpg 691w, https:\/\/vezere.org\/wp-content\/uploads\/2025\/10\/IMG_20251014_192006-922x2048.jpg 922w, https:\/\/vezere.org\/wp-content\/uploads\/2025\/10\/IMG_20251014_192006-1140x2533.jpg 1140w, https:\/\/vezere.org\/wp-content\/uploads\/2025\/10\/IMG_20251014_192006-scaled.jpg 1152w\" sizes=\"auto, (max-width: 355px) 100vw, 355px\" \/><\/p>\n<p><strong>Un des arbres les plus embl\u00e9matiques du P\u00e9rigord<\/strong> est l&rsquo;imposant <strong>ch\u00e2taignier du Viarnais \u00e0 Prat du P\u00e9rigord<\/strong>, entour\u00e9 des autres v\u00e9t\u00e9rans de sa for\u00eat. Il y a quelques ann\u00e9es dans les ann\u00e9es 1996 je l&rsquo;avais d\u00e9j\u00e0 photographi\u00e9, il avait \u00e9t\u00e9 nomm\u00e9 \u00ab\u00a0<strong>Fraternit\u00e9<\/strong>\u00a0\u00bb du temps de l&rsquo;<strong>association Mathusalem Dordogne<\/strong> (dissoute en 2012), lorsque plus de 900 arbres avaient \u00e9t\u00e9 recens\u00e9s et 16 prim\u00e9s. Ce ch\u00e2taignier fait environ 8 m de tour, malgr\u00e9 qu&rsquo;il y a deux ans , un de ces troncs s&rsquo;est fracass\u00e9 au sol apr\u00e8s un orage.<\/p>\n<p>C&rsquo;est aussi un lieu de rencontre pour les promeneurs, et il y a deux st\u00e8les nomm\u00e9es EJ &#8230;.<\/p>\n<p>J&rsquo;avais r\u00e9alis\u00e9e deux grandes toiles photo imprim\u00e9es sur coton chez <a href=\"https:\/\/www.uptextile.fr\/\" target=\"_blank\" rel=\"noopener\"><strong>Up&rsquo;Textile<\/strong><\/a> \u00e0 <strong>G\u00e9rardmer<\/strong>, dans les <strong>Vosges<\/strong>.<\/p>\n<p>L&rsquo;une d&rsquo;elle fait partie de ma<a href=\"https:\/\/vezere.org\/\" target=\"_blank\" rel=\"noopener\"><strong> grande exposition des arbres du P\u00e9rigord<\/strong><\/a> encore visible sur les remparts de <strong>Terrasson-Lavilledieu<\/strong>, dans la ville ancienne, jusqu&rsquo;\u00e0 fin octobre, et peut-\u00eatre plus longtemps&#8230; et une autre fut command\u00e9 par le centre FAME \u00e0 <strong>Perpezac-le-Noir<\/strong> en Corr\u00e8ze, install\u00e9e \u00e0 l&rsquo;int\u00e9rieur.<\/p>\n<p>Pour cette ann\u00e9e 2025, j&rsquo;ai d\u00e9cid\u00e9 de retourner voir ce v\u00e9n\u00e9rable ch\u00e2taignier et d&rsquo;<strong>enregistrer dans la nuit sa superbe m\u00e9lodie<\/strong>, que vous pouvez \u00e9couter ci-dessous. Alors posez-vous, et appr\u00e9cier ce moment musical. En fait, ne pouvant atteindre les feuilles trop hautes, j&rsquo;ai connect\u00e9 mon boitier Bamboo M \u00e0 un jeune ch\u00e2taignier non lui de l&rsquo;Ancien&#8230; surement connect\u00e9s entre eux !<\/p>\n<p>Belle \u00e9coute, apr\u00e8s les photos.<\/p>\n<!--[if lt IE 9]><script>document.createElement('audio');<\/script><![endif]-->\n<audio class=\"wp-audio-shortcode\" id=\"audio-14881-1\" preload=\"none\" style=\"width: 100%;\" controls=\"controls\"><source type=\"audio\/mpeg\" src=\"http:\/\/vezere.org\/wp-content\/uploads\/2025\/10\/chataignier-jeune-Viarnais-Prat-du-Perigord-Dordogne-14octobre2025-ZOOM0078_01.mp3?_=1\" \/><a href=\"http:\/\/vezere.org\/wp-content\/uploads\/2025\/10\/chataignier-jeune-Viarnais-Prat-du-Perigord-Dordogne-14octobre2025-ZOOM0078_01.mp3\">http:\/\/vezere.org\/wp-content\/uploads\/2025\/10\/chataignier-jeune-Viarnais-Prat-du-Perigord-Dordogne-14octobre2025-ZOOM0078_01.mp3<\/a><\/audio>\n<div id='gallery-1' class='gallery galleryid-14881 gallery-columns-2 gallery-size-large'><figure class='gallery-item'>\n\t\t\t<div class='gallery-icon portrait'>\n\t\t\t\t<a href='https:\/\/vezere.org\/index.php\/exposition-arbres-lumieres-rivieres-musiques-de-jerome-hutin\/exposition-arbres-lumieres-rivieres-musiques-2025-dans-la-ville-ancienne-et-parc-laplanche-a-terrasson-lavilledieu-vallee-de-la-vezere\/a-ecouter-les-musiques-des-arbres\/la-musique-du-chataignier-jeune-du-viarnais-prats-du-perigord-dordogne\/img_20251014_190858\/'><img loading=\"lazy\" decoding=\"async\" width=\"461\" height=\"1024\" src=\"https:\/\/vezere.org\/wp-content\/uploads\/2025\/10\/IMG_20251014_190858-461x1024.jpg\" class=\"attachment-large size-large\" alt=\"\" aria-describedby=\"gallery-1-14883\" srcset=\"https:\/\/vezere.org\/wp-content\/uploads\/2025\/10\/IMG_20251014_190858-461x1024.jpg 461w, https:\/\/vezere.org\/wp-content\/uploads\/2025\/10\/IMG_20251014_190858-135x300.jpg 135w, https:\/\/vezere.org\/wp-content\/uploads\/2025\/10\/IMG_20251014_190858-768x1707.jpg 768w, https:\/\/vezere.org\/wp-content\/uploads\/2025\/10\/IMG_20251014_190858-691x1536.jpg 691w, https:\/\/vezere.org\/wp-content\/uploads\/2025\/10\/IMG_20251014_190858-922x2048.jpg 922w, https:\/\/vezere.org\/wp-content\/uploads\/2025\/10\/IMG_20251014_190858-1140x2533.jpg 1140w, https:\/\/vezere.org\/wp-content\/uploads\/2025\/10\/IMG_20251014_190858-scaled.jpg 1152w\" sizes=\"auto, (max-width: 461px) 100vw, 461px\" \/><\/a>\n\t\t\t<\/div>\n\t\t\t\t<figcaption class='wp-caption-text gallery-caption' id='gallery-1-14883'>\n\t\t\t\tch\u00eane dans la ch\u00e2taignieraie, pr\u00e8s d&rsquo;ancienne batisse de charbonniers\n\t\t\t\t<\/figcaption><\/figure><figure class='gallery-item'>\n\t\t\t<div class='gallery-icon portrait'>\n\t\t\t\t<a href='https:\/\/vezere.org\/index.php\/exposition-arbres-lumieres-rivieres-musiques-de-jerome-hutin\/exposition-arbres-lumieres-rivieres-musiques-2025-dans-la-ville-ancienne-et-parc-laplanche-a-terrasson-lavilledieu-vallee-de-la-vezere\/a-ecouter-les-musiques-des-arbres\/la-musique-du-chataignier-jeune-du-viarnais-prats-du-perigord-dordogne\/img_20251014_191137\/'><img loading=\"lazy\" decoding=\"async\" width=\"461\" height=\"1024\" src=\"https:\/\/vezere.org\/wp-content\/uploads\/2025\/10\/IMG_20251014_191137-461x1024.jpg\" class=\"attachment-large size-large\" alt=\"\" aria-describedby=\"gallery-1-14884\" srcset=\"https:\/\/vezere.org\/wp-content\/uploads\/2025\/10\/IMG_20251014_191137-461x1024.jpg 461w, https:\/\/vezere.org\/wp-content\/uploads\/2025\/10\/IMG_20251014_191137-135x300.jpg 135w, https:\/\/vezere.org\/wp-content\/uploads\/2025\/10\/IMG_20251014_191137-768x1707.jpg 768w, https:\/\/vezere.org\/wp-content\/uploads\/2025\/10\/IMG_20251014_191137-691x1536.jpg 691w, https:\/\/vezere.org\/wp-content\/uploads\/2025\/10\/IMG_20251014_191137-922x2048.jpg 922w, https:\/\/vezere.org\/wp-content\/uploads\/2025\/10\/IMG_20251014_191137-1140x2533.jpg 1140w, https:\/\/vezere.org\/wp-content\/uploads\/2025\/10\/IMG_20251014_191137-scaled.jpg 1152w\" sizes=\"auto, (max-width: 461px) 100vw, 461px\" \/><\/a>\n\t\t\t<\/div>\n\t\t\t\t<figcaption class='wp-caption-text gallery-caption' id='gallery-1-14884'>\n\t\t\t\tch\u00eane dans la ch\u00e2taignieraie, pr\u00e8s d&rsquo;ancienne batisse de charbonniers\n\t\t\t\t<\/figcaption><\/figure><figure class='gallery-item'>\n\t\t\t<div class='gallery-icon landscape'>\n\t\t\t\t<a href='https:\/\/vezere.org\/index.php\/exposition-arbres-lumieres-rivieres-musiques-de-jerome-hutin\/exposition-arbres-lumieres-rivieres-musiques-2025-dans-la-ville-ancienne-et-parc-laplanche-a-terrasson-lavilledieu-vallee-de-la-vezere\/a-ecouter-les-musiques-des-arbres\/la-musique-du-chataignier-jeune-du-viarnais-prats-du-perigord-dordogne\/img_20251014_191227\/'><img loading=\"lazy\" decoding=\"async\" width=\"960\" height=\"432\" src=\"https:\/\/vezere.org\/wp-content\/uploads\/2025\/10\/IMG_20251014_191227-1024x461.jpg\" class=\"attachment-large size-large\" alt=\"\" aria-describedby=\"gallery-1-14885\" srcset=\"https:\/\/vezere.org\/wp-content\/uploads\/2025\/10\/IMG_20251014_191227-1024x461.jpg 1024w, https:\/\/vezere.org\/wp-content\/uploads\/2025\/10\/IMG_20251014_191227-300x135.jpg 300w, https:\/\/vezere.org\/wp-content\/uploads\/2025\/10\/IMG_20251014_191227-768x346.jpg 768w, https:\/\/vezere.org\/wp-content\/uploads\/2025\/10\/IMG_20251014_191227-1536x691.jpg 1536w, https:\/\/vezere.org\/wp-content\/uploads\/2025\/10\/IMG_20251014_191227-2048x922.jpg 2048w, https:\/\/vezere.org\/wp-content\/uploads\/2025\/10\/IMG_20251014_191227-1140x513.jpg 1140w\" sizes=\"auto, (max-width: 960px) 100vw, 960px\" \/><\/a>\n\t\t\t<\/div>\n\t\t\t\t<figcaption class='wp-caption-text gallery-caption' id='gallery-1-14885'>\n\t\t\t\tancienne batisse\n\t\t\t\t<\/figcaption><\/figure><figure class='gallery-item'>\n\t\t\t<div class='gallery-icon landscape'>\n\t\t\t\t<a href='https:\/\/vezere.org\/index.php\/exposition-arbres-lumieres-rivieres-musiques-de-jerome-hutin\/exposition-arbres-lumieres-rivieres-musiques-2025-dans-la-ville-ancienne-et-parc-laplanche-a-terrasson-lavilledieu-vallee-de-la-vezere\/a-ecouter-les-musiques-des-arbres\/la-musique-du-chataignier-jeune-du-viarnais-prats-du-perigord-dordogne\/img_20251014_191322\/'><img loading=\"lazy\" decoding=\"async\" width=\"960\" height=\"432\" src=\"https:\/\/vezere.org\/wp-content\/uploads\/2025\/10\/IMG_20251014_191322-1024x461.jpg\" class=\"attachment-large size-large\" alt=\"\" aria-describedby=\"gallery-1-14886\" srcset=\"https:\/\/vezere.org\/wp-content\/uploads\/2025\/10\/IMG_20251014_191322-1024x461.jpg 1024w, https:\/\/vezere.org\/wp-content\/uploads\/2025\/10\/IMG_20251014_191322-300x135.jpg 300w, https:\/\/vezere.org\/wp-content\/uploads\/2025\/10\/IMG_20251014_191322-768x346.jpg 768w, https:\/\/vezere.org\/wp-content\/uploads\/2025\/10\/IMG_20251014_191322-1536x691.jpg 1536w, https:\/\/vezere.org\/wp-content\/uploads\/2025\/10\/IMG_20251014_191322-2048x922.jpg 2048w, https:\/\/vezere.org\/wp-content\/uploads\/2025\/10\/IMG_20251014_191322-1140x513.jpg 1140w\" sizes=\"auto, (max-width: 960px) 100vw, 960px\" \/><\/a>\n\t\t\t<\/div>\n\t\t\t\t<figcaption class='wp-caption-text gallery-caption' id='gallery-1-14886'>\n\t\t\t\tancienne batisse et gros ch\u00eane\n\t\t\t\t<\/figcaption><\/figure><figure class='gallery-item'>\n\t\t\t<div class='gallery-icon portrait'>\n\t\t\t\t<a href='https:\/\/vezere.org\/index.php\/exposition-arbres-lumieres-rivieres-musiques-de-jerome-hutin\/exposition-arbres-lumieres-rivieres-musiques-2025-dans-la-ville-ancienne-et-parc-laplanche-a-terrasson-lavilledieu-vallee-de-la-vezere\/a-ecouter-les-musiques-des-arbres\/la-musique-du-chataignier-jeune-du-viarnais-prats-du-perigord-dordogne\/img_20251014_191536\/'><img loading=\"lazy\" decoding=\"async\" width=\"461\" height=\"1024\" src=\"https:\/\/vezere.org\/wp-content\/uploads\/2025\/10\/IMG_20251014_191536-461x1024.jpg\" class=\"attachment-large size-large\" alt=\"\" aria-describedby=\"gallery-1-14887\" srcset=\"https:\/\/vezere.org\/wp-content\/uploads\/2025\/10\/IMG_20251014_191536-461x1024.jpg 461w, https:\/\/vezere.org\/wp-content\/uploads\/2025\/10\/IMG_20251014_191536-135x300.jpg 135w, https:\/\/vezere.org\/wp-content\/uploads\/2025\/10\/IMG_20251014_191536-768x1707.jpg 768w, https:\/\/vezere.org\/wp-content\/uploads\/2025\/10\/IMG_20251014_191536-691x1536.jpg 691w, https:\/\/vezere.org\/wp-content\/uploads\/2025\/10\/IMG_20251014_191536-922x2048.jpg 922w, https:\/\/vezere.org\/wp-content\/uploads\/2025\/10\/IMG_20251014_191536-1140x2533.jpg 1140w, https:\/\/vezere.org\/wp-content\/uploads\/2025\/10\/IMG_20251014_191536-scaled.jpg 1152w\" sizes=\"auto, (max-width: 461px) 100vw, 461px\" \/><\/a>\n\t\t\t<\/div>\n\t\t\t\t<figcaption class='wp-caption-text gallery-caption' id='gallery-1-14887'>\n\t\t\t\tsuivez votre chemin, vous arriverez toujours \u00e0 votre destin\u00e9e\n\t\t\t\t<\/figcaption><\/figure><figure class='gallery-item'>\n\t\t\t<div class='gallery-icon portrait'>\n\t\t\t\t<a href='https:\/\/vezere.org\/index.php\/exposition-arbres-lumieres-rivieres-musiques-de-jerome-hutin\/exposition-arbres-lumieres-rivieres-musiques-2025-dans-la-ville-ancienne-et-parc-laplanche-a-terrasson-lavilledieu-vallee-de-la-vezere\/a-ecouter-les-musiques-des-arbres\/la-musique-du-chataignier-jeune-du-viarnais-prats-du-perigord-dordogne\/img_20251015_110428\/'><img loading=\"lazy\" decoding=\"async\" width=\"461\" height=\"1024\" src=\"https:\/\/vezere.org\/wp-content\/uploads\/2025\/10\/IMG_20251015_110428-461x1024.jpg\" class=\"attachment-large size-large\" alt=\"\" aria-describedby=\"gallery-1-14889\" srcset=\"https:\/\/vezere.org\/wp-content\/uploads\/2025\/10\/IMG_20251015_110428-461x1024.jpg 461w, https:\/\/vezere.org\/wp-content\/uploads\/2025\/10\/IMG_20251015_110428-135x300.jpg 135w, https:\/\/vezere.org\/wp-content\/uploads\/2025\/10\/IMG_20251015_110428-768x1707.jpg 768w, https:\/\/vezere.org\/wp-content\/uploads\/2025\/10\/IMG_20251015_110428-691x1536.jpg 691w, https:\/\/vezere.org\/wp-content\/uploads\/2025\/10\/IMG_20251015_110428-922x2048.jpg 922w, https:\/\/vezere.org\/wp-content\/uploads\/2025\/10\/IMG_20251015_110428-1140x2533.jpg 1140w, https:\/\/vezere.org\/wp-content\/uploads\/2025\/10\/IMG_20251015_110428-scaled.jpg 1152w\" sizes=\"auto, (max-width: 461px) 100vw, 461px\" \/><\/a>\n\t\t\t<\/div>\n\t\t\t\t<figcaption class='wp-caption-text gallery-caption' id='gallery-1-14889'>\n\t\t\t\tgrande photo des arbres du P\u00e9rigord dont le ch\u00e2taignier\n\t\t\t\t<\/figcaption><\/figure>\n\t\t<\/div>\n\n<\/div><\/div>\n\n\n\n<figure class=\"wp-block-image size-large\"><img loading=\"lazy\" decoding=\"async\" width=\"1024\" height=\"768\" src=\"https:\/\/vezere.org\/wp-content\/uploads\/2025\/10\/P_20201011_163301-1024x768.jpg\" alt=\"\" class=\"wp-image-14892\" srcset=\"https:\/\/vezere.org\/wp-content\/uploads\/2025\/10\/P_20201011_163301-1024x768.jpg 1024w, https:\/\/vezere.org\/wp-content\/uploads\/2025\/10\/P_20201011_163301-300x225.jpg 300w, https:\/\/vezere.org\/wp-content\/uploads\/2025\/10\/P_20201011_163301-768x576.jpg 768w, https:\/\/vezere.org\/wp-content\/uploads\/2025\/10\/P_20201011_163301-1536x1152.jpg 1536w, https:\/\/vezere.org\/wp-content\/uploads\/2025\/10\/P_20201011_163301-2048x1536.jpg 2048w, https:\/\/vezere.org\/wp-content\/uploads\/2025\/10\/P_20201011_163301-1140x855.jpg 1140w\" sizes=\"auto, (max-width: 1024px) 100vw, 1024px\" \/><\/figure>\n\n\n\n<p>Photo du ch\u00e2taignier du Viarnais, imprim\u00e9e sur coton par Up&rsquo;Textile en 2021 et install\u00e9e chez FAME \u00e0 Perpezac-le-noir, Corr\u00e8ze (derri\u00e8re l&rsquo;\u00e9glise).<\/p>\n","protected":false},"excerpt":{"rendered":"<p>Un des arbres les plus embl\u00e9matiques du P\u00e9rigord est l&rsquo;imposant ch\u00e2taignier du Viarnais \u00e0 Prat du P\u00e9rigord, entour\u00e9 des autres v\u00e9t\u00e9rans de sa for\u00eat. Il y a quelques ann\u00e9es dans les ann\u00e9es 1996 je l&rsquo;avais d\u00e9j\u00e0 photographi\u00e9, il avait \u00e9t\u00e9 nomm\u00e9 \u00ab\u00a0Fraternit\u00e9\u00a0\u00bb du temps de l&rsquo;association Mathusalem Dordogne (dissoute en 2012), lorsque plus de 900 arbres avaient \u00e9t\u00e9 recens\u00e9s et 16 prim\u00e9s. Ce ch\u00e2taignier fait environ 8 m de tour, malgr\u00e9 qu&rsquo;il y a deux ans , un de ces troncs s&rsquo;est fracass\u00e9 au sol apr\u00e8s un orage. C&rsquo;est aussi un lieu de rencontre pour les promeneurs, et il y a deux st\u00e8les nomm\u00e9es EJ &#8230;. J&rsquo;avais r\u00e9alis\u00e9e deux grandes toiles photo imprim\u00e9es sur coton chez Up&rsquo;Textile \u00e0 G\u00e9rardmer, dans les Vosges. L&rsquo;une d&rsquo;elle fait partie de ma grande exposition des arbres du P\u00e9rigord encore visible sur les remparts de Terrasson-Lavilledieu, dans la ville ancienne, jusqu&rsquo;\u00e0 fin octobre, et peut-\u00eatre plus longtemps&#8230; et une autre fut command\u00e9 par le centre FAME \u00e0 Perpezac-le-Noir en Corr\u00e8ze, install\u00e9e \u00e0 l&rsquo;int\u00e9rieur. Pour cette ann\u00e9e 2025, j&rsquo;ai d\u00e9cid\u00e9 de retourner voir ce v\u00e9n\u00e9rable ch\u00e2taignier et d&rsquo;enregistrer dans la nuit sa superbe m\u00e9lodie, que vous pouvez \u00e9couter ci-dessous. Alors posez-vous, et appr\u00e9cier ce moment musical. En fait, ne pouvant atteindre les feuilles trop hautes, j&rsquo;ai connect\u00e9 mon boitier Bamboo M \u00e0 un jeune ch\u00e2taignier non lui de l&rsquo;Ancien&#8230; surement connect\u00e9s entre eux ! Belle \u00e9coute, apr\u00e8s les photos. Photo du ch\u00e2taignier du Viarnais, imprim\u00e9e sur coton par Up&rsquo;Textile en 2021 et install\u00e9e chez FAME \u00e0 Perpezac-le-noir, Corr\u00e8ze (derri\u00e8re l&rsquo;\u00e9glise).<\/p>\n","protected":false},"author":1,"featured_media":14888,"parent":14692,"menu_order":0,"comment_status":"closed","ping_status":"closed","template":"","meta":{"footnotes":""},"class_list":["post-14881","page","type-page","status-publish","has-post-thumbnail","hentry"],"_links":{"self":[{"href":"https:\/\/vezere.org\/index.php\/wp-json\/wp\/v2\/pages\/14881","targetHints":{"allow":["GET"]}}],"collection":[{"href":"https:\/\/vezere.org\/index.php\/wp-json\/wp\/v2\/pages"}],"about":[{"href":"https:\/\/vezere.org\/index.php\/wp-json\/wp\/v2\/types\/page"}],"author":[{"embeddable":true,"href":"https:\/\/vezere.org\/index.php\/wp-json\/wp\/v2\/users\/1"}],"replies":[{"embeddable":true,"href":"https:\/\/vezere.org\/index.php\/wp-json\/wp\/v2\/comments?post=14881"}],"version-history":[{"count":4,"href":"https:\/\/vezere.org\/index.php\/wp-json\/wp\/v2\/pages\/14881\/revisions"}],"predecessor-version":[{"id":14903,"href":"https:\/\/vezere.org\/index.php\/wp-json\/wp\/v2\/pages\/14881\/revisions\/14903"}],"up":[{"embeddable":true,"href":"https:\/\/vezere.org\/index.php\/wp-json\/wp\/v2\/pages\/14692"}],"wp:featuredmedia":[{"embeddable":true,"href":"https:\/\/vezere.org\/index.php\/wp-json\/wp\/v2\/media\/14888"}],"wp:attachment":[{"href":"https:\/\/vezere.org\/index.php\/wp-json\/wp\/v2\/media?parent=14881"}],"curies":[{"name":"wp","href":"https:\/\/api.w.org\/{rel}","templated":true}]}}