{"id":14851,"date":"2025-10-07T19:09:35","date_gmt":"2025-10-07T17:09:35","guid":{"rendered":"https:\/\/vezere.org\/?page_id=14851"},"modified":"2025-10-07T22:29:25","modified_gmt":"2025-10-07T20:29:25","slug":"le-sequoia-geant-dit-une-des-merveilles-du-village-de-limeyrat-dordogne","status":"publish","type":"page","link":"https:\/\/vezere.org\/index.php\/exposition-arbres-lumieres-rivieres-musiques-de-jerome-hutin\/exposition-arbres-lumieres-rivieres-musiques-2025-dans-la-ville-ancienne-et-parc-laplanche-a-terrasson-lavilledieu-vallee-de-la-vezere\/a-ecouter-les-musiques-des-arbres\/le-sequoia-geant-dit-une-des-merveilles-du-village-de-limeyrat-dordogne\/","title":{"rendered":"Le Sequoia g\u00e9ant dit \u00ab\u00a0une des merveilles\u00a0\u00bb du village de Limeyrat, Dordogne"},"content":{"rendered":"<p><strong>Dans les arbres embl\u00e9matiques cher aux habitants du petit village de Limeyra<\/strong>t, que Dominique Bousquet dit que c&rsquo;est une des deux merveilles de son village, Je souhaitais le mettre en musique ! c&rsquo;est chose faite !<\/p>\n<p>Dans les couloirs de la Communaut\u00e9 de Commune \u00e0 Terrasson se trouve une de mes oeuvres photographiques de ce S\u00e9quoia g\u00e9ant sous les \u00e9toiles. Je vais y apposer un Qrcode de sa musique, ce qui en fera une oeuvre d&rsquo;art exceptionnelle !<\/p>\n<p>Je vous laisse le temps d&rsquo;\u00e9couter, poser vous ! relaxez vous !<\/p>\n<p>C&rsquo;est pas mal pour les RSE :<\/p>\n<p><span class=\"BxUVEf ILfuVd\" lang=\"fr\"><span class=\"hgKElc\">La Responsabilit\u00e9 Soci\u00e9tale des Entreprises (RSE) est d\u00e9finie par la commission europ\u00e9enne comme \u00ab <span style=\"color: #ff0000;\"><b>l&rsquo;int\u00e9gration volontaire, par les entreprises, de pr\u00e9occupations sociales et environnementales \u00e0 leurs activit\u00e9s commerciales et leurs relations avec les parties prenantes<\/b> \u00bb<\/span>.<\/span><\/span><\/p>\n<div id='gallery-1' class='gallery galleryid-14851 gallery-columns-3 gallery-size-large'><figure class='gallery-item'>\n\t\t\t<div class='gallery-icon portrait'>\n\t\t\t\t<a href='https:\/\/vezere.org\/index.php\/exposition-arbres-lumieres-rivieres-musiques-de-jerome-hutin\/exposition-arbres-lumieres-rivieres-musiques-2025-dans-la-ville-ancienne-et-parc-laplanche-a-terrasson-lavilledieu-vallee-de-la-vezere\/a-ecouter-les-musiques-des-arbres\/le-sequoia-geant-dit-une-des-merveilles-du-village-de-limeyrat-dordogne\/img_20251005_183539\/'><img loading=\"lazy\" decoding=\"async\" width=\"461\" height=\"1024\" src=\"https:\/\/vezere.org\/wp-content\/uploads\/2025\/10\/IMG_20251005_183539-461x1024.jpg\" class=\"attachment-large size-large\" alt=\"\" srcset=\"https:\/\/vezere.org\/wp-content\/uploads\/2025\/10\/IMG_20251005_183539-461x1024.jpg 461w, https:\/\/vezere.org\/wp-content\/uploads\/2025\/10\/IMG_20251005_183539-135x300.jpg 135w, https:\/\/vezere.org\/wp-content\/uploads\/2025\/10\/IMG_20251005_183539-768x1704.jpg 768w, https:\/\/vezere.org\/wp-content\/uploads\/2025\/10\/IMG_20251005_183539-692x1536.jpg 692w, https:\/\/vezere.org\/wp-content\/uploads\/2025\/10\/IMG_20251005_183539-923x2048.jpg 923w, https:\/\/vezere.org\/wp-content\/uploads\/2025\/10\/IMG_20251005_183539-1140x2530.jpg 1140w, https:\/\/vezere.org\/wp-content\/uploads\/2025\/10\/IMG_20251005_183539-scaled.jpg 1154w\" sizes=\"auto, (max-width: 461px) 100vw, 461px\" \/><\/a>\n\t\t\t<\/div><\/figure><figure class='gallery-item'>\n\t\t\t<div class='gallery-icon portrait'>\n\t\t\t\t<a href='https:\/\/vezere.org\/index.php\/exposition-arbres-lumieres-rivieres-musiques-de-jerome-hutin\/exposition-arbres-lumieres-rivieres-musiques-2025-dans-la-ville-ancienne-et-parc-laplanche-a-terrasson-lavilledieu-vallee-de-la-vezere\/a-ecouter-les-musiques-des-arbres\/le-sequoia-geant-dit-une-des-merveilles-du-village-de-limeyrat-dordogne\/img_20251005_183816\/'><img loading=\"lazy\" decoding=\"async\" width=\"461\" height=\"1024\" src=\"https:\/\/vezere.org\/wp-content\/uploads\/2025\/10\/IMG_20251005_183816-461x1024.jpg\" class=\"attachment-large size-large\" alt=\"\" srcset=\"https:\/\/vezere.org\/wp-content\/uploads\/2025\/10\/IMG_20251005_183816-461x1024.jpg 461w, https:\/\/vezere.org\/wp-content\/uploads\/2025\/10\/IMG_20251005_183816-135x300.jpg 135w, https:\/\/vezere.org\/wp-content\/uploads\/2025\/10\/IMG_20251005_183816-768x1707.jpg 768w, https:\/\/vezere.org\/wp-content\/uploads\/2025\/10\/IMG_20251005_183816-691x1536.jpg 691w, https:\/\/vezere.org\/wp-content\/uploads\/2025\/10\/IMG_20251005_183816-922x2048.jpg 922w, https:\/\/vezere.org\/wp-content\/uploads\/2025\/10\/IMG_20251005_183816-1140x2533.jpg 1140w, https:\/\/vezere.org\/wp-content\/uploads\/2025\/10\/IMG_20251005_183816-scaled.jpg 1152w\" sizes=\"auto, (max-width: 461px) 100vw, 461px\" \/><\/a>\n\t\t\t<\/div><\/figure>\n\t\t<\/div>\n\n<p><img loading=\"lazy\" decoding=\"async\" class=\"aligncenter size-large wp-image-14854\" src=\"http:\/\/vezere.org\/wp-content\/uploads\/2025\/10\/IMG_20251005_184602-1024x461.jpg\" alt=\"\" width=\"960\" height=\"432\" srcset=\"https:\/\/vezere.org\/wp-content\/uploads\/2025\/10\/IMG_20251005_184602-1024x461.jpg 1024w, https:\/\/vezere.org\/wp-content\/uploads\/2025\/10\/IMG_20251005_184602-300x135.jpg 300w, https:\/\/vezere.org\/wp-content\/uploads\/2025\/10\/IMG_20251005_184602-768x346.jpg 768w, https:\/\/vezere.org\/wp-content\/uploads\/2025\/10\/IMG_20251005_184602-1536x692.jpg 1536w, https:\/\/vezere.org\/wp-content\/uploads\/2025\/10\/IMG_20251005_184602-2048x923.jpg 2048w, https:\/\/vezere.org\/wp-content\/uploads\/2025\/10\/IMG_20251005_184602-1140x514.jpg 1140w\" sizes=\"auto, (max-width: 960px) 100vw, 960px\" \/><\/p>\n<!--[if lt IE 9]><script>document.createElement('audio');<\/script><![endif]-->\n<audio class=\"wp-audio-shortcode\" id=\"audio-14851-1\" preload=\"none\" style=\"width: 100%;\" controls=\"controls\"><source type=\"audio\/mpeg\" src=\"https:\/\/vezere.org\/wp-content\/uploads\/2025\/10\/Sequoia-geant-Limeyrat-05octobre2025-ZOOM0070_01.mp3?_=1\" \/><a href=\"https:\/\/vezere.org\/wp-content\/uploads\/2025\/10\/Sequoia-geant-Limeyrat-05octobre2025-ZOOM0070_01.mp3\">https:\/\/vezere.org\/wp-content\/uploads\/2025\/10\/Sequoia-geant-Limeyrat-05octobre2025-ZOOM0070_01.mp3<\/a><\/audio>\n<p>Vous aimez mes photographies d&rsquo;art des arbres, ainsi que cette musique des arbres, qui vous fait r\u00eaver, vous relaxe, alors vous avez le pouvoir de me soutenir dans un passage d\u00e9licat, participer \u00e0 ma premi\u00e8re cagnotte solidaire, lisez ci desssous ou <strong><span style=\"color: #ff0000;\">cliquez le lien<\/span><\/strong> , par avance merci !\u00a0<\/p>\n\n\n<a href=\"https:\/\/fr.tipeee.com\/memoire-des-arbressoutenir-lart-de-jerome-hutin\" class=\"tipeee-project-cart-iframe\" data-orientation=\"line\" data-rewards=\"1\">Soutenez M\u00e9moire des arbres\u2014Soutenir l\u2019art de J\u00e9r\u00f4me Hutin sur Tipeee<\/a>\n<script async src=\"https:\/\/plugin.tipeee.com\/widget.js\" charset=\"utf-8\"><\/script>\n","protected":false},"excerpt":{"rendered":"<p>Dans les arbres embl\u00e9matiques cher aux habitants du petit village de Limeyrat, que Dominique Bousquet dit que c&rsquo;est une des deux merveilles de son village, Je souhaitais le mettre en musique ! c&rsquo;est chose faite ! Dans les couloirs de la Communaut\u00e9 de Commune \u00e0 Terrasson se trouve une de mes oeuvres photographiques de ce S\u00e9quoia g\u00e9ant sous les \u00e9toiles. Je vais y apposer un Qrcode de sa musique, ce qui en fera une oeuvre d&rsquo;art exceptionnelle ! Je vous laisse le temps d&rsquo;\u00e9couter, poser vous ! relaxez vous ! C&rsquo;est pas mal pour les RSE : La Responsabilit\u00e9 Soci\u00e9tale des Entreprises (RSE) est d\u00e9finie par la commission europ\u00e9enne comme \u00ab l&rsquo;int\u00e9gration volontaire, par les entreprises, de pr\u00e9occupations sociales et environnementales \u00e0 leurs activit\u00e9s commerciales et leurs relations avec les parties prenantes \u00bb. Vous aimez mes photographies d&rsquo;art des arbres, ainsi que cette musique des arbres, qui vous fait r\u00eaver, vous relaxe, alors vous avez le pouvoir de me soutenir dans un passage d\u00e9licat, participer \u00e0 ma premi\u00e8re cagnotte solidaire, lisez ci desssous ou cliquez le lien , par avance merci !\u00a0 Soutenez M\u00e9moire des arbres\u2014Soutenir l\u2019art de J\u00e9r\u00f4me Hutin sur Tipeee<\/p>\n","protected":false},"author":1,"featured_media":0,"parent":14692,"menu_order":0,"comment_status":"closed","ping_status":"closed","template":"","meta":{"footnotes":""},"class_list":["post-14851","page","type-page","status-publish","hentry"],"_links":{"self":[{"href":"https:\/\/vezere.org\/index.php\/wp-json\/wp\/v2\/pages\/14851","targetHints":{"allow":["GET"]}}],"collection":[{"href":"https:\/\/vezere.org\/index.php\/wp-json\/wp\/v2\/pages"}],"about":[{"href":"https:\/\/vezere.org\/index.php\/wp-json\/wp\/v2\/types\/page"}],"author":[{"embeddable":true,"href":"https:\/\/vezere.org\/index.php\/wp-json\/wp\/v2\/users\/1"}],"replies":[{"embeddable":true,"href":"https:\/\/vezere.org\/index.php\/wp-json\/wp\/v2\/comments?post=14851"}],"version-history":[{"count":7,"href":"https:\/\/vezere.org\/index.php\/wp-json\/wp\/v2\/pages\/14851\/revisions"}],"predecessor-version":[{"id":14866,"href":"https:\/\/vezere.org\/index.php\/wp-json\/wp\/v2\/pages\/14851\/revisions\/14866"}],"up":[{"embeddable":true,"href":"https:\/\/vezere.org\/index.php\/wp-json\/wp\/v2\/pages\/14692"}],"wp:attachment":[{"href":"https:\/\/vezere.org\/index.php\/wp-json\/wp\/v2\/media?parent=14851"}],"curies":[{"name":"wp","href":"https:\/\/api.w.org\/{rel}","templated":true}]}}