{"id":14835,"date":"2025-10-07T18:52:29","date_gmt":"2025-10-07T16:52:29","guid":{"rendered":"https:\/\/vezere.org\/?page_id=14835"},"modified":"2025-10-14T11:26:35","modified_gmt":"2025-10-14T09:26:35","slug":"la-musique-des-arbres-dans-la-vallee-de-la-dordogne","status":"publish","type":"page","link":"https:\/\/vezere.org\/index.php\/exposition-arbres-lumieres-rivieres-musiques-de-jerome-hutin\/exposition-arbres-lumieres-rivieres-musiques-2025-dans-la-ville-ancienne-et-parc-laplanche-a-terrasson-lavilledieu-vallee-de-la-vezere\/a-ecouter-les-musiques-des-arbres\/la-musique-des-arbres-dans-la-vallee-de-la-dordogne\/","title":{"rendered":"La musique des arbres dans la Vall\u00e9e de la Dordogne"},"content":{"rendered":"\n<a href=\"https:\/\/fr.tipeee.com\/memoire-des-arbressoutenir-lart-de-jerome-hutin\" class=\"tipeee-project-cart-iframe\" data-orientation=\"line\" data-rewards=\"1\">Soutenez M\u00e9moire des arbres\u2014Soutenir l\u2019art de J\u00e9r\u00f4me Hutin sur Tipeee<\/a>\n<script async src=\"https:\/\/plugin.tipeee.com\/widget.js\" charset=\"utf-8\"><\/script>\n\n\n<h1 style=\"text-align: center;\"><span style=\"color: #ff0000;\">La musique des arbres <\/span><\/h1>\n<h1 style=\"text-align: center;\"><span style=\"color: #ff0000;\">dans la Vall\u00e9e de la Dordogne<\/span><\/h1>\n<p>Dans quelques lieux symboliques et historiques de la<strong> Vall\u00e9e de la Dordogn<\/strong>e, poussent depuis des si\u00e8cles des arbres majestueux.<\/p>\n<p>J&rsquo;en ai photographis certains, mais jamais je n&rsquo;avais enregistr\u00e9 leurs musiques, leurs vibrations micro \u00e9lectriques transcod\u00e9es en notes de musiques.<\/p>\n<p><span style=\"color: #ff0000;\"><strong>Voici dont les premi\u00e8res musiques des arbres de la Vall\u00e9e de la Dordogne<\/strong><\/span> , class\u00e9e au <strong>Patrimoine de l&rsquo;UNESCO<\/strong><\/p>\n<p>Si vous \u00eates propri\u00e9taires de sites arbor\u00e9s, touristiques et vous souhaitez les mettre en musique, vous pouvez me contacter. Je peux aussi vous cr\u00e9er des jolis coffrets de<span style=\"color: #ff0000;\"> <a style=\"color: #ff0000;\" href=\"https:\/\/arborethic.com\/arbor\/fr\/home\/50-coffret-de-cartes-de-correspondances-connectees-a-la-musique-des-arbres.html\" target=\"_blank\" rel=\"noopener\">cartes connect\u00e9es comme le premier tome que je met en vente , cliquez le lien !<\/a><\/span><\/p>\n<p><em>1\/La<\/em> <strong>Roque-Gageac<\/strong> :<\/p>\n<p>Le <strong><em>Podocarpus<\/em> <\/strong>, derri\u00e8re l&rsquo;\u00e9glise, arbre des bouddhistes, hommage \u00e0 G\u00e9rard Dorin qui avait cr\u00e9\u00e9 le jardin exotique des falaises de La Roque-Gageac<\/p>\n<p><img loading=\"lazy\" decoding=\"async\" class=\"aligncenter size-large wp-image-14836\" src=\"http:\/\/vezere.org\/wp-content\/uploads\/2025\/10\/IMG_20250926_195430-461x1024.jpg\" alt=\"\" width=\"461\" height=\"1024\" srcset=\"https:\/\/vezere.org\/wp-content\/uploads\/2025\/10\/IMG_20250926_195430-461x1024.jpg 461w, https:\/\/vezere.org\/wp-content\/uploads\/2025\/10\/IMG_20250926_195430-135x300.jpg 135w, https:\/\/vezere.org\/wp-content\/uploads\/2025\/10\/IMG_20250926_195430-768x1707.jpg 768w, https:\/\/vezere.org\/wp-content\/uploads\/2025\/10\/IMG_20250926_195430-691x1536.jpg 691w, https:\/\/vezere.org\/wp-content\/uploads\/2025\/10\/IMG_20250926_195430-922x2048.jpg 922w, https:\/\/vezere.org\/wp-content\/uploads\/2025\/10\/IMG_20250926_195430-1140x2533.jpg 1140w, https:\/\/vezere.org\/wp-content\/uploads\/2025\/10\/IMG_20250926_195430-scaled.jpg 1152w\" sizes=\"auto, (max-width: 461px) 100vw, 461px\" \/><\/p>\n<!--[if lt IE 9]><script>document.createElement('audio');<\/script><![endif]-->\n<audio class=\"wp-audio-shortcode\" id=\"audio-14835-1\" preload=\"none\" style=\"width: 100%;\" controls=\"controls\"><source type=\"audio\/mpeg\" src=\"https:\/\/vezere.org\/wp-content\/uploads\/2025\/09\/Podocarpus-la-roque-gageac-26septembre2025-ZOOM0058_01.mp3?_=1\" \/><a href=\"https:\/\/vezere.org\/wp-content\/uploads\/2025\/09\/Podocarpus-la-roque-gageac-26septembre2025-ZOOM0058_01.mp3\">https:\/\/vezere.org\/wp-content\/uploads\/2025\/09\/Podocarpus-la-roque-gageac-26septembre2025-ZOOM0058_01.mp3<\/a><\/audio>\n<p><strong>2\/ le platane \u00ab\u00a0Le Touron\u00a0\u00bb \u00e0 C\u00e9nac-Saint-Julien :<\/strong><\/p>\n<p>ce grand platane est un arbre de la libert\u00e9, un de ceux qui avait \u00e9t\u00e9 recens\u00e9 par l&rsquo;association Mathusalem Dordogne (dissoute en 2012)<\/p>\n<p><img loading=\"lazy\" decoding=\"async\" class=\"aligncenter size-large wp-image-14838\" src=\"http:\/\/vezere.org\/wp-content\/uploads\/2025\/10\/IMG_20250928_185914-461x1024.jpg\" alt=\"\" width=\"461\" height=\"1024\" srcset=\"https:\/\/vezere.org\/wp-content\/uploads\/2025\/10\/IMG_20250928_185914-461x1024.jpg 461w, https:\/\/vezere.org\/wp-content\/uploads\/2025\/10\/IMG_20250928_185914-135x300.jpg 135w, https:\/\/vezere.org\/wp-content\/uploads\/2025\/10\/IMG_20250928_185914-768x1706.jpg 768w, https:\/\/vezere.org\/wp-content\/uploads\/2025\/10\/IMG_20250928_185914-691x1536.jpg 691w, https:\/\/vezere.org\/wp-content\/uploads\/2025\/10\/IMG_20250928_185914-922x2048.jpg 922w, https:\/\/vezere.org\/wp-content\/uploads\/2025\/10\/IMG_20250928_185914-1140x2533.jpg 1140w, https:\/\/vezere.org\/wp-content\/uploads\/2025\/10\/IMG_20250928_185914-scaled.jpg 1152w\" sizes=\"auto, (max-width: 461px) 100vw, 461px\" \/><\/p>\n<audio class=\"wp-audio-shortcode\" id=\"audio-14835-2\" preload=\"none\" style=\"width: 100%;\" controls=\"controls\"><source type=\"audio\/mpeg\" src=\"https:\/\/vezere.org\/wp-content\/uploads\/2025\/09\/Platane-Cenac-Dordogne-28septembre2025-ZOOM0067.mp3?_=2\" \/><a href=\"https:\/\/vezere.org\/wp-content\/uploads\/2025\/09\/Platane-Cenac-Dordogne-28septembre2025-ZOOM0067.mp3\">https:\/\/vezere.org\/wp-content\/uploads\/2025\/09\/Platane-Cenac-Dordogne-28septembre2025-ZOOM0067.mp3<\/a><\/audio>\n<p><strong>3\/ Le marronnier devant la biblioth\u00e8que municipale de C\u00e9nac-Saint-Julien<\/strong>, dont Maude la responsable a eu un regard lumineux et merveilleux en \u00e9coutant pour la premi\u00e8re fois la musique de cet arbre pourtant si silencieux&#8230;elle ne savait pas que cela existait !<\/p>\n<div id='gallery-1' class='gallery galleryid-14835 gallery-columns-2 gallery-size-large'><figure class='gallery-item'>\n\t\t\t<div class='gallery-icon portrait'>\n\t\t\t\t<a href='https:\/\/vezere.org\/index.php\/exposition-arbres-lumieres-rivieres-musiques-de-jerome-hutin\/exposition-arbres-lumieres-rivieres-musiques-2025-dans-la-ville-ancienne-et-parc-laplanche-a-terrasson-lavilledieu-vallee-de-la-vezere\/a-ecouter-les-musiques-des-arbres\/la-musique-des-arbres-dans-la-vallee-de-la-dordogne\/img_20251002_175156\/'><img loading=\"lazy\" decoding=\"async\" width=\"461\" height=\"1024\" src=\"https:\/\/vezere.org\/wp-content\/uploads\/2025\/10\/IMG_20251002_175156-461x1024.jpg\" class=\"attachment-large size-large\" alt=\"\" srcset=\"https:\/\/vezere.org\/wp-content\/uploads\/2025\/10\/IMG_20251002_175156-461x1024.jpg 461w, https:\/\/vezere.org\/wp-content\/uploads\/2025\/10\/IMG_20251002_175156-135x300.jpg 135w, https:\/\/vezere.org\/wp-content\/uploads\/2025\/10\/IMG_20251002_175156-768x1707.jpg 768w, https:\/\/vezere.org\/wp-content\/uploads\/2025\/10\/IMG_20251002_175156-691x1536.jpg 691w, https:\/\/vezere.org\/wp-content\/uploads\/2025\/10\/IMG_20251002_175156-922x2048.jpg 922w, https:\/\/vezere.org\/wp-content\/uploads\/2025\/10\/IMG_20251002_175156-1140x2533.jpg 1140w, https:\/\/vezere.org\/wp-content\/uploads\/2025\/10\/IMG_20251002_175156-scaled.jpg 1152w\" sizes=\"auto, (max-width: 461px) 100vw, 461px\" \/><\/a>\n\t\t\t<\/div><\/figure><figure class='gallery-item'>\n\t\t\t<div class='gallery-icon portrait'>\n\t\t\t\t<a href='https:\/\/vezere.org\/index.php\/exposition-arbres-lumieres-rivieres-musiques-de-jerome-hutin\/exposition-arbres-lumieres-rivieres-musiques-2025-dans-la-ville-ancienne-et-parc-laplanche-a-terrasson-lavilledieu-vallee-de-la-vezere\/a-ecouter-les-musiques-des-arbres\/la-musique-des-arbres-dans-la-vallee-de-la-dordogne\/img_20251002_180331\/'><img loading=\"lazy\" decoding=\"async\" width=\"461\" height=\"1024\" src=\"https:\/\/vezere.org\/wp-content\/uploads\/2025\/10\/IMG_20251002_180331-461x1024.jpg\" class=\"attachment-large size-large\" alt=\"\" srcset=\"https:\/\/vezere.org\/wp-content\/uploads\/2025\/10\/IMG_20251002_180331-461x1024.jpg 461w, https:\/\/vezere.org\/wp-content\/uploads\/2025\/10\/IMG_20251002_180331-135x300.jpg 135w, https:\/\/vezere.org\/wp-content\/uploads\/2025\/10\/IMG_20251002_180331-768x1707.jpg 768w, https:\/\/vezere.org\/wp-content\/uploads\/2025\/10\/IMG_20251002_180331-691x1536.jpg 691w, https:\/\/vezere.org\/wp-content\/uploads\/2025\/10\/IMG_20251002_180331-922x2048.jpg 922w, https:\/\/vezere.org\/wp-content\/uploads\/2025\/10\/IMG_20251002_180331-1140x2533.jpg 1140w, https:\/\/vezere.org\/wp-content\/uploads\/2025\/10\/IMG_20251002_180331-scaled.jpg 1152w\" sizes=\"auto, (max-width: 461px) 100vw, 461px\" \/><\/a>\n\t\t\t<\/div><\/figure>\n\t\t<\/div>\n\n<audio class=\"wp-audio-shortcode\" id=\"audio-14835-3\" preload=\"none\" style=\"width: 100%;\" controls=\"controls\"><source type=\"audio\/mpeg\" src=\"https:\/\/vezere.org\/wp-content\/uploads\/2025\/10\/Marronnier-cenac-dordogne-2octobre2025-ZOOM0068_01.mp3?_=3\" \/><a href=\"https:\/\/vezere.org\/wp-content\/uploads\/2025\/10\/Marronnier-cenac-dordogne-2octobre2025-ZOOM0068_01.mp3\">https:\/\/vezere.org\/wp-content\/uploads\/2025\/10\/Marronnier-cenac-dordogne-2octobre2025-ZOOM0068_01.mp3<\/a><\/audio>\n<p><strong>4\/Le tilleul centenaire des jardins de Marqueyssac, un haut lieu de l&rsquo;art topiaire :<\/strong><\/p>\n<p>C&rsquo;est gr\u00e2ce \u00e0 moi si ce tilleul est encore l\u00e0, je me souviens d&rsquo;une balade avec <strong>Kl\u00e9ber Rossillon<\/strong> dans les ann\u00e9es 1990, lors il avait en g\u00e9rance ce jardin, et qu&rsquo;il n&rsquo;\u00e9tait pas encore ouvert au public. Il m&rsquo;avait dit qu&rsquo;il voulait faire abattre ce tilleul&#8230;. je luis avais r\u00e9pondu, qu&rsquo;il communiquait avec son ami tilleul dans la cour du ch\u00e2teau de Castelnaud-La-Chapelle, en face de l&rsquo;autre c\u00f4t\u00e9 de la Dordogne ! Apparemment Kl\u00e9ber m&rsquo;a \u00e9cout\u00e9. Depuis ces ann\u00e9es-l\u00e0, ce tilleul est toujours l\u00e0.<\/p>\n<p>Alors je souhaite lui rendre hommage en musique ! Aujourd&rsquo;hui mon voeu est que sa musique soit entendue partout dans cette Vall\u00e9e de la Dordogne !!<\/p>\n<p><img loading=\"lazy\" decoding=\"async\" class=\"aligncenter size-large wp-image-14839\" src=\"http:\/\/vezere.org\/wp-content\/uploads\/2025\/10\/IMG_20250928_125739-1024x461.jpg\" alt=\"\" width=\"960\" height=\"432\" srcset=\"https:\/\/vezere.org\/wp-content\/uploads\/2025\/10\/IMG_20250928_125739-1024x461.jpg 1024w, https:\/\/vezere.org\/wp-content\/uploads\/2025\/10\/IMG_20250928_125739-300x135.jpg 300w, https:\/\/vezere.org\/wp-content\/uploads\/2025\/10\/IMG_20250928_125739-768x346.jpg 768w, https:\/\/vezere.org\/wp-content\/uploads\/2025\/10\/IMG_20250928_125739-1140x513.jpg 1140w, https:\/\/vezere.org\/wp-content\/uploads\/2025\/10\/IMG_20250928_125739.jpg 1500w\" sizes=\"auto, (max-width: 960px) 100vw, 960px\" \/><\/p>\n<audio class=\"wp-audio-shortcode\" id=\"audio-14835-4\" preload=\"none\" style=\"width: 100%;\" controls=\"controls\"><source type=\"audio\/mpeg\" src=\"https:\/\/vezere.org\/wp-content\/uploads\/2025\/09\/Tilleul-Jardins-Marqueyssac--28septembre2025ZOOM0064_01.mp3?_=4\" \/><a href=\"https:\/\/vezere.org\/wp-content\/uploads\/2025\/09\/Tilleul-Jardins-Marqueyssac--28septembre2025ZOOM0064_01.mp3\">https:\/\/vezere.org\/wp-content\/uploads\/2025\/09\/Tilleul-Jardins-Marqueyssac--28septembre2025ZOOM0064_01.mp3<\/a><\/audio>\n<p><strong>5\/Un autre arbre des jardins de Marquey<\/strong><strong>ssac, est un ch\u00eane vert sur les falaises,<\/strong> le long de la longue balade. Celui-ci aussi je viens d&rsquo;enregistrer sa musique&#8230; anecdote, une petite fille \u00ab\u00a0Claire\u00a0\u00bb accompagn\u00e9e de ses soeurs et parents&#8230;et toutes habill\u00e9es en rose comme la vie&#8230; Je lui ai propos\u00e9 d&rsquo;\u00e9couter sa propre musique int\u00e9rieure, que voici .\u00a0 En l&rsquo;entendant elle a \u00e9t\u00e9 \u00e9merveill\u00e9e, et elle avait dit c&rsquo;est magique, j&rsquo;ai r\u00e9pondu, c&rsquo;est scientifique !<\/p>\n<div id='gallery-2' class='gallery galleryid-14835 gallery-columns-2 gallery-size-large'><figure class='gallery-item'>\n\t\t\t<div class='gallery-icon portrait'>\n\t\t\t\t<a href='https:\/\/vezere.org\/index.php\/exposition-arbres-lumieres-rivieres-musiques-de-jerome-hutin\/exposition-arbres-lumieres-rivieres-musiques-2025-dans-la-ville-ancienne-et-parc-laplanche-a-terrasson-lavilledieu-vallee-de-la-vezere\/a-ecouter-les-musiques-des-arbres\/la-musique-des-arbres-dans-la-vallee-de-la-dordogne\/img_20250928_131649\/'><img loading=\"lazy\" decoding=\"async\" width=\"461\" height=\"1024\" src=\"https:\/\/vezere.org\/wp-content\/uploads\/2025\/10\/IMG_20250928_131649-461x1024.jpg\" class=\"attachment-large size-large\" alt=\"\" srcset=\"https:\/\/vezere.org\/wp-content\/uploads\/2025\/10\/IMG_20250928_131649-461x1024.jpg 461w, https:\/\/vezere.org\/wp-content\/uploads\/2025\/10\/IMG_20250928_131649-135x300.jpg 135w, https:\/\/vezere.org\/wp-content\/uploads\/2025\/10\/IMG_20250928_131649-768x1706.jpg 768w, https:\/\/vezere.org\/wp-content\/uploads\/2025\/10\/IMG_20250928_131649-691x1536.jpg 691w, https:\/\/vezere.org\/wp-content\/uploads\/2025\/10\/IMG_20250928_131649-922x2048.jpg 922w, https:\/\/vezere.org\/wp-content\/uploads\/2025\/10\/IMG_20250928_131649-1140x2533.jpg 1140w, https:\/\/vezere.org\/wp-content\/uploads\/2025\/10\/IMG_20250928_131649-scaled.jpg 1152w\" sizes=\"auto, (max-width: 461px) 100vw, 461px\" \/><\/a>\n\t\t\t<\/div><\/figure><figure class='gallery-item'>\n\t\t\t<div class='gallery-icon portrait'>\n\t\t\t\t<a href='https:\/\/vezere.org\/index.php\/exposition-arbres-lumieres-rivieres-musiques-de-jerome-hutin\/exposition-arbres-lumieres-rivieres-musiques-2025-dans-la-ville-ancienne-et-parc-laplanche-a-terrasson-lavilledieu-vallee-de-la-vezere\/a-ecouter-les-musiques-des-arbres\/la-musique-des-arbres-dans-la-vallee-de-la-dordogne\/img_20250928_125136\/'><img loading=\"lazy\" decoding=\"async\" width=\"461\" height=\"1024\" src=\"https:\/\/vezere.org\/wp-content\/uploads\/2025\/10\/IMG_20250928_125136-461x1024.jpg\" class=\"attachment-large size-large\" alt=\"\" srcset=\"https:\/\/vezere.org\/wp-content\/uploads\/2025\/10\/IMG_20250928_125136-461x1024.jpg 461w, https:\/\/vezere.org\/wp-content\/uploads\/2025\/10\/IMG_20250928_125136-135x300.jpg 135w, https:\/\/vezere.org\/wp-content\/uploads\/2025\/10\/IMG_20250928_125136-768x1706.jpg 768w, https:\/\/vezere.org\/wp-content\/uploads\/2025\/10\/IMG_20250928_125136-691x1536.jpg 691w, https:\/\/vezere.org\/wp-content\/uploads\/2025\/10\/IMG_20250928_125136-922x2048.jpg 922w, https:\/\/vezere.org\/wp-content\/uploads\/2025\/10\/IMG_20250928_125136-1140x2533.jpg 1140w, https:\/\/vezere.org\/wp-content\/uploads\/2025\/10\/IMG_20250928_125136-scaled.jpg 1152w\" sizes=\"auto, (max-width: 461px) 100vw, 461px\" \/><\/a>\n\t\t\t<\/div><\/figure>\n\t\t<\/div>\n\n<audio class=\"wp-audio-shortcode\" id=\"audio-14835-5\" preload=\"none\" style=\"width: 100%;\" controls=\"controls\"><source type=\"audio\/mpeg\" src=\"https:\/\/vezere.org\/wp-content\/uploads\/2025\/09\/Chene-vert-Jardins-Marqueyssac-28septembre2025-ZOOM0061_01.mp3?_=5\" \/><a href=\"https:\/\/vezere.org\/wp-content\/uploads\/2025\/09\/Chene-vert-Jardins-Marqueyssac-28septembre2025-ZOOM0061_01.mp3\">https:\/\/vezere.org\/wp-content\/uploads\/2025\/09\/Chene-vert-Jardins-Marqueyssac-28septembre2025-ZOOM0061_01.mp3<\/a><\/audio>\n<audio class=\"wp-audio-shortcode\" id=\"audio-14835-6\" preload=\"none\" style=\"width: 100%;\" controls=\"controls\"><source type=\"audio\/mpeg\" src=\"https:\/\/vezere.org\/wp-content\/uploads\/2025\/09\/chene-vert-jardins-Marqueyssac-28septembre2025-ZOOM0063_01.mp3?_=6\" \/><a href=\"https:\/\/vezere.org\/wp-content\/uploads\/2025\/09\/chene-vert-jardins-Marqueyssac-28septembre2025-ZOOM0063_01.mp3\">https:\/\/vezere.org\/wp-content\/uploads\/2025\/09\/chene-vert-jardins-Marqueyssac-28septembre2025-ZOOM0063_01.mp3<\/a><\/audio>\n<p><strong>Musique de la petite fille Claire :<\/strong><\/p>\n<audio class=\"wp-audio-shortcode\" id=\"audio-14835-7\" preload=\"none\" style=\"width: 100%;\" controls=\"controls\"><source type=\"audio\/mpeg\" src=\"https:\/\/vezere.org\/wp-content\/uploads\/2025\/09\/Musique-petite-fille-Claire-Marqueyssac-28septembre2025-ZOOM0062_01.mp3?_=7\" \/><a href=\"https:\/\/vezere.org\/wp-content\/uploads\/2025\/09\/Musique-petite-fille-Claire-Marqueyssac-28septembre2025-ZOOM0062_01.mp3\">https:\/\/vezere.org\/wp-content\/uploads\/2025\/09\/Musique-petite-fille-Claire-Marqueyssac-28septembre2025-ZOOM0062_01.mp3<\/a><\/audio>\n\n\n<a href=\"https:\/\/fr.tipeee.com\/memoire-des-arbressoutenir-lart-de-jerome-hutin\" class=\"tipeee-project-cart-iframe\" data-orientation=\"line\" data-rewards=\"1\">Soutenez M\u00e9moire des arbres\u2014Soutenir l\u2019art de J\u00e9r\u00f4me Hutin sur Tipeee<\/a>\n<script async src=\"https:\/\/plugin.tipeee.com\/widget.js\" charset=\"utf-8\"><\/script>\n\n\n\n<div class=\"wp-block-media-text is-stacked-on-mobile\" style=\"grid-template-columns:56% auto\"><figure class=\"wp-block-media-text__media\"><img loading=\"lazy\" decoding=\"async\" width=\"1024\" height=\"461\" src=\"https:\/\/vezere.org\/wp-content\/uploads\/2025\/10\/IMG_20251012_190910-1024x461.jpg\" alt=\"\" class=\"wp-image-14870 size-full\" srcset=\"https:\/\/vezere.org\/wp-content\/uploads\/2025\/10\/IMG_20251012_190910-1024x461.jpg 1024w, https:\/\/vezere.org\/wp-content\/uploads\/2025\/10\/IMG_20251012_190910-300x135.jpg 300w, https:\/\/vezere.org\/wp-content\/uploads\/2025\/10\/IMG_20251012_190910-768x346.jpg 768w, https:\/\/vezere.org\/wp-content\/uploads\/2025\/10\/IMG_20251012_190910-1536x692.jpg 1536w, https:\/\/vezere.org\/wp-content\/uploads\/2025\/10\/IMG_20251012_190910-2048x923.jpg 2048w, https:\/\/vezere.org\/wp-content\/uploads\/2025\/10\/IMG_20251012_190910-1140x514.jpg 1140w\" sizes=\"auto, (max-width: 1024px) 100vw, 1024px\" \/><\/figure><div class=\"wp-block-media-text__content\">\n<p>Le 12 octobre 2025, j&rsquo;ai souhait\u00e9 revenir voir le superbe platane de Campsegret (domaine priv\u00e9e) et rencontrer les propri\u00e9taires de ce lieu magique et arbor\u00e9. Pierre et Sylvie et les voisins dont de jeunes enfants , ont \u00e9t\u00e9 enchant\u00e9s d&rsquo;entendre la musique de ce platane. J&rsquo;ai propos\u00e9 \u00e0 Pierre d&rsquo;entendre sa musique int\u00e9rieure&#8230; il a accept\u00e9. <\/p>\n\n\n\n<p>J&rsquo;ai propos\u00e9 aux enfants, \u00e0 la maman et \u00e0 Sylvie mais pour cette premi\u00e8re fois, cela n&rsquo;a pas fonctionn\u00e9, ni m\u00eame pour moi. <\/p>\n\n\n\n<p>Mais voici trois enregistrements magiques ! Belle \u00e9coute, pas mal lors de s\u00e9ances de yoga, ou jazzy avec le mixage de la \u00ab\u00a0musique de Pierre et du platane \u00a0\u00bb !<\/p>\n<\/div><\/div>\n\n\n\n<p><strong>Musique du platane de Campsegret<\/strong> :<\/p>\n\n\n\n<figure class=\"wp-block-audio\"><audio controls src=\"https:\/\/vezere.org\/wp-content\/uploads\/2025\/10\/platane-campsegret-12octobre2025-ZOOM0077_01.mp3\"><\/audio><\/figure>\n\n\n\n<p><strong>Musique \u00ab\u00a0int\u00e9rieure de Pierr<\/strong>e :<\/p>\n\n\n\n<figure class=\"wp-block-audio\"><audio controls src=\"https:\/\/vezere.org\/wp-content\/uploads\/2025\/10\/Pierre-platane-Campsegret-12octobre2025-ZOOM0076_01.mp3\"><\/audio><\/figure>\n\n\n\n<p><strong>Musique mix\u00e9e de Pierre et du platane<\/strong> , c&rsquo;est assez jazzy  je trouve et une belle harmonie ! Mais je ne suis pas musicien. Et pourquoi pas un concert avec la musique des arbres, et des musiciens dessous la canop\u00e9e de ce magnifique arbre ?<\/p>\n\n\n\n<figure class=\"wp-block-audio\"><audio controls src=\"https:\/\/vezere.org\/wp-content\/uploads\/2025\/10\/mixage-pierre-et-platane-campsegret-12octobre2025-ZOOM0077_01.mp3\"><\/audio><\/figure>\n\n\n\n<figure class=\"wp-block-image size-large is-resized\"><img loading=\"lazy\" decoding=\"async\" width=\"461\" height=\"1024\" src=\"https:\/\/vezere.org\/wp-content\/uploads\/2025\/10\/IMG_20251012_190743-461x1024.jpg\" alt=\"\" class=\"wp-image-14871\" style=\"width:441px;height:auto\" srcset=\"https:\/\/vezere.org\/wp-content\/uploads\/2025\/10\/IMG_20251012_190743-461x1024.jpg 461w, https:\/\/vezere.org\/wp-content\/uploads\/2025\/10\/IMG_20251012_190743-135x300.jpg 135w, https:\/\/vezere.org\/wp-content\/uploads\/2025\/10\/IMG_20251012_190743-768x1707.jpg 768w, https:\/\/vezere.org\/wp-content\/uploads\/2025\/10\/IMG_20251012_190743-691x1536.jpg 691w, https:\/\/vezere.org\/wp-content\/uploads\/2025\/10\/IMG_20251012_190743-922x2048.jpg 922w, https:\/\/vezere.org\/wp-content\/uploads\/2025\/10\/IMG_20251012_190743-1140x2533.jpg 1140w, https:\/\/vezere.org\/wp-content\/uploads\/2025\/10\/IMG_20251012_190743-scaled.jpg 1152w\" sizes=\"auto, (max-width: 461px) 100vw, 461px\" \/><\/figure>\n","protected":false},"excerpt":{"rendered":"<p>Soutenez M\u00e9moire des arbres\u2014Soutenir l\u2019art de J\u00e9r\u00f4me Hutin sur Tipeee La musique des arbres dans la Vall\u00e9e de la Dordogne Dans quelques lieux symboliques et historiques de la Vall\u00e9e de la Dordogne, poussent depuis des si\u00e8cles des arbres majestueux. J&rsquo;en ai photographis certains, mais jamais je n&rsquo;avais enregistr\u00e9 leurs musiques, leurs vibrations micro \u00e9lectriques transcod\u00e9es en notes de musiques. Voici dont les premi\u00e8res musiques des arbres de la Vall\u00e9e de la Dordogne , class\u00e9e au Patrimoine de l&rsquo;UNESCO Si vous \u00eates propri\u00e9taires de sites arbor\u00e9s, touristiques et vous souhaitez les mettre en musique, vous pouvez me contacter. Je peux aussi vous cr\u00e9er des jolis coffrets de cartes connect\u00e9es comme le premier tome que je met en vente , cliquez le lien ! 1\/La Roque-Gageac : Le Podocarpus , derri\u00e8re l&rsquo;\u00e9glise, arbre des bouddhistes, hommage \u00e0 G\u00e9rard Dorin qui avait cr\u00e9\u00e9 le jardin exotique des falaises de La Roque-Gageac 2\/ le platane \u00ab\u00a0Le Touron\u00a0\u00bb \u00e0 C\u00e9nac-Saint-Julien : ce grand platane est un arbre de la libert\u00e9, un de ceux qui avait \u00e9t\u00e9 recens\u00e9 par l&rsquo;association Mathusalem Dordogne (dissoute en 2012) 3\/ Le marronnier devant la biblioth\u00e8que municipale de C\u00e9nac-Saint-Julien, dont Maude la responsable a eu un regard lumineux et merveilleux en \u00e9coutant pour la premi\u00e8re fois la musique de cet arbre pourtant si silencieux&#8230;elle ne savait pas que cela existait ! 4\/Le tilleul centenaire des jardins de Marqueyssac, un haut lieu de l&rsquo;art topiaire : C&rsquo;est gr\u00e2ce \u00e0 moi si ce tilleul est encore l\u00e0, je me souviens d&rsquo;une balade avec Kl\u00e9ber Rossillon dans les ann\u00e9es 1990, lors il avait en g\u00e9rance ce jardin, et qu&rsquo;il n&rsquo;\u00e9tait pas encore ouvert au public. Il m&rsquo;avait dit qu&rsquo;il voulait faire abattre ce tilleul&#8230;. je luis avais r\u00e9pondu, qu&rsquo;il communiquait avec son ami tilleul dans la cour du ch\u00e2teau de Castelnaud-La-Chapelle, en face de l&rsquo;autre c\u00f4t\u00e9 de la Dordogne ! Apparemment Kl\u00e9ber m&rsquo;a \u00e9cout\u00e9. Depuis ces ann\u00e9es-l\u00e0, ce tilleul est toujours l\u00e0. Alors je souhaite lui rendre hommage en musique ! Aujourd&rsquo;hui mon voeu est que sa musique soit entendue partout dans cette Vall\u00e9e de la Dordogne !! 5\/Un autre arbre des jardins de Marqueyssac, est un ch\u00eane vert sur les falaises, le long de la longue balade. Celui-ci aussi je viens d&rsquo;enregistrer sa musique&#8230; anecdote, une petite fille \u00ab\u00a0Claire\u00a0\u00bb accompagn\u00e9e de ses soeurs et parents&#8230;et toutes habill\u00e9es en rose comme la vie&#8230; Je lui ai propos\u00e9 d&rsquo;\u00e9couter sa propre musique int\u00e9rieure, que voici .\u00a0 En l&rsquo;entendant elle a \u00e9t\u00e9 \u00e9merveill\u00e9e, et elle avait dit c&rsquo;est magique, j&rsquo;ai r\u00e9pondu, c&rsquo;est scientifique ! Musique de la petite fille Claire : Soutenez M\u00e9moire des arbres\u2014Soutenir l\u2019art de J\u00e9r\u00f4me Hutin sur Tipeee Le 12 octobre 2025, j&rsquo;ai souhait\u00e9 revenir voir le superbe platane de Campsegret (domaine priv\u00e9e) et rencontrer les propri\u00e9taires de ce lieu magique et arbor\u00e9. Pierre et Sylvie et les voisins dont de jeunes enfants , ont \u00e9t\u00e9 enchant\u00e9s d&rsquo;entendre la musique de ce platane. J&rsquo;ai propos\u00e9 \u00e0 Pierre d&rsquo;entendre sa musique int\u00e9rieure&#8230; il a accept\u00e9. J&rsquo;ai propos\u00e9 aux enfants, \u00e0 la maman et \u00e0 Sylvie mais pour cette premi\u00e8re fois, cela n&rsquo;a pas fonctionn\u00e9, ni m\u00eame pour moi. Mais voici trois enregistrements magiques ! Belle \u00e9coute, pas mal lors de s\u00e9ances de yoga, ou jazzy avec le mixage de la \u00ab\u00a0musique de Pierre et du platane \u00a0\u00bb ! Musique du platane de Campsegret : Musique \u00ab\u00a0int\u00e9rieure de Pierre : Musique mix\u00e9e de Pierre et du platane , c&rsquo;est assez jazzy je trouve et une belle harmonie ! Mais je ne suis pas musicien. Et pourquoi pas un concert avec la musique des arbres, et des musiciens dessous la canop\u00e9e de ce magnifique arbre ?<\/p>\n","protected":false},"author":1,"featured_media":0,"parent":14692,"menu_order":0,"comment_status":"closed","ping_status":"closed","template":"","meta":{"footnotes":""},"class_list":["post-14835","page","type-page","status-publish","hentry"],"_links":{"self":[{"href":"https:\/\/vezere.org\/index.php\/wp-json\/wp\/v2\/pages\/14835","targetHints":{"allow":["GET"]}}],"collection":[{"href":"https:\/\/vezere.org\/index.php\/wp-json\/wp\/v2\/pages"}],"about":[{"href":"https:\/\/vezere.org\/index.php\/wp-json\/wp\/v2\/types\/page"}],"author":[{"embeddable":true,"href":"https:\/\/vezere.org\/index.php\/wp-json\/wp\/v2\/users\/1"}],"replies":[{"embeddable":true,"href":"https:\/\/vezere.org\/index.php\/wp-json\/wp\/v2\/comments?post=14835"}],"version-history":[{"count":5,"href":"https:\/\/vezere.org\/index.php\/wp-json\/wp\/v2\/pages\/14835\/revisions"}],"predecessor-version":[{"id":14872,"href":"https:\/\/vezere.org\/index.php\/wp-json\/wp\/v2\/pages\/14835\/revisions\/14872"}],"up":[{"embeddable":true,"href":"https:\/\/vezere.org\/index.php\/wp-json\/wp\/v2\/pages\/14692"}],"wp:attachment":[{"href":"https:\/\/vezere.org\/index.php\/wp-json\/wp\/v2\/media?parent=14835"}],"curies":[{"name":"wp","href":"https:\/\/api.w.org\/{rel}","templated":true}]}}