{"id":14737,"date":"2025-09-16T11:17:04","date_gmt":"2025-09-16T09:17:04","guid":{"rendered":"https:\/\/vezere.org\/?page_id=14737"},"modified":"2026-03-13T15:58:15","modified_gmt":"2026-03-13T14:58:15","slug":"musique-du-saule-meursault-premiere-source-de-vie-de-la-vezere-tourbiere-de-longeyroux-plateau-de-millevaches-correze","status":"publish","type":"page","link":"https:\/\/vezere.org\/index.php\/exposition-arbres-lumieres-rivieres-musiques-de-jerome-hutin\/exposition-arbres-lumieres-rivieres-musiques-2025-dans-la-ville-ancienne-et-parc-laplanche-a-terrasson-lavilledieu-vallee-de-la-vezere\/musique-du-saule-meursault-premiere-source-de-vie-de-la-vezere-tourbiere-de-longeyroux-plateau-de-millevaches-correze\/","title":{"rendered":"Musique du saule meursault &#8211; premi\u00e8re source de vie de la V\u00e9z\u00e8re &#8211; Tourbi\u00e8re de Longeyroux -Plateau de Millevaches &#8211; Corr\u00e8ze"},"content":{"rendered":"<p data-start=\"173\" data-end=\"212\">\ud83c\udf3f\ud83d\udca7 <strong data-start=\"178\" data-end=\"205\">V\u00e9z\u00e8re, sources de vies<\/strong> \ud83d\udca7\ud83c\udf3f<\/p>\n<p data-start=\"214\" data-end=\"398\"><strong>le 14 septembre 2025<\/strong>, j\u2019\u00e9tais l\u00e0, au c\u0153ur d\u2019un \u00e9crin de mousse et de foug\u00e8res, l\u00e0 o\u00f9 les troncs couch\u00e9s gardent encore le souffle du vent, l\u00e0 o\u00f9 l\u2019eau invisible, fraiche, limpide nourrit chaque racine en silence.<\/p>\n<p data-start=\"214\" data-end=\"398\">L\u00e0 o\u00f9 na\u00eet la <strong>V\u00e9z\u00e8re, dans la Tourbi\u00e8re de Longeyroux, au plateau de Millevaches.<\/strong><\/p>\n<p data-start=\"400\" data-end=\"586\">Dans ce sanctuaire de verdure, les arbres chuchotent, leurs branches fines tendues comme des antennes vers le ciel, leurs troncs recouverts de mousses \u00e9clatantes, m\u00e9moire du temps.<\/p>\n<p data-start=\"588\" data-end=\"720\">\ud83c\udfb6 Ici, la rivi\u00e8re commence \u00e0 chanter, \u00e0 cr\u00e9er son lit, son chemin de vies pour aller jusqu&rsquo;\u00e0 Limeuil, o\u00f9 elle va rencontrer la Dordogne.<\/p>\n<p data-start=\"588\" data-end=\"720\">Et chaque feuille, chaque fibre, chaque vibration murmure d\u00e9j\u00e0 la musique des arbres de la <strong>V\u00e9z\u00e8re<\/strong>.<\/p>\n<p data-start=\"588\" data-end=\"720\"><strong>Pendant 48 minutes,<\/strong> j&rsquo;ai enregistr\u00e9 les micro variations \u00e9lectriques d&rsquo;un des saules meursault plongeant ses racines dans la V\u00e9z\u00e8re.<\/p>\n<p data-start=\"588\" data-end=\"720\">Prenez votre temps d&rsquo;\u00e9couter cette superbe m\u00e9lodie&#8230;avec des notes cristallines&#8230; m\u00e9moires de toutes vies.<\/p>\n<figure id=\"attachment_14740\" aria-describedby=\"caption-attachment-14740\" style=\"width: 960px\" class=\"wp-caption aligncenter\"><img loading=\"lazy\" decoding=\"async\" class=\"wp-image-14740 size-large\" title=\"Dessous ce bois de r\u00e9sineux na\u00eet la V\u00e9z\u00e8re !\" src=\"http:\/\/vezere.org\/wp-content\/uploads\/2025\/09\/IMG_20250914_152409-1024x461.jpg\" alt=\"\" width=\"960\" height=\"432\" srcset=\"https:\/\/vezere.org\/wp-content\/uploads\/2025\/09\/IMG_20250914_152409-1024x461.jpg 1024w, https:\/\/vezere.org\/wp-content\/uploads\/2025\/09\/IMG_20250914_152409-300x135.jpg 300w, https:\/\/vezere.org\/wp-content\/uploads\/2025\/09\/IMG_20250914_152409-768x346.jpg 768w, https:\/\/vezere.org\/wp-content\/uploads\/2025\/09\/IMG_20250914_152409-1536x691.jpg 1536w, https:\/\/vezere.org\/wp-content\/uploads\/2025\/09\/IMG_20250914_152409-2048x922.jpg 2048w, https:\/\/vezere.org\/wp-content\/uploads\/2025\/09\/IMG_20250914_152409-1140x513.jpg 1140w\" sizes=\"auto, (max-width: 960px) 100vw, 960px\" \/><figcaption id=\"caption-attachment-14740\" class=\"wp-caption-text\"><strong>Dessous ce bois de r\u00e9sineux na\u00eet la V\u00e9z\u00e8re !<\/strong><\/figcaption><\/figure>\n<figure id=\"attachment_14741\" aria-describedby=\"caption-attachment-14741\" style=\"width: 960px\" class=\"wp-caption aligncenter\"><img loading=\"lazy\" decoding=\"async\" class=\"wp-image-14741 size-large\" src=\"http:\/\/vezere.org\/wp-content\/uploads\/2025\/09\/IMG_20250914_152724-1024x461.jpg\" alt=\"\" width=\"960\" height=\"432\" srcset=\"https:\/\/vezere.org\/wp-content\/uploads\/2025\/09\/IMG_20250914_152724-1024x461.jpg 1024w, https:\/\/vezere.org\/wp-content\/uploads\/2025\/09\/IMG_20250914_152724-300x135.jpg 300w, https:\/\/vezere.org\/wp-content\/uploads\/2025\/09\/IMG_20250914_152724-768x346.jpg 768w, https:\/\/vezere.org\/wp-content\/uploads\/2025\/09\/IMG_20250914_152724-1536x691.jpg 1536w, https:\/\/vezere.org\/wp-content\/uploads\/2025\/09\/IMG_20250914_152724-2048x922.jpg 2048w, https:\/\/vezere.org\/wp-content\/uploads\/2025\/09\/IMG_20250914_152724-1140x513.jpg 1140w\" sizes=\"auto, (max-width: 960px) 100vw, 960px\" \/><figcaption id=\"caption-attachment-14741\" class=\"wp-caption-text\"><strong>L\u00e0 commence \u00e0 surgir les premi\u00e8res sources de vies de la V\u00e9z\u00e8re<\/strong><\/figcaption><\/figure>\n<figure id=\"attachment_14742\" aria-describedby=\"caption-attachment-14742\" style=\"width: 960px\" class=\"wp-caption alignnone\"><img loading=\"lazy\" decoding=\"async\" class=\"wp-image-14742 size-large\" src=\"http:\/\/vezere.org\/wp-content\/uploads\/2025\/09\/IMG_20250914_152729-1024x461.jpg\" alt=\"\" width=\"960\" height=\"432\" srcset=\"https:\/\/vezere.org\/wp-content\/uploads\/2025\/09\/IMG_20250914_152729-1024x461.jpg 1024w, https:\/\/vezere.org\/wp-content\/uploads\/2025\/09\/IMG_20250914_152729-300x135.jpg 300w, https:\/\/vezere.org\/wp-content\/uploads\/2025\/09\/IMG_20250914_152729-768x346.jpg 768w, https:\/\/vezere.org\/wp-content\/uploads\/2025\/09\/IMG_20250914_152729-1536x691.jpg 1536w, https:\/\/vezere.org\/wp-content\/uploads\/2025\/09\/IMG_20250914_152729-2048x922.jpg 2048w, https:\/\/vezere.org\/wp-content\/uploads\/2025\/09\/IMG_20250914_152729-1140x513.jpg 1140w\" sizes=\"auto, (max-width: 960px) 100vw, 960px\" \/><figcaption id=\"caption-attachment-14742\" class=\"wp-caption-text\"><strong>Un enchev\u00eatrement d&rsquo;arbres couch\u00e9s, vivants, de mousses, de foug\u00e8res sont un peu les gardiens de cette premi\u00e8re source de la V\u00e9z\u00e8re<\/strong><\/figcaption><\/figure>\n<p>\u00a0<\/p>\n<p>\u00a0<\/p>\n<p>\u00a0<\/p>\n<p>\u00a0<\/p>\n<figure id=\"attachment_14743\" aria-describedby=\"caption-attachment-14743\" style=\"width: 960px\" class=\"wp-caption aligncenter\"><img loading=\"lazy\" decoding=\"async\" class=\"wp-image-14743 size-large\" src=\"http:\/\/vezere.org\/wp-content\/uploads\/2025\/09\/IMG_20250914_155004-1024x461.jpg\" alt=\"\" width=\"960\" height=\"432\" srcset=\"https:\/\/vezere.org\/wp-content\/uploads\/2025\/09\/IMG_20250914_155004-1024x461.jpg 1024w, https:\/\/vezere.org\/wp-content\/uploads\/2025\/09\/IMG_20250914_155004-300x135.jpg 300w, https:\/\/vezere.org\/wp-content\/uploads\/2025\/09\/IMG_20250914_155004-768x346.jpg 768w, https:\/\/vezere.org\/wp-content\/uploads\/2025\/09\/IMG_20250914_155004-1536x691.jpg 1536w, https:\/\/vezere.org\/wp-content\/uploads\/2025\/09\/IMG_20250914_155004-2048x922.jpg 2048w, https:\/\/vezere.org\/wp-content\/uploads\/2025\/09\/IMG_20250914_155004-1140x513.jpg 1140w\" sizes=\"auto, (max-width: 960px) 100vw, 960px\" \/><figcaption id=\"caption-attachment-14743\" class=\"wp-caption-text\"><strong>C&rsquo;est sous ce saule meursault, que j&rsquo;ai d\u00e9cid\u00e9 d&rsquo;enregistrer sa musique ! transcoder ses micro variations \u00e9lectriques en musique. Prenez le temps d&rsquo;\u00e9couter, vous poser, m\u00e9diter. <span style=\"color: #ff0000;\">ECOUTEZ en cliquant dessous !<\/span><\/strong><\/figcaption><\/figure>\n<!--[if lt IE 9]><script>document.createElement('audio');<\/script><![endif]-->\n<audio class=\"wp-audio-shortcode\" id=\"audio-14737-1\" preload=\"none\" style=\"width: 100%;\" controls=\"controls\"><source type=\"audio\/mpeg\" src=\"https:\/\/vezere.org\/wp-content\/uploads\/2025\/09\/saule-meursault-source-vezere-14septembre2025-ZOOM0052_01.mp3?_=1\" \/><a href=\"https:\/\/vezere.org\/wp-content\/uploads\/2025\/09\/saule-meursault-source-vezere-14septembre2025-ZOOM0052_01.mp3\">https:\/\/vezere.org\/wp-content\/uploads\/2025\/09\/saule-meursault-source-vezere-14septembre2025-ZOOM0052_01.mp3<\/a><\/audio>\n\n\n<p class=\"has-vivid-red-color has-text-color has-link-color wp-elements-23dce5714e796495ff6ca10805ba6a1b\"><strong>Le 12 mars 2026<\/strong>, avec un ami nous sommes all\u00e9s \u00e0 la source de la V\u00e9z\u00e8re et j&rsquo;ai enregistr\u00e9 pendant quelques minutes la \u00ab\u00a0musique du saule Meursault\u00a0\u00bb qui plonge ses racines dans l&rsquo;eau de la source de la V\u00e9z\u00e8re. Tout un symbole !<\/p>\n\n\n\n<p class=\"has-vivid-red-color has-text-color has-link-color wp-elements-ea53a87d56600fecba3c131a76ad87a2\">Mais juste avant , nous avons eu la visite d&rsquo;un \u00ab\u00a0gestionnaire forestier\u00a0\u00bb qui ne s&rsquo;est m\u00eame pas nomm\u00e9, nous disant d&rsquo;une part que nous \u00e9tions en \u00ab\u00a0propri\u00e9t\u00e9 priv\u00e9e\u00a0\u00bb et que nous n&rsquo;avions pas \u00e0 rester l\u00e0 sans avis du propri\u00e9taire , de plus il nous apprend qu&rsquo;il va y avoir un plan de coupe prochainement .<\/p>\n\n\n\n<p>A savoir que c&rsquo;est une zone Natura 2000 en ce qui concerne la tourbi\u00e8re de Longeyroux, que l\u00e0 o\u00f9 est la premi\u00e8re source de la V\u00e9z\u00e8re (tout un symbole) c&rsquo;est aussi une zone humide. Donc la Loi RAMSAR a son utilit\u00e9 de pr\u00e9servation&#8230;.<\/p>\n\n\n\n<p>Je n&rsquo;ai aucune finance&#8230;.mais comment arriver \u00e0 racheter les deux <strong>parcelles 35 et 36 <\/strong>au propri\u00e9taire et faire en sorte qu&rsquo;il n&rsquo;y ait pas d&rsquo;abattage mais sanctuariser ce lieu ?<\/p>\n\n\n\n<p>Ce n&rsquo;est pas le Conservatoire du Limousin qui fera le n\u00e9cessaire&#8230; car c&rsquo;est une propri\u00e9t\u00e9 priv\u00e9e&#8230;.<\/p>\n\n\n\n<p>Voici quelques photos et la musique du saule .<\/p>\n\n\n\n<figure class=\"wp-block-image size-large\"><img loading=\"lazy\" decoding=\"async\" width=\"1024\" height=\"682\" src=\"https:\/\/vezere.org\/wp-content\/uploads\/2026\/03\/HUT9328-source-Vezere-plateau-Millevache-parcelle35web-1024x682.jpg\" alt=\"\" class=\"wp-image-15185\" srcset=\"https:\/\/vezere.org\/wp-content\/uploads\/2026\/03\/HUT9328-source-Vezere-plateau-Millevache-parcelle35web-1024x682.jpg 1024w, https:\/\/vezere.org\/wp-content\/uploads\/2026\/03\/HUT9328-source-Vezere-plateau-Millevache-parcelle35web-300x200.jpg 300w, https:\/\/vezere.org\/wp-content\/uploads\/2026\/03\/HUT9328-source-Vezere-plateau-Millevache-parcelle35web-768x512.jpg 768w, https:\/\/vezere.org\/wp-content\/uploads\/2026\/03\/HUT9328-source-Vezere-plateau-Millevache-parcelle35web-272x182.jpg 272w, https:\/\/vezere.org\/wp-content\/uploads\/2026\/03\/HUT9328-source-Vezere-plateau-Millevache-parcelle35web.jpg 1136w\" sizes=\"auto, (max-width: 1024px) 100vw, 1024px\" \/><\/figure>\n\n\n\n<p><\/p>\n\n\n\n<figure class=\"wp-block-image size-large\"><img loading=\"lazy\" decoding=\"async\" width=\"1024\" height=\"682\" src=\"https:\/\/vezere.org\/wp-content\/uploads\/2026\/03\/HUT9345-saule-Meursault-source-Vezere-plateau-Millevache-parcelle35-1024x682.jpg\" alt=\"\" class=\"wp-image-15186\" srcset=\"https:\/\/vezere.org\/wp-content\/uploads\/2026\/03\/HUT9345-saule-Meursault-source-Vezere-plateau-Millevache-parcelle35-1024x682.jpg 1024w, https:\/\/vezere.org\/wp-content\/uploads\/2026\/03\/HUT9345-saule-Meursault-source-Vezere-plateau-Millevache-parcelle35-300x200.jpg 300w, https:\/\/vezere.org\/wp-content\/uploads\/2026\/03\/HUT9345-saule-Meursault-source-Vezere-plateau-Millevache-parcelle35-768x512.jpg 768w, https:\/\/vezere.org\/wp-content\/uploads\/2026\/03\/HUT9345-saule-Meursault-source-Vezere-plateau-Millevache-parcelle35-272x182.jpg 272w, https:\/\/vezere.org\/wp-content\/uploads\/2026\/03\/HUT9345-saule-Meursault-source-Vezere-plateau-Millevache-parcelle35.jpg 1136w\" sizes=\"auto, (max-width: 1024px) 100vw, 1024px\" \/><\/figure>\n\n\n\n<p><\/p>\n\n\n\n<figure class=\"wp-block-image size-large\"><img loading=\"lazy\" decoding=\"async\" width=\"1024\" height=\"682\" src=\"https:\/\/vezere.org\/wp-content\/uploads\/2026\/03\/HUT9357foret-parcelle-35-source-Vezere-Meymac-1024x682.jpg\" alt=\"\" class=\"wp-image-15187\" srcset=\"https:\/\/vezere.org\/wp-content\/uploads\/2026\/03\/HUT9357foret-parcelle-35-source-Vezere-Meymac-1024x682.jpg 1024w, https:\/\/vezere.org\/wp-content\/uploads\/2026\/03\/HUT9357foret-parcelle-35-source-Vezere-Meymac-300x200.jpg 300w, https:\/\/vezere.org\/wp-content\/uploads\/2026\/03\/HUT9357foret-parcelle-35-source-Vezere-Meymac-768x512.jpg 768w, https:\/\/vezere.org\/wp-content\/uploads\/2026\/03\/HUT9357foret-parcelle-35-source-Vezere-Meymac-272x182.jpg 272w, https:\/\/vezere.org\/wp-content\/uploads\/2026\/03\/HUT9357foret-parcelle-35-source-Vezere-Meymac.jpg 1136w\" sizes=\"auto, (max-width: 1024px) 100vw, 1024px\" \/><\/figure>\n\n\n\n<p class=\"has-text-align-center has-vivid-red-color has-text-color has-link-color has-medium-font-size wp-elements-cad70a3f28002609b42db52309253f4c\"><strong>ECOUTEZ en cliquant dessous !<\/strong><\/p>\n\n\n\n<figure class=\"wp-block-audio\"><audio controls src=\"https:\/\/vezere.org\/musiquesdesarbres\/saule-meursault-source-Vezere-12mars2026-ZOOM0119_01.mp3\"><\/audio><\/figure>\n\n\n\n<p><\/p>\n\n\n\n<figure class=\"wp-block-image size-large\"><img loading=\"lazy\" decoding=\"async\" width=\"459\" height=\"1024\" src=\"https:\/\/vezere.org\/wp-content\/uploads\/2026\/03\/Screenshot_20260313_114141_ubicarta_ignrando_MainActivity-459x1024.jpg\" alt=\"\" class=\"wp-image-15189\" srcset=\"https:\/\/vezere.org\/wp-content\/uploads\/2026\/03\/Screenshot_20260313_114141_ubicarta_ignrando_MainActivity-459x1024.jpg 459w, https:\/\/vezere.org\/wp-content\/uploads\/2026\/03\/Screenshot_20260313_114141_ubicarta_ignrando_MainActivity-134x300.jpg 134w, https:\/\/vezere.org\/wp-content\/uploads\/2026\/03\/Screenshot_20260313_114141_ubicarta_ignrando_MainActivity-768x1715.jpg 768w, https:\/\/vezere.org\/wp-content\/uploads\/2026\/03\/Screenshot_20260313_114141_ubicarta_ignrando_MainActivity-688x1536.jpg 688w, https:\/\/vezere.org\/wp-content\/uploads\/2026\/03\/Screenshot_20260313_114141_ubicarta_ignrando_MainActivity-917x2048.jpg 917w, https:\/\/vezere.org\/wp-content\/uploads\/2026\/03\/Screenshot_20260313_114141_ubicarta_ignrando_MainActivity.jpg 1080w\" sizes=\"auto, (max-width: 459px) 100vw, 459px\" \/><\/figure>\n\n\n\n<p><\/p>\n\n\n\n<figure class=\"wp-block-image size-large\"><img loading=\"lazy\" decoding=\"async\" width=\"459\" height=\"1024\" src=\"https:\/\/vezere.org\/wp-content\/uploads\/2026\/03\/Screenshot_20260313_114445_com_android_chrome_ChromeTabbedActivity-459x1024.jpg\" alt=\"\" class=\"wp-image-15190\" srcset=\"https:\/\/vezere.org\/wp-content\/uploads\/2026\/03\/Screenshot_20260313_114445_com_android_chrome_ChromeTabbedActivity-459x1024.jpg 459w, https:\/\/vezere.org\/wp-content\/uploads\/2026\/03\/Screenshot_20260313_114445_com_android_chrome_ChromeTabbedActivity-134x300.jpg 134w, https:\/\/vezere.org\/wp-content\/uploads\/2026\/03\/Screenshot_20260313_114445_com_android_chrome_ChromeTabbedActivity-768x1715.jpg 768w, https:\/\/vezere.org\/wp-content\/uploads\/2026\/03\/Screenshot_20260313_114445_com_android_chrome_ChromeTabbedActivity-688x1536.jpg 688w, https:\/\/vezere.org\/wp-content\/uploads\/2026\/03\/Screenshot_20260313_114445_com_android_chrome_ChromeTabbedActivity-917x2048.jpg 917w, https:\/\/vezere.org\/wp-content\/uploads\/2026\/03\/Screenshot_20260313_114445_com_android_chrome_ChromeTabbedActivity.jpg 1080w\" sizes=\"auto, (max-width: 459px) 100vw, 459px\" \/><\/figure>\n\n\n\n<p><\/p>\n\n\n\n<figure class=\"wp-block-image size-large\"><img loading=\"lazy\" decoding=\"async\" width=\"459\" height=\"1024\" src=\"https:\/\/vezere.org\/wp-content\/uploads\/2026\/03\/Screenshot_20260313_114712_com_android_chrome_ChromeTabbedActivity-459x1024.jpg\" alt=\"\" class=\"wp-image-15191\" srcset=\"https:\/\/vezere.org\/wp-content\/uploads\/2026\/03\/Screenshot_20260313_114712_com_android_chrome_ChromeTabbedActivity-459x1024.jpg 459w, https:\/\/vezere.org\/wp-content\/uploads\/2026\/03\/Screenshot_20260313_114712_com_android_chrome_ChromeTabbedActivity-134x300.jpg 134w, https:\/\/vezere.org\/wp-content\/uploads\/2026\/03\/Screenshot_20260313_114712_com_android_chrome_ChromeTabbedActivity-768x1715.jpg 768w, https:\/\/vezere.org\/wp-content\/uploads\/2026\/03\/Screenshot_20260313_114712_com_android_chrome_ChromeTabbedActivity-688x1536.jpg 688w, https:\/\/vezere.org\/wp-content\/uploads\/2026\/03\/Screenshot_20260313_114712_com_android_chrome_ChromeTabbedActivity-917x2048.jpg 917w, https:\/\/vezere.org\/wp-content\/uploads\/2026\/03\/Screenshot_20260313_114712_com_android_chrome_ChromeTabbedActivity.jpg 1080w\" sizes=\"auto, (max-width: 459px) 100vw, 459px\" \/><\/figure>\n\n\n\n<p><\/p>\n","protected":false},"excerpt":{"rendered":"<p>\ud83c\udf3f\ud83d\udca7 V\u00e9z\u00e8re, sources de vies \ud83d\udca7\ud83c\udf3f le 14 septembre 2025, j\u2019\u00e9tais l\u00e0, au c\u0153ur d\u2019un \u00e9crin de mousse et de foug\u00e8res, l\u00e0 o\u00f9 les troncs couch\u00e9s gardent encore le souffle du vent, l\u00e0 o\u00f9 l\u2019eau invisible, fraiche, limpide nourrit chaque racine en silence. L\u00e0 o\u00f9 na\u00eet la V\u00e9z\u00e8re, dans la Tourbi\u00e8re de Longeyroux, au plateau de Millevaches. Dans ce sanctuaire de verdure, les arbres chuchotent, leurs branches fines tendues comme des antennes vers le ciel, leurs troncs recouverts de mousses \u00e9clatantes, m\u00e9moire du temps. \ud83c\udfb6 Ici, la rivi\u00e8re commence \u00e0 chanter, \u00e0 cr\u00e9er son lit, son chemin de vies pour aller jusqu&rsquo;\u00e0 Limeuil, o\u00f9 elle va rencontrer la Dordogne. Et chaque feuille, chaque fibre, chaque vibration murmure d\u00e9j\u00e0 la musique des arbres de la V\u00e9z\u00e8re. Pendant 48 minutes, j&rsquo;ai enregistr\u00e9 les micro variations \u00e9lectriques d&rsquo;un des saules meursault plongeant ses racines dans la V\u00e9z\u00e8re. Prenez votre temps d&rsquo;\u00e9couter cette superbe m\u00e9lodie&#8230;avec des notes cristallines&#8230; m\u00e9moires de toutes vies. \u00a0 \u00a0 \u00a0 \u00a0 Le 12 mars 2026, avec un ami nous sommes all\u00e9s \u00e0 la source de la V\u00e9z\u00e8re et j&rsquo;ai enregistr\u00e9 pendant quelques minutes la \u00ab\u00a0musique du saule Meursault\u00a0\u00bb qui plonge ses racines dans l&rsquo;eau de la source de la V\u00e9z\u00e8re. Tout un symbole ! Mais juste avant , nous avons eu la visite d&rsquo;un \u00ab\u00a0gestionnaire forestier\u00a0\u00bb qui ne s&rsquo;est m\u00eame pas nomm\u00e9, nous disant d&rsquo;une part que nous \u00e9tions en \u00ab\u00a0propri\u00e9t\u00e9 priv\u00e9e\u00a0\u00bb et que nous n&rsquo;avions pas \u00e0 rester l\u00e0 sans avis du propri\u00e9taire , de plus il nous apprend qu&rsquo;il va y avoir un plan de coupe prochainement . A savoir que c&rsquo;est une zone Natura 2000 en ce qui concerne la tourbi\u00e8re de Longeyroux, que l\u00e0 o\u00f9 est la premi\u00e8re source de la V\u00e9z\u00e8re (tout un symbole) c&rsquo;est aussi une zone humide. Donc la Loi RAMSAR a son utilit\u00e9 de pr\u00e9servation&#8230;. Je n&rsquo;ai aucune finance&#8230;.mais comment arriver \u00e0 racheter les deux parcelles 35 et 36 au propri\u00e9taire et faire en sorte qu&rsquo;il n&rsquo;y ait pas d&rsquo;abattage mais sanctuariser ce lieu ? Ce n&rsquo;est pas le Conservatoire du Limousin qui fera le n\u00e9cessaire&#8230; car c&rsquo;est une propri\u00e9t\u00e9 priv\u00e9e&#8230;. Voici quelques photos et la musique du saule . ECOUTEZ en cliquant dessous !<\/p>\n","protected":false},"author":1,"featured_media":0,"parent":14516,"menu_order":0,"comment_status":"closed","ping_status":"closed","template":"","meta":{"footnotes":""},"class_list":["post-14737","page","type-page","status-publish","hentry"],"_links":{"self":[{"href":"https:\/\/vezere.org\/index.php\/wp-json\/wp\/v2\/pages\/14737","targetHints":{"allow":["GET"]}}],"collection":[{"href":"https:\/\/vezere.org\/index.php\/wp-json\/wp\/v2\/pages"}],"about":[{"href":"https:\/\/vezere.org\/index.php\/wp-json\/wp\/v2\/types\/page"}],"author":[{"embeddable":true,"href":"https:\/\/vezere.org\/index.php\/wp-json\/wp\/v2\/users\/1"}],"replies":[{"embeddable":true,"href":"https:\/\/vezere.org\/index.php\/wp-json\/wp\/v2\/comments?post=14737"}],"version-history":[{"count":10,"href":"https:\/\/vezere.org\/index.php\/wp-json\/wp\/v2\/pages\/14737\/revisions"}],"predecessor-version":[{"id":15198,"href":"https:\/\/vezere.org\/index.php\/wp-json\/wp\/v2\/pages\/14737\/revisions\/15198"}],"up":[{"embeddable":true,"href":"https:\/\/vezere.org\/index.php\/wp-json\/wp\/v2\/pages\/14516"}],"wp:attachment":[{"href":"https:\/\/vezere.org\/index.php\/wp-json\/wp\/v2\/media?parent=14737"}],"curies":[{"name":"wp","href":"https:\/\/api.w.org\/{rel}","templated":true}]}}