{"id":14692,"date":"2025-09-03T15:04:26","date_gmt":"2025-09-03T13:04:26","guid":{"rendered":"https:\/\/vezere.org\/?page_id=14692"},"modified":"2025-09-03T15:17:17","modified_gmt":"2025-09-03T13:17:17","slug":"a-ecouter-les-musiques-des-arbres","status":"publish","type":"page","link":"https:\/\/vezere.org\/index.php\/exposition-arbres-lumieres-rivieres-musiques-de-jerome-hutin\/exposition-arbres-lumieres-rivieres-musiques-2025-dans-la-ville-ancienne-et-parc-laplanche-a-terrasson-lavilledieu-vallee-de-la-vezere\/a-ecouter-les-musiques-des-arbres\/","title":{"rendered":"A \u00e9couter \u2014 Les musiques des arbres"},"content":{"rendered":"<h2 data-start=\"1944\" data-end=\"1991\">\ud83c\udfb6 <strong data-start=\"1950\" data-end=\"1989\">\u00c0 \u00e9couter \u2014 Les musiques des arbres (c) Arbor&rsquo;Ethic<\/strong><\/h2>\n<p><img loading=\"lazy\" decoding=\"async\" class=\"aligncenter size-large wp-image-14542\" src=\"http:\/\/vezere.org\/wp-content\/uploads\/2025\/08\/chene-Valojoulx-1024x461.jpg\" alt=\"\" width=\"960\" height=\"432\" srcset=\"https:\/\/vezere.org\/wp-content\/uploads\/2025\/08\/chene-Valojoulx-1024x461.jpg 1024w, https:\/\/vezere.org\/wp-content\/uploads\/2025\/08\/chene-Valojoulx-300x135.jpg 300w, https:\/\/vezere.org\/wp-content\/uploads\/2025\/08\/chene-Valojoulx-768x345.jpg 768w, https:\/\/vezere.org\/wp-content\/uploads\/2025\/08\/chene-Valojoulx.jpg 1136w\" sizes=\"auto, (max-width: 960px) 100vw, 960px\" \/><\/p>\n<p data-start=\"1993\" data-end=\"2275\">Mon exposition XXL des arbres du P\u00e9rigord et de la V\u00e9z\u00e8re est immersive, c&rsquo;est \u00e0 vous \u00e0 prendre le temps, admirer mes photos, mais aussi ce sera de les \u00e9couter avec vos oreilles. De prendre le temps, de m\u00e9diter sous les photo o\u00f9 chez vous tranquillement install\u00e9s, pour m\u00e9diter.<br data-start=\"2054\" data-end=\"2057\" \/>Les arbres vibrent, chantent, murmurent\u2026<br data-start=\"2097\" data-end=\"2100\" \/>Gr\u00e2ce aux <strong data-start=\"2110\" data-end=\"2122\">QR codes<\/strong>, vous pourrez bient\u00f4t \u00e9couter leurs musiques naturelles, capt\u00e9es par mes soins.<br data-start=\"2202\" data-end=\"2205\" \/>Une exp\u00e9rience sensorielle unique, \u00e0 vivre sur place\u2026 ou \u00e0 distance.<\/p>\n<p data-start=\"2407\" data-end=\"2517\">Pour en savoir plus sur la musique des plantes et de arbres :\u00a0\u00a0<a href=\"https:\/\/www.musiquedesplantes.fr\/\" target=\"_blank\" rel=\"noopener\"><strong>https:\/\/www.musiquedesplantes.fr\/<\/strong><\/a><\/p>\n<div class=\"x14z9mp xat24cr x1lziwak x1vvkbs xtlvy1s x126k92a\">\n<h3 dir=\"auto\"><strong><span class=\"html-span xexx8yu xyri2b x18d9i69 x1c1uobl x1hl2dhg x16tdsg8 x1vvkbs x3nfvp2 x1j61x8r x1fcty0u xdj266r xat24cr xm2jcoa x1mpyi22 xxymvpz xlup9mm x1kky2od\"><img loading=\"lazy\" decoding=\"async\" class=\"xz74otr x15mokao x1ga7v0g x16uus16 xbiv7yw\" src=\"https:\/\/static.xx.fbcdn.net\/images\/emoji.php\/v9\/tb8\/1\/16\/1f4e1.png\" alt=\"\ud83d\udce1\" width=\"16\" height=\"16\" \/><\/span> Comment \u00e7a marche ?<\/strong><\/h3>\n<\/div>\n<div class=\"x14z9mp xat24cr x1lziwak x1vvkbs xtlvy1s x126k92a\">\n<div dir=\"auto\">Une \u00e9lectrode est plac\u00e9e dans la terre, pr\u00e8s des racines.<\/div>\n<\/div>\n<div class=\"x14z9mp xat24cr x1lziwak x1vvkbs xtlvy1s x126k92a\">\n<div dir=\"auto\">Une autre \u00e9lectrode est pos\u00e9e sur une feuille de l&rsquo;arbre.<\/div>\n<\/div>\n<div class=\"x14z9mp xat24cr x1lziwak x1vvkbs xtlvy1s x126k92a\">\n<div dir=\"auto\">Elles d\u00e9tectent ensemble les micro-variations \u00e9lectriques li\u00e9es \u00e0 la vie de l\u2019arbre (circulation de la s\u00e8ve, \u00e9changes cellulaires, r\u00e9actions \u00e0 l\u2019environnement\u2026).<\/div>\n<\/div>\n<div class=\"x14z9mp xat24cr x1lziwak x1vvkbs xtlvy1s x126k92a\">\n<div dir=\"auto\">Ces signaux, imperceptibles \u00e0 l\u2019oreille humaine, passent dans un appareil nomm\u00e9 Bamboo M, qui les traduit en notes de musique.<\/div>\n<\/div>\n<div class=\"x14z9mp xat24cr x1lziwak x1vvkbs xtlvy1s x126k92a\">\n<div dir=\"auto\">Le son est ensuite envoy\u00e9 vers un enregistreur audio, puis vers une enceinte pour que nous puissions l\u2019\u00e9couter en direct. C&rsquo;est le mat\u00e9riel que j&rsquo;utilise actuellement.<\/div>\n<div dir=\"auto\">\u00a0<\/div>\n<\/div>\n<div class=\"x14z9mp xat24cr x1lziwak x1vvkbs xtlvy1s x126k92a\">\n<div dir=\"auto\"><strong><span class=\"html-span xexx8yu xyri2b x18d9i69 x1c1uobl x1hl2dhg x16tdsg8 x1vvkbs x3nfvp2 x1j61x8r x1fcty0u xdj266r xat24cr xm2jcoa x1mpyi22 xxymvpz xlup9mm x1kky2od\"><img loading=\"lazy\" decoding=\"async\" class=\"xz74otr x15mokao x1ga7v0g x16uus16 xbiv7yw\" src=\"https:\/\/static.xx.fbcdn.net\/images\/emoji.php\/v9\/t3c\/1\/16\/1f4a1.png\" alt=\"\ud83d\udca1\" width=\"16\" height=\"16\" \/><\/span> Ce n\u2019est pas de la \u201cmagie\u201d : c\u2019est une rencontre entre la science et l\u2019art.<\/strong><\/div>\n<div dir=\"auto\">Chaque arbre produit une \u201cm\u00e9lodie\u201d unique, qui change selon la m\u00e9t\u00e9o, l\u2019heure du jour, la lumi\u00e8re, ou m\u00eame notre pr\u00e9sence \u00e0 ses c\u00f4t\u00e9s.<\/div>\n<div dir=\"auto\">\u00a0<\/div>\n<\/div>\n<div class=\"x14z9mp xat24cr x1lziwak x1vvkbs xtlvy1s x126k92a\">\n<h3 dir=\"auto\"><span class=\"html-span xexx8yu xyri2b x18d9i69 x1c1uobl x1hl2dhg x16tdsg8 x1vvkbs x3nfvp2 x1j61x8r x1fcty0u xdj266r xat24cr xm2jcoa x1mpyi22 xxymvpz xlup9mm x1kky2od\"><img loading=\"lazy\" decoding=\"async\" class=\"xz74otr x15mokao x1ga7v0g x16uus16 xbiv7yw\" src=\"https:\/\/static.xx.fbcdn.net\/images\/emoji.php\/v9\/t6b\/1\/16\/1f333.png\" alt=\"\ud83c\udf33\" width=\"16\" height=\"16\" \/><\/span><strong> Hommage<\/strong><\/h3>\n<div dir=\"auto\"><strong>Ce petit ch\u00eane pousse \u00e0 l\u2019ombre de ce qui fut un g\u00e9ant : le v\u00e9n\u00e9rable Ch\u00eane de Chalamard, injustement abattu en novembre 2024\u2026<\/strong><\/div>\n<div dir=\"auto\">\u00a0<\/div>\n<div dir=\"auto\"><img loading=\"lazy\" decoding=\"async\" class=\"aligncenter size-large wp-image-14697\" src=\"http:\/\/vezere.org\/wp-content\/uploads\/2025\/09\/IMG_20250827_162425-436x1024.jpg\" alt=\"\" width=\"436\" height=\"1024\" srcset=\"https:\/\/vezere.org\/wp-content\/uploads\/2025\/09\/IMG_20250827_162425-436x1024.jpg 436w, https:\/\/vezere.org\/wp-content\/uploads\/2025\/09\/IMG_20250827_162425-128x300.jpg 128w, https:\/\/vezere.org\/wp-content\/uploads\/2025\/09\/IMG_20250827_162425-768x1806.jpg 768w, https:\/\/vezere.org\/wp-content\/uploads\/2025\/09\/IMG_20250827_162425-871x2048.jpg 871w, https:\/\/vezere.org\/wp-content\/uploads\/2025\/09\/IMG_20250827_162425-1140x2680.jpg 1140w, https:\/\/vezere.org\/wp-content\/uploads\/2025\/09\/IMG_20250827_162425-scaled.jpg 1089w\" sizes=\"auto, (max-width: 436px) 100vw, 436px\" \/><\/div>\n<div dir=\"auto\">Il n\u2019\u00e9tait pourtant pas infest\u00e9 de capricornes, comme certains l\u2019ont pr\u00e9tendu.<\/div>\n<div dir=\"auto\">Aujourd\u2019hui, \u00e0 travers son jeune descendant, c\u2019est un peu de la voix de l\u2019ancien ch\u00eane qui r\u00e9sonne encore.<\/div>\n<\/div>\n<div class=\"x14z9mp xat24cr x1lziwak x1vvkbs xtlvy1s x126k92a\">\n<div dir=\"auto\"><span class=\"html-span xexx8yu xyri2b x18d9i69 x1c1uobl x1hl2dhg x16tdsg8 x1vvkbs x3nfvp2 x1j61x8r x1fcty0u xdj266r xat24cr xm2jcoa x1mpyi22 xxymvpz xlup9mm x1kky2od\"><img loading=\"lazy\" decoding=\"async\" class=\"xz74otr x15mokao x1ga7v0g x16uus16 xbiv7yw\" src=\"https:\/\/static.xx.fbcdn.net\/images\/emoji.php\/v9\/t3f\/1\/16\/1f30d.png\" alt=\"\ud83c\udf0d\" width=\"16\" height=\"16\" \/><\/span> En \u00e9coutant cette m\u00e9lodie, nous entrons dans le rythme secret de l\u2019arbre, entre m\u00e9moire et renaissance.<\/div>\n<div dir=\"auto\">C\u2019est un instant rare, une mani\u00e8re de ressentir le lien profond entre l\u2019arbre, la nature\u2026 et nous.<\/div>\n<div dir=\"auto\">\n<!--[if lt IE 9]><script>document.createElement('audio');<\/script><![endif]-->\n\t<div class=\"wp-playlist wp-audio-playlist wp-playlist-light\">\n\t\t\t<div class=\"wp-playlist-current-item\"><\/div>\n\t\t<audio controls=\"controls\" preload=\"none\" width=\"938\"\n\t\t\t><\/audio>\n\t<div class=\"wp-playlist-next\"><\/div>\n\t<div class=\"wp-playlist-prev\"><\/div>\n\t<noscript>\n\t<ol>\n\t\t<li><a href='https:\/\/vezere.org\/wp-content\/uploads\/2025\/07\/petit-chene-chalamard-Vergt-09aout2025-17h20-ZOOM0011_01.mp3'>petit-chene-chalamard-Vergt-09aout2025-17h20-ZOOM0011_01<\/a><\/li>\t<\/ol>\n\t<\/noscript>\n\t<script type=\"application\/json\" class=\"wp-playlist-script\">{\"type\":\"audio\",\"tracklist\":true,\"tracknumbers\":true,\"images\":true,\"artists\":true,\"tracks\":[{\"src\":\"https:\\\/\\\/vezere.org\\\/wp-content\\\/uploads\\\/2025\\\/07\\\/petit-chene-chalamard-Vergt-09aout2025-17h20-ZOOM0011_01.mp3\",\"type\":\"audio\\\/mpeg\",\"title\":\"petit-chene-chalamard-Vergt-09aout2025-17h20-ZOOM0011_01\",\"caption\":\"\",\"description\":\"<i>petit-chene-chalamard-Vergt-09aout2025-17h20-ZOOM0011_01<\\\/i>. Genre\\u00a0: Blues.\",\"meta\":[],\"image\":{\"src\":\"https:\\\/\\\/vezere.org\\\/wp-includes\\\/images\\\/media\\\/audio.svg\",\"width\":48,\"height\":64},\"thumb\":{\"src\":\"https:\\\/\\\/vezere.org\\\/wp-includes\\\/images\\\/media\\\/audio.svg\",\"width\":48,\"height\":64}}]}<\/script>\n<\/div>\n\t\n<\/div>\n<\/div>\n<div class=\"x14z9mp xat24cr x1lziwak x1vvkbs xtlvy1s x126k92a\">\n<div dir=\"auto\">&#8212;-<\/div>\n<div dir=\"auto\">\u00a0<\/div>\n<\/div>\n<div class=\"x14z9mp xat24cr x1lziwak x1vvkbs xtlvy1s x126k92a\">\n<div dir=\"auto\"><strong><span class=\"html-span xexx8yu xyri2b x18d9i69 x1c1uobl x1hl2dhg x16tdsg8 x1vvkbs x3nfvp2 x1j61x8r x1fcty0u xdj266r xat24cr xm2jcoa x1mpyi22 xxymvpz xlup9mm x1kky2od\"><img loading=\"lazy\" decoding=\"async\" class=\"xz74otr x15mokao x1ga7v0g x16uus16 xbiv7yw\" src=\"https:\/\/static.xx.fbcdn.net\/images\/emoji.php\/v9\/t1f\/1\/16\/1f3b6.png\" alt=\"\ud83c\udfb6\" width=\"16\" height=\"16\" \/><\/span> La \u201cmusique des arbres\u201d<\/strong> : r\u00e9alit\u00e9 et interpr\u00e9tation <span class=\"html-span xexx8yu xyri2b x18d9i69 x1c1uobl x1hl2dhg x16tdsg8 x1vvkbs x3nfvp2 x1j61x8r x1fcty0u xdj266r xat24cr xm2jcoa x1mpyi22 xxymvpz xlup9mm x1kky2od\"><img loading=\"lazy\" decoding=\"async\" class=\"xz74otr x15mokao x1ga7v0g x16uus16 xbiv7yw\" src=\"https:\/\/static.xx.fbcdn.net\/images\/emoji.php\/v9\/t6b\/1\/16\/1f333.png\" alt=\"\ud83c\udf33\" width=\"16\" height=\"16\" \/><\/span><\/div>\n<\/div>\n<div class=\"x14z9mp xat24cr x1lziwak x1vvkbs xtlvy1s x126k92a\">\n<div dir=\"auto\">Ce que vous entendez ici n\u2019est pas un montage, mais ce n\u2019est pas non plus un chant \u201cvolontaire\u201d de l\u2019arbre.<\/div>\n<div dir=\"auto\"><strong>L\u2019appareil <a href=\"https:\/\/www.musiquedesplantes.fr\/\" target=\"_blank\" rel=\"noopener\">Bamboo M<\/a><\/strong> mesure de tr\u00e8s petites variations \u00e9lectriques, naturellement pr\u00e9sentes dans tous les \u00eatres vivants.<\/div>\n<div dir=\"auto\">\u00a0<\/div>\n<\/div>\n<div class=\"x14z9mp xat24cr x1lziwak x1vvkbs xtlvy1s x126k92a\">\n<div dir=\"auto\"><span class=\"html-span xexx8yu xyri2b x18d9i69 x1c1uobl x1hl2dhg x16tdsg8 x1vvkbs x3nfvp2 x1j61x8r x1fcty0u xdj266r xat24cr xm2jcoa x1mpyi22 xxymvpz xlup9mm x1kky2od\"><img loading=\"lazy\" decoding=\"async\" class=\"xz74otr x15mokao x1ga7v0g x16uus16 xbiv7yw\" src=\"https:\/\/static.xx.fbcdn.net\/images\/emoji.php\/v9\/ta\/1\/16\/1f343.png\" alt=\"\ud83c\udf43\" width=\"16\" height=\"16\" \/><\/span><strong> Chez un arbre :<\/strong><\/div>\n<div dir=\"auto\">Ces variations viennent de ph\u00e9nom\u00e8nes biologiques r\u00e9els :<\/div>\n<\/div>\n<div class=\"x14z9mp xat24cr x1lziwak x1vvkbs xtlvy1s x126k92a\">\n<ul>\n<li>circulation de la s\u00e8ve<\/li>\n<li>\u00e9changes d\u2019ions dans les cellules<\/li>\n<li>humidit\u00e9 de la feuille ou de la terre<\/li>\n<li>r\u00e9action \u00e0 la lumi\u00e8re, \u00e0 la chaleur, ou m\u00eame \u00e0 un contact<\/li>\n<\/ul>\n<\/div>\n<div class=\"x14z9mp xat24cr x1lziwak x1vvkbs xtlvy1s x126k92a\">\n<div dir=\"auto\">\u00a0<\/div>\n<\/div>\n<div class=\"x14z9mp xat24cr x1lziwak x1vvkbs xtlvy1s x126k92a\">\n<div dir=\"auto\"><strong><span class=\"html-span xexx8yu xyri2b x18d9i69 x1c1uobl x1hl2dhg x16tdsg8 x1vvkbs x3nfvp2 x1j61x8r x1fcty0u xdj266r xat24cr xm2jcoa x1mpyi22 xxymvpz xlup9mm x1kky2od\"><img loading=\"lazy\" decoding=\"async\" class=\"xz74otr x15mokao x1ga7v0g x16uus16 xbiv7yw\" src=\"https:\/\/static.xx.fbcdn.net\/images\/emoji.php\/v9\/t81\/1\/16\/1f5a5.png\" alt=\"\ud83d\udda5\ufe0f\" width=\"16\" height=\"16\" \/><\/span> Traduction en musique<\/strong><\/div>\n<div dir=\"auto\">Ces signaux \u00e9lectriques sont ensuite convertis en donn\u00e9es MIDI (comme un clavier de piano num\u00e9rique), puis un logiciel ou un module interne leur attribue des notes et un instrument.<\/div>\n<div dir=\"auto\">Le r\u00e9sultat : une m\u00e9lodie qui change en fonction de l\u2019\u00e9tat de l\u2019arbre, de son environnement\u2026 et parfois de notre pr\u00e9sence.<\/div>\n<div dir=\"auto\">\u00a0<\/div>\n<\/div>\n<div class=\"x14z9mp xat24cr x1lziwak x1vvkbs xtlvy1s x126k92a\">\n<div dir=\"auto\"><strong><span class=\"html-span xexx8yu xyri2b x18d9i69 x1c1uobl x1hl2dhg x16tdsg8 x1vvkbs x3nfvp2 x1j61x8r x1fcty0u xdj266r xat24cr xm2jcoa x1mpyi22 xxymvpz xlup9mm x1kky2od\"><img loading=\"lazy\" decoding=\"async\" class=\"xz74otr x15mokao x1ga7v0g x16uus16 xbiv7yw\" src=\"https:\/\/static.xx.fbcdn.net\/images\/emoji.php\/v9\/t5d\/1\/16\/26a1.png\" alt=\"\u26a1\" width=\"16\" height=\"16\" \/><\/span> Quand je tiens une \u00e9lectrode<\/strong><\/div>\n<div dir=\"auto\">Mon corps produit aussi un signal \u00e9lectrique : activit\u00e9 nerveuse, humidit\u00e9 de la peau, rythme cardiaque\u2026<\/div>\n<div dir=\"auto\">Cela change la lecture et donc la m\u00e9lodie.<\/div>\n<\/div>\n<div class=\"x14z9mp xat24cr x1lziwak x1vvkbs xtlvy1s x126k92a\">\n<div dir=\"auto\"><span class=\"html-span xexx8yu xyri2b x18d9i69 x1c1uobl x1hl2dhg x16tdsg8 x1vvkbs x3nfvp2 x1j61x8r x1fcty0u xdj266r xat24cr xm2jcoa x1mpyi22 xxymvpz xlup9mm x1kky2od\"><img loading=\"lazy\" decoding=\"async\" class=\"xz74otr x15mokao x1ga7v0g x16uus16 xbiv7yw\" src=\"https:\/\/static.xx.fbcdn.net\/images\/emoji.php\/v9\/t3c\/1\/16\/1f4a1.png\" alt=\"\ud83d\udca1\" width=\"16\" height=\"16\" \/><\/span> Ce n\u2019est donc pas de la magie, mais une passerelle entre science et art.<\/div>\n<div dir=\"auto\">\u00a0<\/div>\n<div dir=\"auto\">La musique est une traduction humaine d\u2019un langage invisible du vivant \u2014 une mani\u00e8re d\u2019\u00e9couter autrement ce qui nous entoure.<\/div>\n<\/div>\n<div dir=\"auto\">\u00a0<\/div>\n<div dir=\"auto\"><strong>Important<\/strong> : Afin de rester sur une base harmonieuse et pour mes \u00ab\u00a0statistiques\u00a0\u00bb, j&rsquo;ai r\u00e9gl\u00e9 comme suis le boitier Bamboo M :<\/div>\n<div dir=\"auto\">Instrument : Piano 1<\/div>\n<div dir=\"auto\">Nombre de notes de musiques\/mn : 180<\/div>\n<div dir=\"auto\">Fr\u00e9quences : 432 Hertz<\/div>\n<div dir=\"auto\">Programme \u00ab\u00a0Forest\u00a0\u00bb<\/div>\n<div dir=\"auto\">\u00a0<\/div>\n<div dir=\"auto\">Pour ce qui est du nombre de notes&#8230; vous entendrez que l&rsquo;arbre \u00ab\u00a0d\u00e9cide\u00a0\u00bb de la rapidit\u00e9 ou lenteur des notes, comme pour le <a href=\"https:\/\/vezere.org\/index.php\/exposition-arbres-lumieres-rivieres-musiques-de-jerome-hutin\/exposition-arbres-lumieres-rivieres-musiques-2025-dans-la-ville-ancienne-et-parc-laplanche-a-terrasson-lavilledieu-vallee-de-la-vezere\/le-charme-des-bois-de-muratel-a-terrasson\/\">charme de Muratel<\/a>. En tous les cas, bonne \u00e9coute et m\u00e9ditation sur votre canap\u00e9 ou \u00e0 la plage\u00a0 !<\/div>\n<div dir=\"auto\">\u00a0<\/div>\n<h3 dir=\"auto\"><strong>EN BONUS<\/strong><\/h3>\n<div dir=\"auto\"><span style=\"color: #ff0000;\"><strong>ma musique int\u00e9rieur en me connectant au boitier Bamboo !<\/strong><\/span><\/div>\n<div dir=\"auto\">\n<!--[if lt IE 9]><script>document.createElement('audio');<\/script><![endif]-->\n<audio class=\"wp-audio-shortcode\" id=\"audio-14692-1\" preload=\"none\" style=\"width: 100%;\" controls=\"controls\"><source type=\"audio\/mpeg\" src=\"https:\/\/vezere.org\/wp-content\/uploads\/2025\/08\/musique-interieur-Jerome-Hutin-14aout2025-ZOOM0019_01.mp3?_=1\" \/><a href=\"https:\/\/vezere.org\/wp-content\/uploads\/2025\/08\/musique-interieur-Jerome-Hutin-14aout2025-ZOOM0019_01.mp3\">https:\/\/vezere.org\/wp-content\/uploads\/2025\/08\/musique-interieur-Jerome-Hutin-14aout2025-ZOOM0019_01.mp3<\/a><\/audio>\n<\/div>\n<h3 dir=\"auto\" style=\"text-align: center;\">Dans le menu \u00e0 droite, choisissez les diff\u00e9rentes musiques des arbres enregistr\u00e9es .<\/h3>\n<div dir=\"auto\"><strong><span style=\"color: #ff0000;\">Tr\u00e8s prochainement je vais faire imprimer des cartes de correspondances et calendriers 2026 \u00ab\u00a0connect\u00e9es\u00a0\u00bb !<\/span><\/strong><\/div>\n\n\n<figure class=\"wp-block-image size-large\"><img loading=\"lazy\" decoding=\"async\" width=\"1024\" height=\"461\" src=\"https:\/\/vezere.org\/wp-content\/uploads\/2025\/09\/IMG_20250818_161311-1024x461.jpg\" alt=\"\" class=\"wp-image-14695\" srcset=\"https:\/\/vezere.org\/wp-content\/uploads\/2025\/09\/IMG_20250818_161311-1024x461.jpg 1024w, https:\/\/vezere.org\/wp-content\/uploads\/2025\/09\/IMG_20250818_161311-300x135.jpg 300w, https:\/\/vezere.org\/wp-content\/uploads\/2025\/09\/IMG_20250818_161311-768x346.jpg 768w, https:\/\/vezere.org\/wp-content\/uploads\/2025\/09\/IMG_20250818_161311-1536x691.jpg 1536w, https:\/\/vezere.org\/wp-content\/uploads\/2025\/09\/IMG_20250818_161311-2048x922.jpg 2048w, https:\/\/vezere.org\/wp-content\/uploads\/2025\/09\/IMG_20250818_161311-1140x513.jpg 1140w\" sizes=\"auto, (max-width: 1024px) 100vw, 1024px\" \/><\/figure>\n","protected":false},"excerpt":{"rendered":"<p>\ud83c\udfb6 \u00c0 \u00e9couter \u2014 Les musiques des arbres (c) Arbor&rsquo;Ethic Mon exposition XXL des arbres du P\u00e9rigord et de la V\u00e9z\u00e8re est immersive, c&rsquo;est \u00e0 vous \u00e0 prendre le temps, admirer mes photos, mais aussi ce sera de les \u00e9couter avec vos oreilles. De prendre le temps, de m\u00e9diter sous les photo o\u00f9 chez vous tranquillement install\u00e9s, pour m\u00e9diter.Les arbres vibrent, chantent, murmurent\u2026Gr\u00e2ce aux QR codes, vous pourrez bient\u00f4t \u00e9couter leurs musiques naturelles, capt\u00e9es par mes soins.Une exp\u00e9rience sensorielle unique, \u00e0 vivre sur place\u2026 ou \u00e0 distance. Pour en savoir plus sur la musique des plantes et de arbres :\u00a0\u00a0https:\/\/www.musiquedesplantes.fr\/ Comment \u00e7a marche ? Une \u00e9lectrode est plac\u00e9e dans la terre, pr\u00e8s des racines. Une autre \u00e9lectrode est pos\u00e9e sur une feuille de l&rsquo;arbre. Elles d\u00e9tectent ensemble les micro-variations \u00e9lectriques li\u00e9es \u00e0 la vie de l\u2019arbre (circulation de la s\u00e8ve, \u00e9changes cellulaires, r\u00e9actions \u00e0 l\u2019environnement\u2026). Ces signaux, imperceptibles \u00e0 l\u2019oreille humaine, passent dans un appareil nomm\u00e9 Bamboo M, qui les traduit en notes de musique. Le son est ensuite envoy\u00e9 vers un enregistreur audio, puis vers une enceinte pour que nous puissions l\u2019\u00e9couter en direct. C&rsquo;est le mat\u00e9riel que j&rsquo;utilise actuellement. \u00a0 Ce n\u2019est pas de la \u201cmagie\u201d : c\u2019est une rencontre entre la science et l\u2019art. Chaque arbre produit une \u201cm\u00e9lodie\u201d unique, qui change selon la m\u00e9t\u00e9o, l\u2019heure du jour, la lumi\u00e8re, ou m\u00eame notre pr\u00e9sence \u00e0 ses c\u00f4t\u00e9s. \u00a0 Hommage Ce petit ch\u00eane pousse \u00e0 l\u2019ombre de ce qui fut un g\u00e9ant : le v\u00e9n\u00e9rable Ch\u00eane de Chalamard, injustement abattu en novembre 2024\u2026 \u00a0 Il n\u2019\u00e9tait pourtant pas infest\u00e9 de capricornes, comme certains l\u2019ont pr\u00e9tendu. Aujourd\u2019hui, \u00e0 travers son jeune descendant, c\u2019est un peu de la voix de l\u2019ancien ch\u00eane qui r\u00e9sonne encore. En \u00e9coutant cette m\u00e9lodie, nous entrons dans le rythme secret de l\u2019arbre, entre m\u00e9moire et renaissance. C\u2019est un instant rare, une mani\u00e8re de ressentir le lien profond entre l\u2019arbre, la nature\u2026 et nous. &#8212;- \u00a0 La \u201cmusique des arbres\u201d : r\u00e9alit\u00e9 et interpr\u00e9tation Ce que vous entendez ici n\u2019est pas un montage, mais ce n\u2019est pas non plus un chant \u201cvolontaire\u201d de l\u2019arbre. L\u2019appareil Bamboo M mesure de tr\u00e8s petites variations \u00e9lectriques, naturellement pr\u00e9sentes dans tous les \u00eatres vivants. \u00a0 Chez un arbre : Ces variations viennent de ph\u00e9nom\u00e8nes biologiques r\u00e9els : circulation de la s\u00e8ve \u00e9changes d\u2019ions dans les cellules humidit\u00e9 de la feuille ou de la terre r\u00e9action \u00e0 la lumi\u00e8re, \u00e0 la chaleur, ou m\u00eame \u00e0 un contact \u00a0 Traduction en musique Ces signaux \u00e9lectriques sont ensuite convertis en donn\u00e9es MIDI (comme un clavier de piano num\u00e9rique), puis un logiciel ou un module interne leur attribue des notes et un instrument. Le r\u00e9sultat : une m\u00e9lodie qui change en fonction de l\u2019\u00e9tat de l\u2019arbre, de son environnement\u2026 et parfois de notre pr\u00e9sence. \u00a0 Quand je tiens une \u00e9lectrode Mon corps produit aussi un signal \u00e9lectrique : activit\u00e9 nerveuse, humidit\u00e9 de la peau, rythme cardiaque\u2026 Cela change la lecture et donc la m\u00e9lodie. Ce n\u2019est donc pas de la magie, mais une passerelle entre science et art. \u00a0 La musique est une traduction humaine d\u2019un langage invisible du vivant \u2014 une mani\u00e8re d\u2019\u00e9couter autrement ce qui nous entoure. \u00a0 Important : Afin de rester sur une base harmonieuse et pour mes \u00ab\u00a0statistiques\u00a0\u00bb, j&rsquo;ai r\u00e9gl\u00e9 comme suis le boitier Bamboo M : Instrument : Piano 1 Nombre de notes de musiques\/mn : 180 Fr\u00e9quences : 432 Hertz Programme \u00ab\u00a0Forest\u00a0\u00bb \u00a0 Pour ce qui est du nombre de notes&#8230; vous entendrez que l&rsquo;arbre \u00ab\u00a0d\u00e9cide\u00a0\u00bb de la rapidit\u00e9 ou lenteur des notes, comme pour le charme de Muratel. En tous les cas, bonne \u00e9coute et m\u00e9ditation sur votre canap\u00e9 ou \u00e0 la plage\u00a0 ! \u00a0 EN BONUS ma musique int\u00e9rieur en me connectant au boitier Bamboo ! Dans le menu \u00e0 droite, choisissez les diff\u00e9rentes musiques des arbres enregistr\u00e9es . Tr\u00e8s prochainement je vais faire imprimer des cartes de correspondances et calendriers 2026 \u00ab\u00a0connect\u00e9es\u00a0\u00bb !<\/p>\n","protected":false},"author":1,"featured_media":0,"parent":14516,"menu_order":0,"comment_status":"closed","ping_status":"closed","template":"","meta":{"footnotes":""},"class_list":["post-14692","page","type-page","status-publish","hentry"],"_links":{"self":[{"href":"https:\/\/vezere.org\/index.php\/wp-json\/wp\/v2\/pages\/14692","targetHints":{"allow":["GET"]}}],"collection":[{"href":"https:\/\/vezere.org\/index.php\/wp-json\/wp\/v2\/pages"}],"about":[{"href":"https:\/\/vezere.org\/index.php\/wp-json\/wp\/v2\/types\/page"}],"author":[{"embeddable":true,"href":"https:\/\/vezere.org\/index.php\/wp-json\/wp\/v2\/users\/1"}],"replies":[{"embeddable":true,"href":"https:\/\/vezere.org\/index.php\/wp-json\/wp\/v2\/comments?post=14692"}],"version-history":[{"count":5,"href":"https:\/\/vezere.org\/index.php\/wp-json\/wp\/v2\/pages\/14692\/revisions"}],"predecessor-version":[{"id":14699,"href":"https:\/\/vezere.org\/index.php\/wp-json\/wp\/v2\/pages\/14692\/revisions\/14699"}],"up":[{"embeddable":true,"href":"https:\/\/vezere.org\/index.php\/wp-json\/wp\/v2\/pages\/14516"}],"wp:attachment":[{"href":"https:\/\/vezere.org\/index.php\/wp-json\/wp\/v2\/media?parent=14692"}],"curies":[{"name":"wp","href":"https:\/\/api.w.org\/{rel}","templated":true}]}}