{"id":14683,"date":"2025-09-03T14:31:18","date_gmt":"2025-09-03T12:31:18","guid":{"rendered":"https:\/\/vezere.org\/?page_id=14683"},"modified":"2025-09-03T14:31:18","modified_gmt":"2025-09-03T12:31:18","slug":"le-platane-daubas-vallee-de-la-vezere-dordogne","status":"publish","type":"page","link":"https:\/\/vezere.org\/index.php\/exposition-arbres-lumieres-rivieres-musiques-de-jerome-hutin\/exposition-arbres-lumieres-rivieres-musiques-2025-dans-la-ville-ancienne-et-parc-laplanche-a-terrasson-lavilledieu-vallee-de-la-vezere\/le-platane-daubas-vallee-de-la-vezere-dordogne\/","title":{"rendered":"Le platane d&rsquo;Aubas, Vall\u00e9e de la V\u00e9z\u00e8re, Dordogne."},"content":{"rendered":"<div class=\"x14z9mp xat24cr x1lziwak x1vvkbs xtlvy1s x126k92a\">\n<ul>\n<li><strong>Le platane d&rsquo;Aubas, Vall\u00e9e de la V\u00e9z\u00e8re, Dordogne.<\/strong><\/li>\n<\/ul>\n<p>Ce platane est un des arbres de la Libert\u00e9 du P\u00e9rigord, pr\u00e9serv\u00e9 par la municipalit\u00e9, o\u00f9 r\u00e9guli\u00e8rement se d\u00e9roulent des festivit\u00e9s comme les march\u00e9s gourmands.<\/p>\n<p>Voici la premi\u00e8re musique du platane !<\/p>\n<p><img loading=\"lazy\" decoding=\"async\" class=\"aligncenter size-full wp-image-14545\" src=\"http:\/\/vezere.org\/wp-content\/uploads\/2025\/08\/platane_aubas_FOND_BLANC.jpg\" alt=\"\" width=\"597\" height=\"768\" srcset=\"https:\/\/vezere.org\/wp-content\/uploads\/2025\/08\/platane_aubas_FOND_BLANC.jpg 597w, https:\/\/vezere.org\/wp-content\/uploads\/2025\/08\/platane_aubas_FOND_BLANC-233x300.jpg 233w\" sizes=\"auto, (max-width: 597px) 100vw, 597px\" \/><\/p>\n<\/div>\n<!--[if lt IE 9]><script>document.createElement('audio');<\/script><![endif]-->\n<audio class=\"wp-audio-shortcode\" id=\"audio-14683-1\" preload=\"none\" style=\"width: 100%;\" controls=\"controls\"><source type=\"audio\/mpeg\" src=\"https:\/\/vezere.org\/wp-content\/uploads\/2025\/08\/platane-Aubas-14aout2025-ZOOM0020_01.MP3?_=1\" \/><a href=\"https:\/\/vezere.org\/wp-content\/uploads\/2025\/08\/platane-Aubas-14aout2025-ZOOM0020_01.MP3\">https:\/\/vezere.org\/wp-content\/uploads\/2025\/08\/platane-Aubas-14aout2025-ZOOM0020_01.MP3<\/a><\/audio>\n<p id=\"chene-peyrebrune\" style=\"text-align: center;\"><span style=\"color: #ff0000;\"><a style=\"color: #ff0000;\" href=\"http:\/\/vezere.org\">Retour \u00e0 l&rsquo;accueil<\/a><\/span><\/p>\n","protected":false},"excerpt":{"rendered":"<p>Le platane d&rsquo;Aubas, Vall\u00e9e de la V\u00e9z\u00e8re, Dordogne. Ce platane est un des arbres de la Libert\u00e9 du P\u00e9rigord, pr\u00e9serv\u00e9 par la municipalit\u00e9, o\u00f9 r\u00e9guli\u00e8rement se d\u00e9roulent des festivit\u00e9s comme les march\u00e9s gourmands. Voici la premi\u00e8re musique du platane ! Retour \u00e0 l&rsquo;accueil<\/p>\n","protected":false},"author":1,"featured_media":0,"parent":14516,"menu_order":0,"comment_status":"closed","ping_status":"closed","template":"","meta":{"footnotes":""},"class_list":["post-14683","page","type-page","status-publish","hentry"],"_links":{"self":[{"href":"https:\/\/vezere.org\/index.php\/wp-json\/wp\/v2\/pages\/14683","targetHints":{"allow":["GET"]}}],"collection":[{"href":"https:\/\/vezere.org\/index.php\/wp-json\/wp\/v2\/pages"}],"about":[{"href":"https:\/\/vezere.org\/index.php\/wp-json\/wp\/v2\/types\/page"}],"author":[{"embeddable":true,"href":"https:\/\/vezere.org\/index.php\/wp-json\/wp\/v2\/users\/1"}],"replies":[{"embeddable":true,"href":"https:\/\/vezere.org\/index.php\/wp-json\/wp\/v2\/comments?post=14683"}],"version-history":[{"count":1,"href":"https:\/\/vezere.org\/index.php\/wp-json\/wp\/v2\/pages\/14683\/revisions"}],"predecessor-version":[{"id":14684,"href":"https:\/\/vezere.org\/index.php\/wp-json\/wp\/v2\/pages\/14683\/revisions\/14684"}],"up":[{"embeddable":true,"href":"https:\/\/vezere.org\/index.php\/wp-json\/wp\/v2\/pages\/14516"}],"wp:attachment":[{"href":"https:\/\/vezere.org\/index.php\/wp-json\/wp\/v2\/media?parent=14683"}],"curies":[{"name":"wp","href":"https:\/\/api.w.org\/{rel}","templated":true}]}}