{"id":14680,"date":"2025-09-03T14:28:35","date_gmt":"2025-09-03T12:28:35","guid":{"rendered":"https:\/\/vezere.org\/?page_id=14680"},"modified":"2025-09-03T14:28:35","modified_gmt":"2025-09-03T12:28:35","slug":"le-tilleul-centenaire-au-camping-le-tilleul-de-tursac-vallee-de-la-vezere-dordogne","status":"publish","type":"page","link":"https:\/\/vezere.org\/index.php\/exposition-arbres-lumieres-rivieres-musiques-de-jerome-hutin\/exposition-arbres-lumieres-rivieres-musiques-2025-dans-la-ville-ancienne-et-parc-laplanche-a-terrasson-lavilledieu-vallee-de-la-vezere\/le-tilleul-centenaire-au-camping-le-tilleul-de-tursac-vallee-de-la-vezere-dordogne\/","title":{"rendered":"Le tilleul centenaire au Camping \u00ab\u00a0le tilleul\u00a0\u00bb de Tursac, Vall\u00e9e de la V\u00e9z\u00e8re, Dordogne."},"content":{"rendered":"<ul>\n<li><strong>Le tilleul centenaire au Camping \u00ab\u00a0le tilleul\u00a0\u00bb de Tursac, Vall\u00e9e de la V\u00e9z\u00e8re, Dordogne.<\/strong><\/li>\n<\/ul>\n<p><a href=\"http:\/\/vezere.org\/wp-content\/uploads\/2025\/08\/IMG_20250824_163539.jpg\"><img loading=\"lazy\" decoding=\"async\" class=\"aligncenter\" src=\"http:\/\/vezere.org\/wp-content\/uploads\/2025\/08\/IMG_20250824_163539-1024x461.jpg\" alt=\"Tilleul du camping \u00e0 Tursac\" width=\"960\" height=\"432\" \/><\/a><\/p>\n<p>Encore un bel arbre qui apporte calme, et surement de bonnes infusions du soir, dans la cour de l&rsquo;ancienne ferme du camping \u00a0\u00bb le tilleul\u00a0\u00bb, \u00e0 deux pas de la V\u00e9z\u00e8re et de la source de la Madeleine \u00e0 Tursac. Les propri\u00e9taires ont \u00e9t\u00e9 enchant\u00e9s d&rsquo;entendre la musique de leur tilleul, un autre monde \u00ab\u00a0musical\u00a0\u00bb s&rsquo;ouvre \u00e0 eux&#8230;. ils ont m\u00eame pu entendre leur musique int\u00e9rieure ! Et pourquoi pas organiser un concert , duo entre le tilleul et un musicien ?&#8230;<\/p>\n<p>Le camping poss\u00e8de de beaux arbres de diff\u00e9rentes essences, ch\u00eanes, Albizia, saules, tilleuls, conif\u00e8res, noyers, marronniers,&#8230; avec de beaux ombrages\u00a0 et fra\u00eecheurs&#8230;<\/p>\n<p>Site du camping \u00ab\u00a0Le Tilleul\u00a0\u00bb :\u00a0<a href=\"https:\/\/www.camping-le-tilleul.fr\/\" target=\"_blank\" rel=\"noopener\">https:\/\/www.camping-le-tilleul.fr\/<\/a><\/p>\n<!--[if lt IE 9]><script>document.createElement('audio');<\/script><![endif]-->\n<audio class=\"wp-audio-shortcode\" id=\"audio-14680-1\" loop preload=\"metadata\" style=\"width: 100%;\" controls=\"controls\"><source type=\"audio\/mpeg\" src=\"https:\/\/vezere.org\/wp-content\/uploads\/2025\/08\/tilleul-camping-tursac-Vezere-24-8-2025-ZOOM0033_01.mp3?_=1\" \/><a href=\"https:\/\/vezere.org\/wp-content\/uploads\/2025\/08\/tilleul-camping-tursac-Vezere-24-8-2025-ZOOM0033_01.mp3\">https:\/\/vezere.org\/wp-content\/uploads\/2025\/08\/tilleul-camping-tursac-Vezere-24-8-2025-ZOOM0033_01.mp3<\/a><\/audio>\n<div class=\"x14z9mp xat24cr x1lziwak x1vvkbs xtlvy1s x126k92a\">\n<p style=\"text-align: center;\"><span style=\"color: #ff0000;\"><a style=\"color: #ff0000;\" href=\"http:\/\/vezere.org\">Retour \u00e0 l&rsquo;Accueil<\/a><\/span><\/p>\n<\/div>\n","protected":false},"excerpt":{"rendered":"<p>Le tilleul centenaire au Camping \u00ab\u00a0le tilleul\u00a0\u00bb de Tursac, Vall\u00e9e de la V\u00e9z\u00e8re, Dordogne. Encore un bel arbre qui apporte calme, et surement de bonnes infusions du soir, dans la cour de l&rsquo;ancienne ferme du camping \u00a0\u00bb le tilleul\u00a0\u00bb, \u00e0 deux pas de la V\u00e9z\u00e8re et de la source de la Madeleine \u00e0 Tursac. Les propri\u00e9taires ont \u00e9t\u00e9 enchant\u00e9s d&rsquo;entendre la musique de leur tilleul, un autre monde \u00ab\u00a0musical\u00a0\u00bb s&rsquo;ouvre \u00e0 eux&#8230;. ils ont m\u00eame pu entendre leur musique int\u00e9rieure ! Et pourquoi pas organiser un concert , duo entre le tilleul et un musicien ?&#8230; Le camping poss\u00e8de de beaux arbres de diff\u00e9rentes essences, ch\u00eanes, Albizia, saules, tilleuls, conif\u00e8res, noyers, marronniers,&#8230; avec de beaux ombrages\u00a0 et fra\u00eecheurs&#8230; Site du camping \u00ab\u00a0Le Tilleul\u00a0\u00bb :\u00a0https:\/\/www.camping-le-tilleul.fr\/ Retour \u00e0 l&rsquo;Accueil<\/p>\n","protected":false},"author":1,"featured_media":0,"parent":14516,"menu_order":0,"comment_status":"closed","ping_status":"closed","template":"","meta":{"footnotes":""},"class_list":["post-14680","page","type-page","status-publish","hentry"],"_links":{"self":[{"href":"https:\/\/vezere.org\/index.php\/wp-json\/wp\/v2\/pages\/14680","targetHints":{"allow":["GET"]}}],"collection":[{"href":"https:\/\/vezere.org\/index.php\/wp-json\/wp\/v2\/pages"}],"about":[{"href":"https:\/\/vezere.org\/index.php\/wp-json\/wp\/v2\/types\/page"}],"author":[{"embeddable":true,"href":"https:\/\/vezere.org\/index.php\/wp-json\/wp\/v2\/users\/1"}],"replies":[{"embeddable":true,"href":"https:\/\/vezere.org\/index.php\/wp-json\/wp\/v2\/comments?post=14680"}],"version-history":[{"count":1,"href":"https:\/\/vezere.org\/index.php\/wp-json\/wp\/v2\/pages\/14680\/revisions"}],"predecessor-version":[{"id":14681,"href":"https:\/\/vezere.org\/index.php\/wp-json\/wp\/v2\/pages\/14680\/revisions\/14681"}],"up":[{"embeddable":true,"href":"https:\/\/vezere.org\/index.php\/wp-json\/wp\/v2\/pages\/14516"}],"wp:attachment":[{"href":"https:\/\/vezere.org\/index.php\/wp-json\/wp\/v2\/media?parent=14680"}],"curies":[{"name":"wp","href":"https:\/\/api.w.org\/{rel}","templated":true}]}}