{"id":14676,"date":"2025-09-03T14:09:10","date_gmt":"2025-09-03T12:09:10","guid":{"rendered":"https:\/\/vezere.org\/?page_id=14676"},"modified":"2025-10-27T17:19:08","modified_gmt":"2025-10-27T16:19:08","slug":"le-chene-abattu-des-etoiles-a-vergt","status":"publish","type":"page","link":"https:\/\/vezere.org\/index.php\/exposition-arbres-lumieres-rivieres-musiques-de-jerome-hutin\/exposition-arbres-lumieres-rivieres-musiques-2025-dans-la-ville-ancienne-et-parc-laplanche-a-terrasson-lavilledieu-vallee-de-la-vezere\/le-chene-abattu-des-etoiles-a-vergt\/","title":{"rendered":"Le Ch\u00eane (abattu) des \u00e9toiles \u00e0 Vergt"},"content":{"rendered":"\n<ul class=\"wp-block-list\">\n<li><br><p data-start=\"1587\" data-end=\"1716\"><strong data-start=\"1587\" data-end=\"1623\">Le Ch\u00eane des \u00e9toiles (Chalamard)<\/strong><\/p><br><\/li>\n<\/ul>\n\n\n<div class=\"wp-block-image\">\n<figure class=\"alignright\"><a href=\"http:\/\/vezere.org\/wp-content\/uploads\/2025\/07\/HUT_3807.jpg\"><img loading=\"lazy\" decoding=\"async\" width=\"1024\" height=\"683\" src=\"http:\/\/vezere.org\/wp-content\/uploads\/2025\/07\/HUT_3807-1024x683.jpg\" alt=\"\" class=\"wp-image-14487\" srcset=\"https:\/\/vezere.org\/wp-content\/uploads\/2025\/07\/HUT_3807-1024x683.jpg 1024w, https:\/\/vezere.org\/wp-content\/uploads\/2025\/07\/HUT_3807-300x200.jpg 300w, https:\/\/vezere.org\/wp-content\/uploads\/2025\/07\/HUT_3807-768x512.jpg 768w, https:\/\/vezere.org\/wp-content\/uploads\/2025\/07\/HUT_3807-1140x760.jpg 1140w, https:\/\/vezere.org\/wp-content\/uploads\/2025\/07\/HUT_3807-272x182.jpg 272w, https:\/\/vezere.org\/wp-content\/uploads\/2025\/07\/HUT_3807.jpg 1500w\" sizes=\"auto, (max-width: 1024px) 100vw, 1024px\" \/><\/a><\/figure><\/div>\n\n\n<p><strong data-start=\"1587\" data-end=\"1623\"><\/strong><br data-start=\"1623\" data-end=\"1626\"><em data-start=\"1628\" data-end=\"1714\">Photographi\u00e9&nbsp; en 2014 et 2018, et le 06 mars 2022 sous le ciel en circumpolaire. <strong>Il \u00e9tait l&rsquo;\u00e2me du lieu, le v\u00e9n\u00e9rable de Vergt. Mais cet arbre majestueux a \u00e9t\u00e9 abattu en novembre 2024, le propri\u00e9taire h\u00e9ritier ayant entendu dire par des soit disant experts&#8230; qu&rsquo;il \u00e9tait \u00ab\u00a0infest\u00e9\u00a0\u00bb par des capricornes (propos \u00e9crit dans Sud Ouest ! 3 jours d&rsquo;abattage, en morceaux de 2 m, mais o\u00f9 \u00e9taient les dits capricornes dans un bois enti\u00e8rement sain !<\/strong><\/em><\/p>\n\n\n\n<p>le proprio devrait porter plainte contre ce soit disant expert et tout ceux qui lui on dit qu&rsquo;il pourrait tomber&#8230;assureur compris.<\/p>\n\n\n\n<p><strong>Valeur de l&rsquo;arbre vivant ou mort : environ 100.000 euros ! Paix \u00e0 son \u00e2me.<\/strong><\/p>\n\n\n\n<p>Avant son abattage, j&rsquo;avais r\u00e9cup\u00e9r\u00e9 des glands, 7 d&rsquo;entre eux ont germ\u00e9 et donnent de jolis arbres bien fragile encore. Mais en ce moment j&rsquo;enregistre leurs musiques ! Voir lien ci dessous.<\/p>\n\n\n<div class=\"wp-block-image\">\n<figure class=\"alignright\"><a href=\"http:\/\/vezere.org\/wp-content\/uploads\/2025\/07\/chene-chalamardtexteIA-Universel.jpg\"><img loading=\"lazy\" decoding=\"async\" width=\"1024\" height=\"819\" src=\"http:\/\/vezere.org\/wp-content\/uploads\/2025\/07\/chene-chalamardtexteIA-Universel-1024x819.jpg\" alt=\"\" class=\"wp-image-14510\" srcset=\"https:\/\/vezere.org\/wp-content\/uploads\/2025\/07\/chene-chalamardtexteIA-Universel-1024x819.jpg 1024w, https:\/\/vezere.org\/wp-content\/uploads\/2025\/07\/chene-chalamardtexteIA-Universel-300x240.jpg 300w, https:\/\/vezere.org\/wp-content\/uploads\/2025\/07\/chene-chalamardtexteIA-Universel-768x614.jpg 768w, https:\/\/vezere.org\/wp-content\/uploads\/2025\/07\/chene-chalamardtexteIA-Universel-1140x912.jpg 1140w\" sizes=\"auto, (max-width: 1024px) 100vw, 1024px\" \/><\/a><\/figure><\/div>\n\n\n<p><\/p>\n\n\n<!--[if lt IE 9]><script>document.createElement('audio');<\/script><![endif]-->\n\t<div class=\"wp-playlist wp-audio-playlist wp-playlist-light\">\n\t\t\t<div class=\"wp-playlist-current-item\"><\/div>\n\t\t<audio controls=\"controls\" preload=\"none\" width=\"938\"\n\t\t\t><\/audio>\n\t<div class=\"wp-playlist-next\"><\/div>\n\t<div class=\"wp-playlist-prev\"><\/div>\n\t<noscript>\n\t<ol>\n\t\t<li><a href='https:\/\/vezere.org\/wp-content\/uploads\/2025\/07\/petit-chene-chalamard-Vergt-09aout2025-17h20-ZOOM0011_01.mp3'>petit-chene-chalamard-Vergt-09aout2025-17h20-ZOOM0011_01<\/a><\/li>\t<\/ol>\n\t<\/noscript>\n\t<script type=\"application\/json\" class=\"wp-playlist-script\">{\"type\":\"audio\",\"tracklist\":true,\"tracknumbers\":true,\"images\":true,\"artists\":true,\"tracks\":[{\"src\":\"https:\\\/\\\/vezere.org\\\/wp-content\\\/uploads\\\/2025\\\/07\\\/petit-chene-chalamard-Vergt-09aout2025-17h20-ZOOM0011_01.mp3\",\"type\":\"audio\\\/mpeg\",\"title\":\"petit-chene-chalamard-Vergt-09aout2025-17h20-ZOOM0011_01\",\"caption\":\"\",\"description\":\"<i>petit-chene-chalamard-Vergt-09aout2025-17h20-ZOOM0011_01<\\\/i>. Genre\\u00a0: Blues.\",\"meta\":[],\"image\":{\"src\":\"https:\\\/\\\/vezere.org\\\/wp-includes\\\/images\\\/media\\\/audio.svg\",\"width\":48,\"height\":64},\"thumb\":{\"src\":\"https:\\\/\\\/vezere.org\\\/wp-includes\\\/images\\\/media\\\/audio.svg\",\"width\":48,\"height\":64}}]}<\/script>\n<\/div>\n\t\n\n\n\n<p>&nbsp;<\/p>\n\n\n\n<p>Le <strong>26 octobre 2025<\/strong>, je viens d&rsquo;enregistrer pendant une heure, la captation musicale des 8 petits ch\u00eanes qui proviennent du v\u00e9n\u00e9rable ch\u00eane abattu en novembre 2024.&nbsp;<\/p>\n\n\n\n<p>Cette \u00ab\u00a0<strong>musique de l&rsquo;arbre<\/strong>\u00a0\u00bb est un hommage \u00e0 tous les arbres qui sont abattu car des propri\u00e9taires pr\u00e9f\u00e8rent privil\u00e9gier le b\u00e2ti que le vivant.&nbsp; Prenez ce temps d&rsquo;une heure pour \u00e9couter les variations de ces petits ch\u00eanes ! Qui esp\u00e9rons-le grandiront plus de 250 ans !!!<\/p>\n\n\n\n<p>il y a donc 8 pistes s\u00e9par\u00e9es par des silences, li\u00e9s au changement de connexion entre chaque arbre.&nbsp;<\/p>\n\n\n\n<p>Belle \u00e9coute et revenez vers moi s&rsquo;il vous pla\u00eet. J&rsquo;aimerais conna\u00eetre votre ressenti.<\/p>\n\n\n\n<figure class=\"wp-block-audio\"><audio controls src=\"https:\/\/vezere.org\/wp-content\/uploads\/2025\/10\/8petits-chenes-chalamard-Vergt-26octobre2025-ZOOM0087_01.mp3\"><\/audio><\/figure>\n\n\n\n<figure class=\"wp-block-image size-large is-style-rounded\"><img loading=\"lazy\" decoding=\"async\" width=\"461\" height=\"1024\" src=\"https:\/\/vezere.org\/wp-content\/uploads\/2025\/10\/IMG_20251026_223557-461x1024.jpg\" alt=\"\" class=\"wp-image-14910\" srcset=\"https:\/\/vezere.org\/wp-content\/uploads\/2025\/10\/IMG_20251026_223557-461x1024.jpg 461w, https:\/\/vezere.org\/wp-content\/uploads\/2025\/10\/IMG_20251026_223557-135x300.jpg 135w, https:\/\/vezere.org\/wp-content\/uploads\/2025\/10\/IMG_20251026_223557-768x1707.jpg 768w, https:\/\/vezere.org\/wp-content\/uploads\/2025\/10\/IMG_20251026_223557-691x1536.jpg 691w, https:\/\/vezere.org\/wp-content\/uploads\/2025\/10\/IMG_20251026_223557-922x2048.jpg 922w, https:\/\/vezere.org\/wp-content\/uploads\/2025\/10\/IMG_20251026_223557-1140x2533.jpg 1140w, https:\/\/vezere.org\/wp-content\/uploads\/2025\/10\/IMG_20251026_223557-scaled.jpg 1152w\" sizes=\"auto, (max-width: 461px) 100vw, 461px\" \/><\/figure>\n\n\n\n<p class=\"has-text-align-center\"><span style=\"color: #ff0000;\"><a style=\"color: #ff0000;\" href=\"http:\/\/vezere.org\">Retour \u00e0 l&rsquo;Accueil<\/a><\/span><\/p>\n","protected":false},"excerpt":{"rendered":"<p>Photographi\u00e9&nbsp; en 2014 et 2018, et le 06 mars 2022 sous le ciel en circumpolaire. Il \u00e9tait l&rsquo;\u00e2me du lieu, le v\u00e9n\u00e9rable de Vergt. Mais cet arbre majestueux a \u00e9t\u00e9 abattu en novembre 2024, le propri\u00e9taire h\u00e9ritier ayant entendu dire par des soit disant experts&#8230; qu&rsquo;il \u00e9tait \u00ab\u00a0infest\u00e9\u00a0\u00bb par des capricornes (propos \u00e9crit dans Sud Ouest ! 3 jours d&rsquo;abattage, en morceaux de 2 m, mais o\u00f9 \u00e9taient les dits capricornes dans un bois enti\u00e8rement sain ! le proprio devrait porter plainte contre ce soit disant expert et tout ceux qui lui on dit qu&rsquo;il pourrait tomber&#8230;assureur compris. Valeur de l&rsquo;arbre vivant ou mort : environ 100.000 euros ! Paix \u00e0 son \u00e2me. Avant son abattage, j&rsquo;avais r\u00e9cup\u00e9r\u00e9 des glands, 7 d&rsquo;entre eux ont germ\u00e9 et donnent de jolis arbres bien fragile encore. Mais en ce moment j&rsquo;enregistre leurs musiques ! Voir lien ci dessous. &nbsp; Le 26 octobre 2025, je viens d&rsquo;enregistrer pendant une heure, la captation musicale des 8 petits ch\u00eanes qui proviennent du v\u00e9n\u00e9rable ch\u00eane abattu en novembre 2024.&nbsp; Cette \u00ab\u00a0musique de l&rsquo;arbre\u00a0\u00bb est un hommage \u00e0 tous les arbres qui sont abattu car des propri\u00e9taires pr\u00e9f\u00e8rent privil\u00e9gier le b\u00e2ti que le vivant.&nbsp; Prenez ce temps d&rsquo;une heure pour \u00e9couter les variations de ces petits ch\u00eanes ! Qui esp\u00e9rons-le grandiront plus de 250 ans !!! il y a donc 8 pistes s\u00e9par\u00e9es par des silences, li\u00e9s au changement de connexion entre chaque arbre.&nbsp; Belle \u00e9coute et revenez vers moi s&rsquo;il vous pla\u00eet. J&rsquo;aimerais conna\u00eetre votre ressenti. Retour \u00e0 l&rsquo;Accueil<\/p>\n","protected":false},"author":1,"featured_media":0,"parent":14516,"menu_order":0,"comment_status":"closed","ping_status":"closed","template":"","meta":{"footnotes":""},"class_list":["post-14676","page","type-page","status-publish","hentry"],"_links":{"self":[{"href":"https:\/\/vezere.org\/index.php\/wp-json\/wp\/v2\/pages\/14676","targetHints":{"allow":["GET"]}}],"collection":[{"href":"https:\/\/vezere.org\/index.php\/wp-json\/wp\/v2\/pages"}],"about":[{"href":"https:\/\/vezere.org\/index.php\/wp-json\/wp\/v2\/types\/page"}],"author":[{"embeddable":true,"href":"https:\/\/vezere.org\/index.php\/wp-json\/wp\/v2\/users\/1"}],"replies":[{"embeddable":true,"href":"https:\/\/vezere.org\/index.php\/wp-json\/wp\/v2\/comments?post=14676"}],"version-history":[{"count":4,"href":"https:\/\/vezere.org\/index.php\/wp-json\/wp\/v2\/pages\/14676\/revisions"}],"predecessor-version":[{"id":14913,"href":"https:\/\/vezere.org\/index.php\/wp-json\/wp\/v2\/pages\/14676\/revisions\/14913"}],"up":[{"embeddable":true,"href":"https:\/\/vezere.org\/index.php\/wp-json\/wp\/v2\/pages\/14516"}],"wp:attachment":[{"href":"https:\/\/vezere.org\/index.php\/wp-json\/wp\/v2\/media?parent=14676"}],"curies":[{"name":"wp","href":"https:\/\/api.w.org\/{rel}","templated":true}]}}