{"id":14664,"date":"2025-09-03T13:25:58","date_gmt":"2025-09-03T11:25:58","guid":{"rendered":"https:\/\/vezere.org\/?page_id=14664"},"modified":"2025-09-04T23:42:42","modified_gmt":"2025-09-04T21:42:42","slug":"le-tilleul-du-dejeuner-sur-lherbe-saint-leon-sur-vezere-dordogne","status":"publish","type":"page","link":"https:\/\/vezere.org\/index.php\/exposition-arbres-lumieres-rivieres-musiques-de-jerome-hutin\/exposition-arbres-lumieres-rivieres-musiques-2025-dans-la-ville-ancienne-et-parc-laplanche-a-terrasson-lavilledieu-vallee-de-la-vezere\/le-tilleul-du-dejeuner-sur-lherbe-saint-leon-sur-vezere-dordogne\/","title":{"rendered":"Le tilleul du D\u00e9jeuner sur l&rsquo;herbe, Saint L\u00e9on sur V\u00e9z\u00e8re, Dordogne."},"content":{"rendered":"<ul>\n<li><strong>Le tilleul du D\u00e9jeuner sur l&rsquo;herbe, Saint L\u00e9on sur V\u00e9z\u00e8re, Dordogne.<\/strong><\/li>\n<\/ul>\n<p>Ce tilleul \u00e0 petite feuille, apporte ombre et fraicheur \u00e0 toutes celles et ceux qui viennent partager des repas au <a href=\"https:\/\/www.facebook.com\/p\/Le-D%C3%A9jeuner-sur-lHerbe-100057204079992\/?locale=fr_FR\" target=\"_blank\" rel=\"noopener\"><strong>D\u00e9jeuner sur l&rsquo;Herbe<\/strong><\/a> \u00e0 Saint L\u00e9on sur V\u00e9z\u00e8re. Mais qui d&rsquo;entre vous prenez conscience de sa croissance silencieuse et musicale&#8230;.?<\/p>\n<p>Voici la premi\u00e8re musique de ce tilleul ! et si on organisait un concert improvis\u00e9 entre la musique du tilleul et d&rsquo;autres musiciens ?<\/p>\n<p style=\"text-align: center;\"><img loading=\"lazy\" decoding=\"async\" class=\"aligncenter size-full wp-image-14548\" src=\"http:\/\/vezere.org\/wp-content\/uploads\/2025\/08\/tilleul-Dejeuner-sur-lHerbe-Saint-L\u00e9on-sur-V\u00e9z\u00e8re.jpg\" alt=\"\" width=\"288\" height=\"640\" srcset=\"https:\/\/vezere.org\/wp-content\/uploads\/2025\/08\/tilleul-Dejeuner-sur-lHerbe-Saint-L\u00e9on-sur-V\u00e9z\u00e8re.jpg 288w, https:\/\/vezere.org\/wp-content\/uploads\/2025\/08\/tilleul-Dejeuner-sur-lHerbe-Saint-L\u00e9on-sur-V\u00e9z\u00e8re-135x300.jpg 135w\" sizes=\"auto, (max-width: 288px) 100vw, 288px\" \/><\/p>\n<!--[if lt IE 9]><script>document.createElement('audio');<\/script><![endif]-->\n<audio class=\"wp-audio-shortcode\" id=\"audio-14664-1\" preload=\"none\" style=\"width: 100%;\" controls=\"controls\"><source type=\"audio\/mpeg\" src=\"https:\/\/vezere.org\/wp-content\/uploads\/2025\/08\/tilleul-dejeuner-sur-herbe-saint-leon-sur-vezere-18aout2025-ZOOM0027_01.mp3?_=1\" \/><a href=\"https:\/\/vezere.org\/wp-content\/uploads\/2025\/08\/tilleul-dejeuner-sur-herbe-saint-leon-sur-vezere-18aout2025-ZOOM0027_01.mp3\">https:\/\/vezere.org\/wp-content\/uploads\/2025\/08\/tilleul-dejeuner-sur-herbe-saint-leon-sur-vezere-18aout2025-ZOOM0027_01.mp3<\/a><\/audio>\n<p style=\"text-align: center;\"><span style=\"color: #ff0000;\"><a style=\"color: #ff0000;\" href=\"http:\/\/vezere.org\">Retour \u00e0 l&rsquo;Accueil<\/a><\/span><\/p>\n\n\n<figure class=\"wp-block-image size-large\"><img loading=\"lazy\" decoding=\"async\" width=\"1024\" height=\"461\" src=\"https:\/\/vezere.org\/wp-content\/uploads\/2025\/09\/IMG_20250904_192054-1024x461.jpg\" alt=\"\" class=\"wp-image-14716\" srcset=\"https:\/\/vezere.org\/wp-content\/uploads\/2025\/09\/IMG_20250904_192054-1024x461.jpg 1024w, https:\/\/vezere.org\/wp-content\/uploads\/2025\/09\/IMG_20250904_192054-300x135.jpg 300w, https:\/\/vezere.org\/wp-content\/uploads\/2025\/09\/IMG_20250904_192054-768x346.jpg 768w, https:\/\/vezere.org\/wp-content\/uploads\/2025\/09\/IMG_20250904_192054-1536x691.jpg 1536w, https:\/\/vezere.org\/wp-content\/uploads\/2025\/09\/IMG_20250904_192054-2048x922.jpg 2048w, https:\/\/vezere.org\/wp-content\/uploads\/2025\/09\/IMG_20250904_192054-1140x513.jpg 1140w\" sizes=\"auto, (max-width: 1024px) 100vw, 1024px\" \/><\/figure>\n\n\n\n<div style=\"height:31px\" aria-hidden=\"true\" class=\"wp-block-spacer\"><\/div>\n\n\n\n<figure class=\"wp-block-image size-large\"><img loading=\"lazy\" decoding=\"async\" width=\"1024\" height=\"461\" src=\"https:\/\/vezere.org\/wp-content\/uploads\/2025\/09\/IMG_20250904_191733-1024x461.jpg\" alt=\"\" class=\"wp-image-14717\" srcset=\"https:\/\/vezere.org\/wp-content\/uploads\/2025\/09\/IMG_20250904_191733-1024x461.jpg 1024w, https:\/\/vezere.org\/wp-content\/uploads\/2025\/09\/IMG_20250904_191733-300x135.jpg 300w, https:\/\/vezere.org\/wp-content\/uploads\/2025\/09\/IMG_20250904_191733-768x346.jpg 768w, https:\/\/vezere.org\/wp-content\/uploads\/2025\/09\/IMG_20250904_191733-1536x692.jpg 1536w, https:\/\/vezere.org\/wp-content\/uploads\/2025\/09\/IMG_20250904_191733-2048x923.jpg 2048w, https:\/\/vezere.org\/wp-content\/uploads\/2025\/09\/IMG_20250904_191733-1140x514.jpg 1140w\" sizes=\"auto, (max-width: 1024px) 100vw, 1024px\" \/><\/figure>\n\n\n\n<p>Le <strong>04 septembre 2025<\/strong> en soir\u00e9e, je suis retourn\u00e9 au <strong>D\u00e9jeuner sur l&rsquo;Herbe<\/strong> et pendant 45 mn j&rsquo;ai enregistr\u00e9 la deuxi\u00e8me musique de ce tilleul. Musique douce, apaisante ! <\/p>\n\n\n\n<p>Belle \u00e9coute m\u00e9ditative et qui sait ce que cela donnerait avec des musiciens et de l&rsquo;improvisation ?<\/p>\n\n\n\n<figure class=\"wp-block-audio\"><audio controls src=\"http:\/\/vezere.org\/wp-content\/uploads\/2025\/09\/tilleul-dejeuner-sur-herbe-sat-leon-sur-vezere-04septembre20255-ZOOM0046.mp3\"><\/audio><\/figure>\n\n\n\n<p class=\"has-text-align-center\"><a href=\"http:\/\/vezere.org\">Retour \u00e0 l&rsquo;Accueil<\/a><\/p>\n","protected":false},"excerpt":{"rendered":"<p>Le tilleul du D\u00e9jeuner sur l&rsquo;herbe, Saint L\u00e9on sur V\u00e9z\u00e8re, Dordogne. Ce tilleul \u00e0 petite feuille, apporte ombre et fraicheur \u00e0 toutes celles et ceux qui viennent partager des repas au D\u00e9jeuner sur l&rsquo;Herbe \u00e0 Saint L\u00e9on sur V\u00e9z\u00e8re. Mais qui d&rsquo;entre vous prenez conscience de sa croissance silencieuse et musicale&#8230;.? Voici la premi\u00e8re musique de ce tilleul ! et si on organisait un concert improvis\u00e9 entre la musique du tilleul et d&rsquo;autres musiciens ? Retour \u00e0 l&rsquo;Accueil Le 04 septembre 2025 en soir\u00e9e, je suis retourn\u00e9 au D\u00e9jeuner sur l&rsquo;Herbe et pendant 45 mn j&rsquo;ai enregistr\u00e9 la deuxi\u00e8me musique de ce tilleul. Musique douce, apaisante ! Belle \u00e9coute m\u00e9ditative et qui sait ce que cela donnerait avec des musiciens et de l&rsquo;improvisation ? Retour \u00e0 l&rsquo;Accueil<\/p>\n","protected":false},"author":1,"featured_media":0,"parent":14516,"menu_order":0,"comment_status":"closed","ping_status":"closed","template":"","meta":{"footnotes":""},"class_list":["post-14664","page","type-page","status-publish","hentry"],"_links":{"self":[{"href":"https:\/\/vezere.org\/index.php\/wp-json\/wp\/v2\/pages\/14664","targetHints":{"allow":["GET"]}}],"collection":[{"href":"https:\/\/vezere.org\/index.php\/wp-json\/wp\/v2\/pages"}],"about":[{"href":"https:\/\/vezere.org\/index.php\/wp-json\/wp\/v2\/types\/page"}],"author":[{"embeddable":true,"href":"https:\/\/vezere.org\/index.php\/wp-json\/wp\/v2\/users\/1"}],"replies":[{"embeddable":true,"href":"https:\/\/vezere.org\/index.php\/wp-json\/wp\/v2\/comments?post=14664"}],"version-history":[{"count":3,"href":"https:\/\/vezere.org\/index.php\/wp-json\/wp\/v2\/pages\/14664\/revisions"}],"predecessor-version":[{"id":14719,"href":"https:\/\/vezere.org\/index.php\/wp-json\/wp\/v2\/pages\/14664\/revisions\/14719"}],"up":[{"embeddable":true,"href":"https:\/\/vezere.org\/index.php\/wp-json\/wp\/v2\/pages\/14516"}],"wp:attachment":[{"href":"https:\/\/vezere.org\/index.php\/wp-json\/wp\/v2\/media?parent=14664"}],"curies":[{"name":"wp","href":"https:\/\/api.w.org\/{rel}","templated":true}]}}