{"id":14658,"date":"2025-09-03T13:16:39","date_gmt":"2025-09-03T11:16:39","guid":{"rendered":"https:\/\/vezere.org\/?page_id=14658"},"modified":"2025-09-03T13:17:48","modified_gmt":"2025-09-03T11:17:48","slug":"le-cedre-du-liban-tricentenaire-du-manoir-de-la-salle-a-saint-leon-sur-vezere-dordogne","status":"publish","type":"page","link":"https:\/\/vezere.org\/index.php\/exposition-arbres-lumieres-rivieres-musiques-de-jerome-hutin\/exposition-arbres-lumieres-rivieres-musiques-2025-dans-la-ville-ancienne-et-parc-laplanche-a-terrasson-lavilledieu-vallee-de-la-vezere\/le-cedre-du-liban-tricentenaire-du-manoir-de-la-salle-a-saint-leon-sur-vezere-dordogne\/","title":{"rendered":"Le C\u00e8dre du Liban tricentenaire du Manoir de La Salle, \u00e0 Saint L\u00e9on sur V\u00e9z\u00e8re, Dordogne."},"content":{"rendered":"<div class=\"x14z9mp xat24cr x1lziwak x1vvkbs xtlvy1s x126k92a\">\n<ul>\n<li><strong>Le C\u00e8dre du Liban tricentenaire du Manoir de La Salle, \u00e0 Saint L\u00e9on sur V\u00e9z\u00e8re, Dordogne.<\/strong><\/li>\n<\/ul>\n<p>Je viens\u00a0 souvent admirer le c\u00e8dre du Liban de Saint L\u00e9on sur V\u00e9z\u00e8re et je remercie Jean Max Touron qui a rachet\u00e9 le manoir d&rsquo;avoir bien pr\u00e9serv\u00e9 les arbres du parc.<\/p>\n<p>Le 18 Ao\u00fbt 2025, je suis all\u00e9 \u00ab\u00a0enregistrer\u00a0\u00bb la musique, les variations \u00e9lectriques de ce magnifique et v\u00e9n\u00e9rable arbre. Je n&rsquo;\u00e9tais pas certain que je puisse l&rsquo;enregistrer car ce sont des aiguilles, mais voici le r\u00e9sultant pendant 40 mn de musique !<\/p>\n<p><img loading=\"lazy\" decoding=\"async\" class=\"aligncenter size-full wp-image-14541\" src=\"http:\/\/vezere.org\/wp-content\/uploads\/2025\/08\/cedre-liban-saint-leon-sur-Vezere.jpg\" alt=\"\" width=\"390\" height=\"640\" srcset=\"https:\/\/vezere.org\/wp-content\/uploads\/2025\/08\/cedre-liban-saint-leon-sur-Vezere.jpg 390w, https:\/\/vezere.org\/wp-content\/uploads\/2025\/08\/cedre-liban-saint-leon-sur-Vezere-183x300.jpg 183w\" sizes=\"auto, (max-width: 390px) 100vw, 390px\" \/><\/p>\n<\/div>\n<!--[if lt IE 9]><script>document.createElement('audio');<\/script><![endif]-->\n<audio class=\"wp-audio-shortcode\" id=\"audio-14658-1\" preload=\"none\" style=\"width: 100%;\" controls=\"controls\"><source type=\"audio\/mpeg\" src=\"https:\/\/vezere.org\/wp-content\/uploads\/2025\/08\/cedre-liban-manoir-lasalle-st-Leon-sur-Vezere-18aout2025-ZOOM0031_01.mp3?_=1\" \/><a href=\"https:\/\/vezere.org\/wp-content\/uploads\/2025\/08\/cedre-liban-manoir-lasalle-st-Leon-sur-Vezere-18aout2025-ZOOM0031_01.mp3\">https:\/\/vezere.org\/wp-content\/uploads\/2025\/08\/cedre-liban-manoir-lasalle-st-Leon-sur-Vezere-18aout2025-ZOOM0031_01.mp3<\/a><\/audio>\n<p style=\"text-align: center;\"><span style=\"color: #ff0000;\"><a style=\"color: #ff0000;\" href=\"http:\/\/vezere.org\">Retour \u00e0 l&rsquo;accueil<\/a><\/span><\/p>\n","protected":false},"excerpt":{"rendered":"<p>Le C\u00e8dre du Liban tricentenaire du Manoir de La Salle, \u00e0 Saint L\u00e9on sur V\u00e9z\u00e8re, Dordogne. Je viens\u00a0 souvent admirer le c\u00e8dre du Liban de Saint L\u00e9on sur V\u00e9z\u00e8re et je remercie Jean Max Touron qui a rachet\u00e9 le manoir d&rsquo;avoir bien pr\u00e9serv\u00e9 les arbres du parc. Le 18 Ao\u00fbt 2025, je suis all\u00e9 \u00ab\u00a0enregistrer\u00a0\u00bb la musique, les variations \u00e9lectriques de ce magnifique et v\u00e9n\u00e9rable arbre. Je n&rsquo;\u00e9tais pas certain que je puisse l&rsquo;enregistrer car ce sont des aiguilles, mais voici le r\u00e9sultant pendant 40 mn de musique ! Retour \u00e0 l&rsquo;accueil<\/p>\n","protected":false},"author":1,"featured_media":0,"parent":14516,"menu_order":0,"comment_status":"closed","ping_status":"closed","template":"","meta":{"footnotes":""},"class_list":["post-14658","page","type-page","status-publish","hentry"],"_links":{"self":[{"href":"https:\/\/vezere.org\/index.php\/wp-json\/wp\/v2\/pages\/14658","targetHints":{"allow":["GET"]}}],"collection":[{"href":"https:\/\/vezere.org\/index.php\/wp-json\/wp\/v2\/pages"}],"about":[{"href":"https:\/\/vezere.org\/index.php\/wp-json\/wp\/v2\/types\/page"}],"author":[{"embeddable":true,"href":"https:\/\/vezere.org\/index.php\/wp-json\/wp\/v2\/users\/1"}],"replies":[{"embeddable":true,"href":"https:\/\/vezere.org\/index.php\/wp-json\/wp\/v2\/comments?post=14658"}],"version-history":[{"count":3,"href":"https:\/\/vezere.org\/index.php\/wp-json\/wp\/v2\/pages\/14658\/revisions"}],"predecessor-version":[{"id":14661,"href":"https:\/\/vezere.org\/index.php\/wp-json\/wp\/v2\/pages\/14658\/revisions\/14661"}],"up":[{"embeddable":true,"href":"https:\/\/vezere.org\/index.php\/wp-json\/wp\/v2\/pages\/14516"}],"wp:attachment":[{"href":"https:\/\/vezere.org\/index.php\/wp-json\/wp\/v2\/media?parent=14658"}],"curies":[{"name":"wp","href":"https:\/\/api.w.org\/{rel}","templated":true}]}}