{"id":14655,"date":"2025-09-03T13:02:02","date_gmt":"2025-09-03T11:02:02","guid":{"rendered":"https:\/\/vezere.org\/?page_id=14655"},"modified":"2025-09-03T13:02:26","modified_gmt":"2025-09-03T11:02:26","slug":"le-saule-pleureur-du-parc-laplanche-jardin-de-lavergnes-terrasson-lavilledieu","status":"publish","type":"page","link":"https:\/\/vezere.org\/index.php\/exposition-arbres-lumieres-rivieres-musiques-de-jerome-hutin\/exposition-arbres-lumieres-rivieres-musiques-2025-dans-la-ville-ancienne-et-parc-laplanche-a-terrasson-lavilledieu-vallee-de-la-vezere\/le-saule-pleureur-du-parc-laplanche-jardin-de-lavergnes-terrasson-lavilledieu\/","title":{"rendered":"Le saule pleureur du\u00a0 Parc Laplanche, Jardin de Lavergnes, Terrasson-Lavilledieu"},"content":{"rendered":"<ul>\n<li><strong>Le saule pleureur du\u00a0 Parc Laplanche, Jardin de Lavergnes, Terrasson-Lavilledieu<\/strong><\/li>\n<\/ul>\n<p>Un joli saule pleureur m\u00e9rite que l&rsquo;on \u00e9coute sa musique int\u00e9rieure&#8230;.<\/p>\n<p>ce soir-l\u00e0 de l&rsquo;enregistrement, mon amie Sylvie, Jocelyne, et Malika avaient accept\u00e9 d&rsquo;\u00eatre \u00ab\u00a0branch\u00e9es\u00a0\u00bb avec le boitier qui permet d&rsquo;enregistrer, d&rsquo;\u00e9couter \u00ab\u00a0sa musique int\u00e9rieure\u00a0\u00bb ! quelles joies, \u00e9merveillements pour ces belles personnes !<\/p>\n<p><img loading=\"lazy\" decoding=\"async\" class=\"aligncenter wp-image-14543 size-large\" src=\"http:\/\/vezere.org\/wp-content\/uploads\/2025\/08\/saule-pleureur-Laplanche-1024x461.jpg\" alt=\"\" width=\"960\" height=\"432\" srcset=\"https:\/\/vezere.org\/wp-content\/uploads\/2025\/08\/saule-pleureur-Laplanche-1024x461.jpg 1024w, https:\/\/vezere.org\/wp-content\/uploads\/2025\/08\/saule-pleureur-Laplanche-300x135.jpg 300w, https:\/\/vezere.org\/wp-content\/uploads\/2025\/08\/saule-pleureur-Laplanche-768x346.jpg 768w, https:\/\/vezere.org\/wp-content\/uploads\/2025\/08\/saule-pleureur-Laplanche-1140x513.jpg 1140w\" sizes=\"auto, (max-width: 960px) 100vw, 960px\" \/><\/p>\n<!--[if lt IE 9]><script>document.createElement('audio');<\/script><![endif]-->\n<audio class=\"wp-audio-shortcode\" id=\"audio-14655-1\" preload=\"none\" style=\"width: 100%;\" controls=\"controls\"><source type=\"audio\/mpeg\" src=\"https:\/\/vezere.org\/wp-content\/uploads\/2025\/08\/Saule%20pleureur-parc%20Laplanche-Terrasson-14Ao%c3%bbt2025-ZOOM0021_01.mp3?_=1\" \/><a href=\"https:\/\/vezere.org\/wp-content\/uploads\/2025\/08\/Saule%20pleureur-parc%20Laplanche-Terrasson-14Ao%c3%bbt2025-ZOOM0021_01.mp3\">https:\/\/vezere.org\/wp-content\/uploads\/2025\/08\/Saule%20pleureur-parc%20Laplanche-Terrasson-14Ao%c3%bbt2025-ZOOM0021_01.mp3<\/a><\/audio>\n<p style=\"text-align: center;\"><span style=\"color: #ff0000;\"><a style=\"color: #ff0000;\" href=\"http:\/\/vezere.org\">Retour \u00e0 l&rsquo;accueil<\/a><\/span><\/p>\n<div class=\"x14z9mp xat24cr x1lziwak x1vvkbs xtlvy1s x126k92a\">\n<\/div>\n","protected":false},"excerpt":{"rendered":"<p>Le saule pleureur du\u00a0 Parc Laplanche, Jardin de Lavergnes, Terrasson-Lavilledieu Un joli saule pleureur m\u00e9rite que l&rsquo;on \u00e9coute sa musique int\u00e9rieure&#8230;. ce soir-l\u00e0 de l&rsquo;enregistrement, mon amie Sylvie, Jocelyne, et Malika avaient accept\u00e9 d&rsquo;\u00eatre \u00ab\u00a0branch\u00e9es\u00a0\u00bb avec le boitier qui permet d&rsquo;enregistrer, d&rsquo;\u00e9couter \u00ab\u00a0sa musique int\u00e9rieure\u00a0\u00bb ! quelles joies, \u00e9merveillements pour ces belles personnes ! Retour \u00e0 l&rsquo;accueil<\/p>\n","protected":false},"author":1,"featured_media":0,"parent":14516,"menu_order":0,"comment_status":"closed","ping_status":"closed","template":"","meta":{"footnotes":""},"class_list":["post-14655","page","type-page","status-publish","hentry"],"_links":{"self":[{"href":"https:\/\/vezere.org\/index.php\/wp-json\/wp\/v2\/pages\/14655","targetHints":{"allow":["GET"]}}],"collection":[{"href":"https:\/\/vezere.org\/index.php\/wp-json\/wp\/v2\/pages"}],"about":[{"href":"https:\/\/vezere.org\/index.php\/wp-json\/wp\/v2\/types\/page"}],"author":[{"embeddable":true,"href":"https:\/\/vezere.org\/index.php\/wp-json\/wp\/v2\/users\/1"}],"replies":[{"embeddable":true,"href":"https:\/\/vezere.org\/index.php\/wp-json\/wp\/v2\/comments?post=14655"}],"version-history":[{"count":2,"href":"https:\/\/vezere.org\/index.php\/wp-json\/wp\/v2\/pages\/14655\/revisions"}],"predecessor-version":[{"id":14657,"href":"https:\/\/vezere.org\/index.php\/wp-json\/wp\/v2\/pages\/14655\/revisions\/14657"}],"up":[{"embeddable":true,"href":"https:\/\/vezere.org\/index.php\/wp-json\/wp\/v2\/pages\/14516"}],"wp:attachment":[{"href":"https:\/\/vezere.org\/index.php\/wp-json\/wp\/v2\/media?parent=14655"}],"curies":[{"name":"wp","href":"https:\/\/api.w.org\/{rel}","templated":true}]}}