{"id":14652,"date":"2025-09-03T12:52:35","date_gmt":"2025-09-03T10:52:35","guid":{"rendered":"https:\/\/vezere.org\/?page_id=14652"},"modified":"2025-09-03T12:52:35","modified_gmt":"2025-09-03T10:52:35","slug":"les-gros-chenes-duo-du-parc-laplanche-jardin-de-lavergnes-terrasson-lavilledieu","status":"publish","type":"page","link":"https:\/\/vezere.org\/index.php\/exposition-arbres-lumieres-rivieres-musiques-de-jerome-hutin\/exposition-arbres-lumieres-rivieres-musiques-2025-dans-la-ville-ancienne-et-parc-laplanche-a-terrasson-lavilledieu-vallee-de-la-vezere\/les-gros-chenes-duo-du-parc-laplanche-jardin-de-lavergnes-terrasson-lavilledieu\/","title":{"rendered":"Les gros ch\u00eanes duo du Parc Laplanche, Jardin de Lavergnes, Terrasson-Lavilledieu"},"content":{"rendered":"<ul>\n<li><strong>Les gros ch\u00eanes duo du Parc Laplanche, Jardin de Lavergnes, Terrasson-Lavilledieu<\/strong><\/li>\n<\/ul>\n<p>Parmi tous les arbres plant\u00e9s dans le parc Laplanche qui est plut\u00f4t un arboretum rachet\u00e9 par la municipalit\u00e9, deux d&rsquo;entre eux sont deux ch\u00eanes doubles que j&rsquo;ai enregistr\u00e9.<\/p>\n<p><img loading=\"lazy\" decoding=\"async\" class=\"aligncenter size-large wp-image-14530\" src=\"http:\/\/vezere.org\/wp-content\/uploads\/2025\/08\/IMG_20250713_101102806_HDR-450x1024.jpg\" alt=\"\" width=\"450\" height=\"1024\" srcset=\"https:\/\/vezere.org\/wp-content\/uploads\/2025\/08\/IMG_20250713_101102806_HDR-450x1024.jpg 450w, https:\/\/vezere.org\/wp-content\/uploads\/2025\/08\/IMG_20250713_101102806_HDR-132x300.jpg 132w, https:\/\/vezere.org\/wp-content\/uploads\/2025\/08\/IMG_20250713_101102806_HDR-768x1749.jpg 768w, https:\/\/vezere.org\/wp-content\/uploads\/2025\/08\/IMG_20250713_101102806_HDR-1140x2596.jpg 1140w, https:\/\/vezere.org\/wp-content\/uploads\/2025\/08\/IMG_20250713_101102806_HDR.jpg 1792w\" sizes=\"auto, (max-width: 450px) 100vw, 450px\" \/><\/p>\n<!--[if lt IE 9]><script>document.createElement('audio');<\/script><![endif]-->\n\t<div class=\"wp-playlist wp-audio-playlist wp-playlist-light\">\n\t\t\t<div class=\"wp-playlist-current-item\"><\/div>\n\t\t<audio controls=\"controls\" preload=\"none\" width=\"938\"\n\t\t\t><\/audio>\n\t<div class=\"wp-playlist-next\"><\/div>\n\t<div class=\"wp-playlist-prev\"><\/div>\n\t<noscript>\n\t<ol>\n\t\t<li><a href='https:\/\/vezere.org\/wp-content\/uploads\/2025\/08\/Gros-ch\u00eanes-duo-parc-Laplanche-29_07_2025-11h49_01.mp3'>Gros ch\u00eanes duo parc Laplanche 29_07_2025 11h49_01<\/a><\/li>\t<\/ol>\n\t<\/noscript>\n\t<script type=\"application\/json\" class=\"wp-playlist-script\">{\"type\":\"audio\",\"tracklist\":true,\"tracknumbers\":true,\"images\":true,\"artists\":true,\"tracks\":[{\"src\":\"https:\\\/\\\/vezere.org\\\/wp-content\\\/uploads\\\/2025\\\/08\\\/Gros-ch\\u00eanes-duo-parc-Laplanche-29_07_2025-11h49_01.mp3\",\"type\":\"audio\\\/mpeg\",\"title\":\"Gros ch\\u00eanes duo parc Laplanche 29_07_2025 11h49_01\",\"caption\":\"\",\"description\":\"<i>Gros ch\\u00eanes duo parc Laplanche 29_07_2025 11h49_01<\\\/i>. Genre\\u00a0: Blues.\",\"meta\":[],\"image\":{\"src\":\"https:\\\/\\\/vezere.org\\\/wp-includes\\\/images\\\/media\\\/audio.svg\",\"width\":48,\"height\":64},\"thumb\":{\"src\":\"https:\\\/\\\/vezere.org\\\/wp-includes\\\/images\\\/media\\\/audio.svg\",\"width\":48,\"height\":64}}]}<\/script>\n<\/div>\n\t\n<p style=\"text-align: center;\"><span style=\"color: #ff0000;\">Retour \u00e0 l&rsquo;accueil<\/span><\/p>\n","protected":false},"excerpt":{"rendered":"<p>Les gros ch\u00eanes duo du Parc Laplanche, Jardin de Lavergnes, Terrasson-Lavilledieu Parmi tous les arbres plant\u00e9s dans le parc Laplanche qui est plut\u00f4t un arboretum rachet\u00e9 par la municipalit\u00e9, deux d&rsquo;entre eux sont deux ch\u00eanes doubles que j&rsquo;ai enregistr\u00e9. Retour \u00e0 l&rsquo;accueil<\/p>\n","protected":false},"author":1,"featured_media":0,"parent":14516,"menu_order":0,"comment_status":"closed","ping_status":"closed","template":"","meta":{"footnotes":""},"class_list":["post-14652","page","type-page","status-publish","hentry"],"_links":{"self":[{"href":"https:\/\/vezere.org\/index.php\/wp-json\/wp\/v2\/pages\/14652","targetHints":{"allow":["GET"]}}],"collection":[{"href":"https:\/\/vezere.org\/index.php\/wp-json\/wp\/v2\/pages"}],"about":[{"href":"https:\/\/vezere.org\/index.php\/wp-json\/wp\/v2\/types\/page"}],"author":[{"embeddable":true,"href":"https:\/\/vezere.org\/index.php\/wp-json\/wp\/v2\/users\/1"}],"replies":[{"embeddable":true,"href":"https:\/\/vezere.org\/index.php\/wp-json\/wp\/v2\/comments?post=14652"}],"version-history":[{"count":1,"href":"https:\/\/vezere.org\/index.php\/wp-json\/wp\/v2\/pages\/14652\/revisions"}],"predecessor-version":[{"id":14653,"href":"https:\/\/vezere.org\/index.php\/wp-json\/wp\/v2\/pages\/14652\/revisions\/14653"}],"up":[{"embeddable":true,"href":"https:\/\/vezere.org\/index.php\/wp-json\/wp\/v2\/pages\/14516"}],"wp:attachment":[{"href":"https:\/\/vezere.org\/index.php\/wp-json\/wp\/v2\/media?parent=14652"}],"curies":[{"name":"wp","href":"https:\/\/api.w.org\/{rel}","templated":true}]}}