{"id":14648,"date":"2025-09-03T12:46:58","date_gmt":"2025-09-03T10:46:58","guid":{"rendered":"https:\/\/vezere.org\/?page_id=14648"},"modified":"2025-09-03T17:56:58","modified_gmt":"2025-09-03T15:56:58","slug":"le-chene-de-valojoulx-vallee-de-la-vezere","status":"publish","type":"page","link":"https:\/\/vezere.org\/index.php\/exposition-arbres-lumieres-rivieres-musiques-de-jerome-hutin\/exposition-arbres-lumieres-rivieres-musiques-2025-dans-la-ville-ancienne-et-parc-laplanche-a-terrasson-lavilledieu-vallee-de-la-vezere\/le-chene-de-valojoulx-vallee-de-la-vezere\/","title":{"rendered":"Le ch\u00eane de Valojoulx, Vall\u00e9e de la V\u00e9z\u00e8re."},"content":{"rendered":"<ul>\n<li><strong><a href=\"http:\/\/vezere.org\/wp-content\/uploads\/2025\/08\/chene_Valojoulx_FOND_BLANC_sans_texte.jpg\"><img loading=\"lazy\" decoding=\"async\" class=\"alignright wp-image-14526\" src=\"http:\/\/vezere.org\/wp-content\/uploads\/2025\/08\/chene_Valojoulx_FOND_BLANC_sans_texte.jpg\" alt=\"\" width=\"573\" height=\"446\" srcset=\"https:\/\/vezere.org\/wp-content\/uploads\/2025\/08\/chene_Valojoulx_FOND_BLANC_sans_texte.jpg 986w, https:\/\/vezere.org\/wp-content\/uploads\/2025\/08\/chene_Valojoulx_FOND_BLANC_sans_texte-300x234.jpg 300w, https:\/\/vezere.org\/wp-content\/uploads\/2025\/08\/chene_Valojoulx_FOND_BLANC_sans_texte-768x598.jpg 768w\" sizes=\"auto, (max-width: 573px) 100vw, 573px\" \/><\/a>Le ch\u00eane de Valojoulx, Vall\u00e9e de la V\u00e9z\u00e8re. <\/strong><\/li>\n<\/ul>\n<p>C&rsquo;est un des 16 arbres qui avait eu un prix par l&rsquo;ancienne association \u00ab\u00a0Mathusalem Dordogne\u00a0\u00bb (dissoute). En 1989, cette association avait lanc\u00e9 une op\u00e9ration pour les arbres de la libert\u00e9 et de la r\u00e9volution fran\u00e7aise. En fait pr\u00e8s de 900 arbres avaient \u00e9t\u00e9 recens\u00e9s entre 100 et 900 ans\u00a0 !<\/p>\n<p>La famille Leblanc et la mairie sont conscients de la valeur patrimonial de ce ch\u00eane. Est ce que des glands ont \u00e9t\u00e9 r\u00e9cup\u00e9r\u00e9s pour faire pousser d&rsquo;autres ch\u00eanes comme lui ?<\/p>\n<!--[if lt IE 9]><script>document.createElement('audio');<\/script><![endif]-->\n\t<div class=\"wp-playlist wp-audio-playlist wp-playlist-light\">\n\t\t\t<div class=\"wp-playlist-current-item\"><\/div>\n\t\t<audio controls=\"controls\" preload=\"none\" width=\"938\"\n\t\t\t><\/audio>\n\t<div class=\"wp-playlist-next\"><\/div>\n\t<div class=\"wp-playlist-prev\"><\/div>\n\t<noscript>\n\t<ol>\n\t\t<li><a href='https:\/\/vezere.org\/wp-content\/uploads\/2025\/08\/Ch\u00eane-Valojoulx-29-7-2025_20h37_01.mp3'>Ch\u00eane Valojoulx 29-7-2025_20h37_01<\/a><\/li>\t<\/ol>\n\t<\/noscript>\n\t<script type=\"application\/json\" class=\"wp-playlist-script\">{\"type\":\"audio\",\"tracklist\":true,\"tracknumbers\":true,\"images\":true,\"artists\":true,\"tracks\":[{\"src\":\"https:\\\/\\\/vezere.org\\\/wp-content\\\/uploads\\\/2025\\\/08\\\/Ch\\u00eane-Valojoulx-29-7-2025_20h37_01.mp3\",\"type\":\"audio\\\/mpeg\",\"title\":\"Ch\\u00eane Valojoulx 29-7-2025_20h37_01\",\"caption\":\"\",\"description\":\"<i>Ch\\u00eane Valojoulx 29-7-2025_20h37_01<\\\/i>. Genre\\u00a0: Blues.\",\"meta\":[],\"image\":{\"src\":\"https:\\\/\\\/vezere.org\\\/wp-includes\\\/images\\\/media\\\/audio.svg\",\"width\":48,\"height\":64},\"thumb\":{\"src\":\"https:\\\/\\\/vezere.org\\\/wp-includes\\\/images\\\/media\\\/audio.svg\",\"width\":48,\"height\":64}}]}<\/script>\n<\/div>\n\t\n<p><strong>Autre enregistrement du ch\u00eane de Valojoulx, le 18 Ao\u00fbt 2025 &#8211; dur\u00e9e : 30 mn<\/strong><\/p>\n<p><strong><a href=\"http:\/\/vezere.org\/wp-content\/uploads\/2025\/08\/chene-Valojoulx.jpg\"><img loading=\"lazy\" decoding=\"async\" class=\"size-large wp-image-14542 aligncenter\" src=\"http:\/\/vezere.org\/wp-content\/uploads\/2025\/08\/chene-Valojoulx-1024x461.jpg\" alt=\"\" width=\"960\" height=\"432\" srcset=\"https:\/\/vezere.org\/wp-content\/uploads\/2025\/08\/chene-Valojoulx-1024x461.jpg 1024w, https:\/\/vezere.org\/wp-content\/uploads\/2025\/08\/chene-Valojoulx-300x135.jpg 300w, https:\/\/vezere.org\/wp-content\/uploads\/2025\/08\/chene-Valojoulx-768x345.jpg 768w, https:\/\/vezere.org\/wp-content\/uploads\/2025\/08\/chene-Valojoulx.jpg 1136w\" sizes=\"auto, (max-width: 960px) 100vw, 960px\" \/><\/a><\/strong><\/p>\n<!--[if lt IE 9]><script>document.createElement('audio');<\/script><![endif]-->\n<audio class=\"wp-audio-shortcode\" id=\"audio-14648-1\" preload=\"none\" style=\"width: 100%;\" controls=\"controls\"><source type=\"audio\/mpeg\" src=\"https:\/\/vezere.org\/wp-content\/uploads\/2025\/08\/chene-Valojoulx-18aout2025-ZOOM0026_01.mp3?_=1\" \/><a href=\"https:\/\/vezere.org\/wp-content\/uploads\/2025\/08\/chene-Valojoulx-18aout2025-ZOOM0026_01.mp3\">https:\/\/vezere.org\/wp-content\/uploads\/2025\/08\/chene-Valojoulx-18aout2025-ZOOM0026_01.mp3<\/a><\/audio>\n<p style=\"text-align: center;\"><span style=\"color: #ff0000;\"><a style=\"color: #ff0000;\" href=\"http:\/\/vezere.org\"><strong>Retour \u00e0 l&rsquo;Accueil<\/strong><\/a><\/span><\/p>\n","protected":false},"excerpt":{"rendered":"<p>Le ch\u00eane de Valojoulx, Vall\u00e9e de la V\u00e9z\u00e8re. C&rsquo;est un des 16 arbres qui avait eu un prix par l&rsquo;ancienne association \u00ab\u00a0Mathusalem Dordogne\u00a0\u00bb (dissoute). En 1989, cette association avait lanc\u00e9 une op\u00e9ration pour les arbres de la libert\u00e9 et de la r\u00e9volution fran\u00e7aise. En fait pr\u00e8s de 900 arbres avaient \u00e9t\u00e9 recens\u00e9s entre 100 et 900 ans\u00a0 ! La famille Leblanc et la mairie sont conscients de la valeur patrimonial de ce ch\u00eane. Est ce que des glands ont \u00e9t\u00e9 r\u00e9cup\u00e9r\u00e9s pour faire pousser d&rsquo;autres ch\u00eanes comme lui ? Autre enregistrement du ch\u00eane de Valojoulx, le 18 Ao\u00fbt 2025 &#8211; dur\u00e9e : 30 mn Retour \u00e0 l&rsquo;Accueil<\/p>\n","protected":false},"author":1,"featured_media":0,"parent":14516,"menu_order":0,"comment_status":"closed","ping_status":"closed","template":"","meta":{"footnotes":""},"class_list":["post-14648","page","type-page","status-publish","hentry"],"_links":{"self":[{"href":"https:\/\/vezere.org\/index.php\/wp-json\/wp\/v2\/pages\/14648","targetHints":{"allow":["GET"]}}],"collection":[{"href":"https:\/\/vezere.org\/index.php\/wp-json\/wp\/v2\/pages"}],"about":[{"href":"https:\/\/vezere.org\/index.php\/wp-json\/wp\/v2\/types\/page"}],"author":[{"embeddable":true,"href":"https:\/\/vezere.org\/index.php\/wp-json\/wp\/v2\/users\/1"}],"replies":[{"embeddable":true,"href":"https:\/\/vezere.org\/index.php\/wp-json\/wp\/v2\/comments?post=14648"}],"version-history":[{"count":1,"href":"https:\/\/vezere.org\/index.php\/wp-json\/wp\/v2\/pages\/14648\/revisions"}],"predecessor-version":[{"id":14649,"href":"https:\/\/vezere.org\/index.php\/wp-json\/wp\/v2\/pages\/14648\/revisions\/14649"}],"up":[{"embeddable":true,"href":"https:\/\/vezere.org\/index.php\/wp-json\/wp\/v2\/pages\/14516"}],"wp:attachment":[{"href":"https:\/\/vezere.org\/index.php\/wp-json\/wp\/v2\/media?parent=14648"}],"curies":[{"name":"wp","href":"https:\/\/api.w.org\/{rel}","templated":true}]}}