{"id":14642,"date":"2025-09-03T12:39:01","date_gmt":"2025-09-03T10:39:01","guid":{"rendered":"https:\/\/vezere.org\/?page_id=14642"},"modified":"2025-10-22T21:43:46","modified_gmt":"2025-10-22T19:43:46","slug":"le-charme-des-bois-de-muratel-a-terrasson","status":"publish","type":"page","link":"https:\/\/vezere.org\/index.php\/exposition-arbres-lumieres-rivieres-musiques-de-jerome-hutin\/exposition-arbres-lumieres-rivieres-musiques-2025-dans-la-ville-ancienne-et-parc-laplanche-a-terrasson-lavilledieu-vallee-de-la-vezere\/le-charme-des-bois-de-muratel-a-terrasson\/","title":{"rendered":"Le charme des bois de Muratel \u00e0 Terrasson"},"content":{"rendered":"<ul>\n<li data-start=\"1720\" data-end=\"1838\"><strong data-start=\"1720\" data-end=\"1764\"><a href=\"http:\/\/vezere.org\/wp-content\/uploads\/2025\/07\/etre_sous_charme_300x400_FOND_BLANC_sans_texte.jpg\"><img loading=\"lazy\" decoding=\"async\" class=\"alignright wp-image-14512\" src=\"http:\/\/vezere.org\/wp-content\/uploads\/2025\/07\/etre_sous_charme_300x400_FOND_BLANC_sans_texte-1024x768.jpg\" alt=\"\" width=\"534\" height=\"400\" srcset=\"https:\/\/vezere.org\/wp-content\/uploads\/2025\/07\/etre_sous_charme_300x400_FOND_BLANC_sans_texte.jpg 1024w, https:\/\/vezere.org\/wp-content\/uploads\/2025\/07\/etre_sous_charme_300x400_FOND_BLANC_sans_texte-300x225.jpg 300w, https:\/\/vezere.org\/wp-content\/uploads\/2025\/07\/etre_sous_charme_300x400_FOND_BLANC_sans_texte-768x576.jpg 768w\" sizes=\"auto, (max-width: 534px) 100vw, 534px\" \/><\/a>Le charme des bois de Muratel \u00e0 Terrasson<\/strong><br data-start=\"1764\" data-end=\"1767\" \/><em data-start=\"1769\" data-end=\"1836\">C&rsquo;est un des arbres qui a communiqu\u00e9 avec moi, il y a quelques ann\u00e9es, me \u00ab\u00a0demandant\u00a0\u00bb de le photographier par dessous. En Ao\u00fbt 2025, je viens d&rsquo;enregistrer \u00ab\u00a0sa musique\u00a0\u00bb.<\/em><\/li>\n<\/ul>\n<p>Important,\u00a0 ce jour de captation musicale, il faisait 40 degr\u00e9s au dessus de la canop\u00e9e et peu d&rsquo;eau dans le ruisseau.<\/p>\n<p>Prenez donc le temps de l&rsquo;\u00e9couter, les notes de \u00ab\u00a0piano\u00a0\u00bb commence par une m\u00e9lodie, puis quelques notes longues allant vers un silence, comme si vous jouiez vous-m\u00eame au piano&#8230;\u00a0 puis la m\u00e9lodie reprend, puis encore doucement&#8230; et en \u00e9coutant bien, je me suis demand\u00e9 si l&rsquo;arbre ne s&rsquo;amusait pas lui-m\u00eame&#8230; voire aussi s&rsquo;il n&rsquo;\u00e9tait pas comme un apprenti, jouant avec les notes. c&rsquo;est impressionnant\u00a0 !<\/p>\n<!--[if lt IE 9]><script>document.createElement('audio');<\/script><![endif]-->\n\t<div class=\"wp-playlist wp-audio-playlist wp-playlist-light\">\n\t\t\t<div class=\"wp-playlist-current-item\"><\/div>\n\t\t<audio controls=\"controls\" preload=\"none\" width=\"938\"\n\t\t\t><\/audio>\n\t<div class=\"wp-playlist-next\"><\/div>\n\t<div class=\"wp-playlist-prev\"><\/div>\n\t<noscript>\n\t<ol>\n\t\t<li><a href='https:\/\/vezere.org\/wp-content\/uploads\/2025\/07\/charme_muratel-Terrasson-09-8-2025-16h45-ZOOM0012_01.mp3'>charme_muratel-Terrasson-09-8-2025-16h45-ZOOM0012_01<\/a><\/li>\t<\/ol>\n\t<\/noscript>\n\t<script type=\"application\/json\" class=\"wp-playlist-script\">{\"type\":\"audio\",\"tracklist\":true,\"tracknumbers\":true,\"images\":true,\"artists\":true,\"tracks\":[{\"src\":\"https:\\\/\\\/vezere.org\\\/wp-content\\\/uploads\\\/2025\\\/07\\\/charme_muratel-Terrasson-09-8-2025-16h45-ZOOM0012_01.mp3\",\"type\":\"audio\\\/mpeg\",\"title\":\"charme_muratel-Terrasson-09-8-2025-16h45-ZOOM0012_01\",\"caption\":\"\",\"description\":\"<i>charme_muratel-Terrasson-09-8-2025-16h45-ZOOM0012_01<\\\/i>. Genre\\u00a0: Blues.\",\"meta\":[],\"image\":{\"src\":\"https:\\\/\\\/vezere.org\\\/wp-includes\\\/images\\\/media\\\/audio.svg\",\"width\":48,\"height\":64},\"thumb\":{\"src\":\"https:\\\/\\\/vezere.org\\\/wp-includes\\\/images\\\/media\\\/audio.svg\",\"width\":48,\"height\":64}}]}<\/script>\n<\/div>\n\t\n<p style=\"text-align: center;\"><span style=\"color: #ff0000;\"><a style=\"color: #ff0000;\" href=\"http:\/\/vezere.org\">Retour \u00e0 l&rsquo;accueil<\/a><\/span><\/p>\n\n\n<p><strong>Le 12 septembre 2025<\/strong>, je suis revenu au pied de ce charme de Muratel et j&rsquo;ai de nouveau r\u00e9alis\u00e9 un enregistrement.&nbsp; Vous allez pouvoir comparer les deux musiques de cet arbre, entre 40 degr\u00e9s la premi\u00e8re et apr\u00e8s la pluie, la pouss\u00e9e des champignons et une temp\u00e9rature cl\u00e9mente.&nbsp;<\/p>\n\n\n\n<p>40 minutes d&rsquo;une \u00e9coute m\u00e9lodieuse, m\u00e9ditative, comme si vous \u00e9tiez sous l&rsquo;arbre&#8230;<\/p>\n\n\n\n<figure class=\"wp-block-image size-large\"><img loading=\"lazy\" decoding=\"async\" width=\"1024\" height=\"461\" src=\"https:\/\/vezere.org\/wp-content\/uploads\/2025\/09\/IMG_20250912_145959-1024x461.jpg\" alt=\"\" class=\"wp-image-14733\" srcset=\"https:\/\/vezere.org\/wp-content\/uploads\/2025\/09\/IMG_20250912_145959-1024x461.jpg 1024w, https:\/\/vezere.org\/wp-content\/uploads\/2025\/09\/IMG_20250912_145959-300x135.jpg 300w, https:\/\/vezere.org\/wp-content\/uploads\/2025\/09\/IMG_20250912_145959-768x346.jpg 768w, https:\/\/vezere.org\/wp-content\/uploads\/2025\/09\/IMG_20250912_145959-1536x692.jpg 1536w, https:\/\/vezere.org\/wp-content\/uploads\/2025\/09\/IMG_20250912_145959-2048x923.jpg 2048w, https:\/\/vezere.org\/wp-content\/uploads\/2025\/09\/IMG_20250912_145959-1140x514.jpg 1140w\" sizes=\"auto, (max-width: 1024px) 100vw, 1024px\" \/><\/figure>\n\n\n\n<figure class=\"wp-block-audio\"><audio controls src=\"http:\/\/vezere.org\/wp-content\/uploads\/2025\/09\/charme-muratel-Terrasson-12septembre2025-ZOOM0049_01.mp3\"><\/audio><\/figure>\n\n\n\n<p>Voici une nouvelle photo et musique de ce charme de Muratel \u00e0 Terrasson-Lavilledieu, la musique a \u00e9t\u00e9 enregistr\u00e9e le <strong>20 octobre 2025<\/strong>.  Belle \u00e9coute m\u00e9ditative \u00e0 vous. Si vous le souhaitez, je peux vous organiser un bain de for\u00eat musical.. et photographique&#8230;<\/p>\n\n\n\n<figure class=\"wp-block-gallery has-nested-images columns-default is-cropped wp-block-gallery-1 is-layout-flex wp-block-gallery-is-layout-flex\">\n<figure class=\"wp-block-image size-large\"><img loading=\"lazy\" decoding=\"async\" width=\"461\" height=\"1024\" data-id=\"14897\" src=\"https:\/\/vezere.org\/wp-content\/uploads\/2025\/10\/IMG_20251020_114720-461x1024.jpg\" alt=\"\" class=\"wp-image-14897\" srcset=\"https:\/\/vezere.org\/wp-content\/uploads\/2025\/10\/IMG_20251020_114720-461x1024.jpg 461w, https:\/\/vezere.org\/wp-content\/uploads\/2025\/10\/IMG_20251020_114720-135x300.jpg 135w, https:\/\/vezere.org\/wp-content\/uploads\/2025\/10\/IMG_20251020_114720-768x1707.jpg 768w, https:\/\/vezere.org\/wp-content\/uploads\/2025\/10\/IMG_20251020_114720-691x1536.jpg 691w, https:\/\/vezere.org\/wp-content\/uploads\/2025\/10\/IMG_20251020_114720-922x2048.jpg 922w, https:\/\/vezere.org\/wp-content\/uploads\/2025\/10\/IMG_20251020_114720-1140x2533.jpg 1140w, https:\/\/vezere.org\/wp-content\/uploads\/2025\/10\/IMG_20251020_114720-scaled.jpg 1152w\" sizes=\"auto, (max-width: 461px) 100vw, 461px\" \/><\/figure>\n\n\n\n<figure class=\"wp-block-image size-large\"><img loading=\"lazy\" decoding=\"async\" width=\"461\" height=\"1024\" data-id=\"14898\" src=\"https:\/\/vezere.org\/wp-content\/uploads\/2025\/10\/IMG_20251020_115024-461x1024.jpg\" alt=\"\" class=\"wp-image-14898\" srcset=\"https:\/\/vezere.org\/wp-content\/uploads\/2025\/10\/IMG_20251020_115024-461x1024.jpg 461w, https:\/\/vezere.org\/wp-content\/uploads\/2025\/10\/IMG_20251020_115024-135x300.jpg 135w, https:\/\/vezere.org\/wp-content\/uploads\/2025\/10\/IMG_20251020_115024-768x1707.jpg 768w, https:\/\/vezere.org\/wp-content\/uploads\/2025\/10\/IMG_20251020_115024-691x1536.jpg 691w, https:\/\/vezere.org\/wp-content\/uploads\/2025\/10\/IMG_20251020_115024-922x2048.jpg 922w, https:\/\/vezere.org\/wp-content\/uploads\/2025\/10\/IMG_20251020_115024-1140x2533.jpg 1140w, https:\/\/vezere.org\/wp-content\/uploads\/2025\/10\/IMG_20251020_115024-scaled.jpg 1152w\" sizes=\"auto, (max-width: 461px) 100vw, 461px\" \/><\/figure>\n\n\n\n<figure class=\"wp-block-image size-large\"><img loading=\"lazy\" decoding=\"async\" width=\"461\" height=\"1024\" data-id=\"14899\" src=\"https:\/\/vezere.org\/wp-content\/uploads\/2025\/10\/IMG_20251020_121024-461x1024.jpg\" alt=\"\" class=\"wp-image-14899\" srcset=\"https:\/\/vezere.org\/wp-content\/uploads\/2025\/10\/IMG_20251020_121024-461x1024.jpg 461w, https:\/\/vezere.org\/wp-content\/uploads\/2025\/10\/IMG_20251020_121024-135x300.jpg 135w, https:\/\/vezere.org\/wp-content\/uploads\/2025\/10\/IMG_20251020_121024-768x1707.jpg 768w, https:\/\/vezere.org\/wp-content\/uploads\/2025\/10\/IMG_20251020_121024-691x1536.jpg 691w, https:\/\/vezere.org\/wp-content\/uploads\/2025\/10\/IMG_20251020_121024-922x2048.jpg 922w, https:\/\/vezere.org\/wp-content\/uploads\/2025\/10\/IMG_20251020_121024-1140x2533.jpg 1140w, https:\/\/vezere.org\/wp-content\/uploads\/2025\/10\/IMG_20251020_121024-scaled.jpg 1152w\" sizes=\"auto, (max-width: 461px) 100vw, 461px\" \/><\/figure>\n\n\n\n<figure class=\"wp-block-image size-large\"><img loading=\"lazy\" decoding=\"async\" width=\"1024\" height=\"650\" data-id=\"14900\" src=\"https:\/\/vezere.org\/wp-content\/uploads\/2025\/10\/IMG_20251020_121431-1024x650.jpg\" alt=\"\" class=\"wp-image-14900\" srcset=\"https:\/\/vezere.org\/wp-content\/uploads\/2025\/10\/IMG_20251020_121431-1024x650.jpg 1024w, https:\/\/vezere.org\/wp-content\/uploads\/2025\/10\/IMG_20251020_121431-300x190.jpg 300w, https:\/\/vezere.org\/wp-content\/uploads\/2025\/10\/IMG_20251020_121431-768x488.jpg 768w, https:\/\/vezere.org\/wp-content\/uploads\/2025\/10\/IMG_20251020_121431-1536x975.jpg 1536w, https:\/\/vezere.org\/wp-content\/uploads\/2025\/10\/IMG_20251020_121431-2048x1300.jpg 2048w, https:\/\/vezere.org\/wp-content\/uploads\/2025\/10\/IMG_20251020_121431-1140x724.jpg 1140w\" sizes=\"auto, (max-width: 1024px) 100vw, 1024px\" \/><\/figure>\n\n\n<\/figure>\n\n\n\n<figure class=\"wp-block-audio\"><audio controls src=\"http:\/\/vezere.org\/wp-content\/uploads\/2025\/10\/charme-muratel-20octobre2025-ZOOM0080_01.mp3\"><\/audio><\/figure>\n","protected":false},"excerpt":{"rendered":"<p>Le charme des bois de Muratel \u00e0 TerrassonC&rsquo;est un des arbres qui a communiqu\u00e9 avec moi, il y a quelques ann\u00e9es, me \u00ab\u00a0demandant\u00a0\u00bb de le photographier par dessous. En Ao\u00fbt 2025, je viens d&rsquo;enregistrer \u00ab\u00a0sa musique\u00a0\u00bb. Important,\u00a0 ce jour de captation musicale, il faisait 40 degr\u00e9s au dessus de la canop\u00e9e et peu d&rsquo;eau dans le ruisseau. Prenez donc le temps de l&rsquo;\u00e9couter, les notes de \u00ab\u00a0piano\u00a0\u00bb commence par une m\u00e9lodie, puis quelques notes longues allant vers un silence, comme si vous jouiez vous-m\u00eame au piano&#8230;\u00a0 puis la m\u00e9lodie reprend, puis encore doucement&#8230; et en \u00e9coutant bien, je me suis demand\u00e9 si l&rsquo;arbre ne s&rsquo;amusait pas lui-m\u00eame&#8230; voire aussi s&rsquo;il n&rsquo;\u00e9tait pas comme un apprenti, jouant avec les notes. c&rsquo;est impressionnant\u00a0 ! Retour \u00e0 l&rsquo;accueil Le 12 septembre 2025, je suis revenu au pied de ce charme de Muratel et j&rsquo;ai de nouveau r\u00e9alis\u00e9 un enregistrement.&nbsp; Vous allez pouvoir comparer les deux musiques de cet arbre, entre 40 degr\u00e9s la premi\u00e8re et apr\u00e8s la pluie, la pouss\u00e9e des champignons et une temp\u00e9rature cl\u00e9mente.&nbsp; 40 minutes d&rsquo;une \u00e9coute m\u00e9lodieuse, m\u00e9ditative, comme si vous \u00e9tiez sous l&rsquo;arbre&#8230; Voici une nouvelle photo et musique de ce charme de Muratel \u00e0 Terrasson-Lavilledieu, la musique a \u00e9t\u00e9 enregistr\u00e9e le 20 octobre 2025. Belle \u00e9coute m\u00e9ditative \u00e0 vous. Si vous le souhaitez, je peux vous organiser un bain de for\u00eat musical.. et photographique&#8230;<\/p>\n","protected":false},"author":1,"featured_media":14900,"parent":14516,"menu_order":0,"comment_status":"closed","ping_status":"closed","template":"","meta":{"footnotes":""},"class_list":["post-14642","page","type-page","status-publish","has-post-thumbnail","hentry"],"_links":{"self":[{"href":"https:\/\/vezere.org\/index.php\/wp-json\/wp\/v2\/pages\/14642","targetHints":{"allow":["GET"]}}],"collection":[{"href":"https:\/\/vezere.org\/index.php\/wp-json\/wp\/v2\/pages"}],"about":[{"href":"https:\/\/vezere.org\/index.php\/wp-json\/wp\/v2\/types\/page"}],"author":[{"embeddable":true,"href":"https:\/\/vezere.org\/index.php\/wp-json\/wp\/v2\/users\/1"}],"replies":[{"embeddable":true,"href":"https:\/\/vezere.org\/index.php\/wp-json\/wp\/v2\/comments?post=14642"}],"version-history":[{"count":4,"href":"https:\/\/vezere.org\/index.php\/wp-json\/wp\/v2\/pages\/14642\/revisions"}],"predecessor-version":[{"id":14901,"href":"https:\/\/vezere.org\/index.php\/wp-json\/wp\/v2\/pages\/14642\/revisions\/14901"}],"up":[{"embeddable":true,"href":"https:\/\/vezere.org\/index.php\/wp-json\/wp\/v2\/pages\/14516"}],"wp:featuredmedia":[{"embeddable":true,"href":"https:\/\/vezere.org\/index.php\/wp-json\/wp\/v2\/media\/14900"}],"wp:attachment":[{"href":"https:\/\/vezere.org\/index.php\/wp-json\/wp\/v2\/media?parent=14642"}],"curies":[{"name":"wp","href":"https:\/\/api.w.org\/{rel}","templated":true}]}}