{"id":14638,"date":"2025-09-03T12:28:01","date_gmt":"2025-09-03T10:28:01","guid":{"rendered":"https:\/\/vezere.org\/?page_id=14638"},"modified":"2025-09-03T12:28:01","modified_gmt":"2025-09-03T10:28:01","slug":"le-chene-dor-au-bord-de-la-vezere-a-terrasson","status":"publish","type":"page","link":"https:\/\/vezere.org\/index.php\/exposition-arbres-lumieres-rivieres-musiques-de-jerome-hutin\/exposition-arbres-lumieres-rivieres-musiques-2025-dans-la-ville-ancienne-et-parc-laplanche-a-terrasson-lavilledieu-vallee-de-la-vezere\/le-chene-dor-au-bord-de-la-vezere-a-terrasson\/","title":{"rendered":"Le ch\u00eane d&rsquo;or\u00a0\u00bb au bord de la V\u00e9z\u00e8re \u00e0 Terrasson"},"content":{"rendered":"<ul>\n<li><strong data-start=\"1720\" data-end=\"1764\">\u00ab\u00a0Le ch\u00eane d&rsquo;or\u00a0\u00bb au bord de la V\u00e9z\u00e8re \u00e0 Terrasson<\/strong><br data-start=\"1764\" data-end=\"1767\" \/><em data-start=\"1769\" data-end=\"1836\">C&rsquo;est un des arbres qui a communiqu\u00e9 avec moi, il y a quelques ann\u00e9es. je l&rsquo;ai photographi\u00e9 \u00e0 plusieurs saisons m\u00eame qu&rsquo;il est perdu quelques branches lors des orages, il refait doucement de nouvelles branches ! Venez voir la superbe photo Wahoo ! que je nomme \u00ab\u00a0le ch\u00eane d&rsquo;or aux feuilles d&rsquo;or dans son cadre d&rsquo;or \u00e0 prix d&rsquo;or\u00a0\u00bb, laquelle est dans mon appart&rsquo;galerie. Elle est tr\u00e8s puissante et vous pouvez dor\u00e9navant \u00e9couter \u00ab\u00a0sa musique\u00a0\u00bb !<\/em><img loading=\"lazy\" decoding=\"async\" class=\"aligncenter size-large wp-image-14639\" src=\"http:\/\/vezere.org\/wp-content\/uploads\/2025\/09\/carte-correspondance-chene-or-partition-charles-trenet-1024x488.jpg\" alt=\"\" width=\"960\" height=\"458\" srcset=\"https:\/\/vezere.org\/wp-content\/uploads\/2025\/09\/carte-correspondance-chene-or-partition-charles-trenet-1024x488.jpg 1024w, https:\/\/vezere.org\/wp-content\/uploads\/2025\/09\/carte-correspondance-chene-or-partition-charles-trenet-300x143.jpg 300w, https:\/\/vezere.org\/wp-content\/uploads\/2025\/09\/carte-correspondance-chene-or-partition-charles-trenet-768x366.jpg 768w, https:\/\/vezere.org\/wp-content\/uploads\/2025\/09\/carte-correspondance-chene-or-partition-charles-trenet-1140x543.jpg 1140w, https:\/\/vezere.org\/wp-content\/uploads\/2025\/09\/carte-correspondance-chene-or-partition-charles-trenet.jpg 1240w\" sizes=\"auto, (max-width: 960px) 100vw, 960px\" \/><\/li>\n<\/ul>\n<!--[if lt IE 9]><script>document.createElement('audio');<\/script><![endif]-->\n<audio class=\"wp-audio-shortcode\" id=\"audio-14638-1\" preload=\"none\" style=\"width: 100%;\" controls=\"controls\"><source type=\"audio\/mpeg\" src=\"https:\/\/vezere.org\/wp-content\/uploads\/2025\/08\/chene-or-Vezere-Terrasson-22aout2025-ZOOM0032_01.mp3?_=1\" \/><a href=\"https:\/\/vezere.org\/wp-content\/uploads\/2025\/08\/chene-or-Vezere-Terrasson-22aout2025-ZOOM0032_01.mp3\">https:\/\/vezere.org\/wp-content\/uploads\/2025\/08\/chene-or-Vezere-Terrasson-22aout2025-ZOOM0032_01.mp3<\/a><\/audio>\n<p style=\"text-align: center;\"><span style=\"color: #ff0000;\"><strong><a style=\"color: #ff0000;\" href=\"http:\/\/vezere.org\">Retour \u00e0 l\u2019accueil<\/a><\/strong><\/span><\/p>\n","protected":false},"excerpt":{"rendered":"<p>\u00ab\u00a0Le ch\u00eane d&rsquo;or\u00a0\u00bb au bord de la V\u00e9z\u00e8re \u00e0 TerrassonC&rsquo;est un des arbres qui a communiqu\u00e9 avec moi, il y a quelques ann\u00e9es. je l&rsquo;ai photographi\u00e9 \u00e0 plusieurs saisons m\u00eame qu&rsquo;il est perdu quelques branches lors des orages, il refait doucement de nouvelles branches ! Venez voir la superbe photo Wahoo ! que je nomme \u00ab\u00a0le ch\u00eane d&rsquo;or aux feuilles d&rsquo;or dans son cadre d&rsquo;or \u00e0 prix d&rsquo;or\u00a0\u00bb, laquelle est dans mon appart&rsquo;galerie. Elle est tr\u00e8s puissante et vous pouvez dor\u00e9navant \u00e9couter \u00ab\u00a0sa musique\u00a0\u00bb ! Retour \u00e0 l\u2019accueil<\/p>\n","protected":false},"author":1,"featured_media":0,"parent":14516,"menu_order":0,"comment_status":"closed","ping_status":"closed","template":"","meta":{"footnotes":""},"class_list":["post-14638","page","type-page","status-publish","hentry"],"_links":{"self":[{"href":"https:\/\/vezere.org\/index.php\/wp-json\/wp\/v2\/pages\/14638","targetHints":{"allow":["GET"]}}],"collection":[{"href":"https:\/\/vezere.org\/index.php\/wp-json\/wp\/v2\/pages"}],"about":[{"href":"https:\/\/vezere.org\/index.php\/wp-json\/wp\/v2\/types\/page"}],"author":[{"embeddable":true,"href":"https:\/\/vezere.org\/index.php\/wp-json\/wp\/v2\/users\/1"}],"replies":[{"embeddable":true,"href":"https:\/\/vezere.org\/index.php\/wp-json\/wp\/v2\/comments?post=14638"}],"version-history":[{"count":1,"href":"https:\/\/vezere.org\/index.php\/wp-json\/wp\/v2\/pages\/14638\/revisions"}],"predecessor-version":[{"id":14640,"href":"https:\/\/vezere.org\/index.php\/wp-json\/wp\/v2\/pages\/14638\/revisions\/14640"}],"up":[{"embeddable":true,"href":"https:\/\/vezere.org\/index.php\/wp-json\/wp\/v2\/pages\/14516"}],"wp:attachment":[{"href":"https:\/\/vezere.org\/index.php\/wp-json\/wp\/v2\/media?parent=14638"}],"curies":[{"name":"wp","href":"https:\/\/api.w.org\/{rel}","templated":true}]}}