{"id":14603,"date":"2025-09-01T13:49:18","date_gmt":"2025-09-01T11:49:18","guid":{"rendered":"https:\/\/vezere.org\/?page_id=14603"},"modified":"2025-09-01T23:57:35","modified_gmt":"2025-09-01T21:57:35","slug":"le-chene-de-peyrebrune-a-rozas-saint-orse","status":"publish","type":"page","link":"https:\/\/vezere.org\/index.php\/le-chene-de-peyrebrune-a-rozas-saint-orse\/","title":{"rendered":"Le ch\u00eane de Peyrebrune \u00e0 Rozas, Saint-Orse"},"content":{"rendered":"<p><style>\n    body { font-family: Arial, sans-serif; text-align: center; padding: 20px; background: #0f172a; color: #fff; margin: 0; }<br \/>\n    img { width: 100%; max-width: 800px; height: auto; border-radius: 16px; margin: 0 auto 20px; display: block; box-shadow: 0 10px 30px rgba(0,0,0,.3); }<br \/>\n    .phrase { margin-bottom: 16px; font-size: 1.15em; line-height: 1.55; padding: 0 10px; }<br \/>\n    .phrase a { color: #93c5fd; text-decoration: none; border-bottom: 1px dashed #93c5fd; }<br \/>\n    .phrase a:hover { text-decoration: underline; }<br \/>\n    audio { width: 100%; max-width: 640px; margin: 12px auto 0; display: block; }<br \/>\n    footer { margin-top: 26px; font-size: .95em; opacity: .9; }<br \/>\n    footer a { color: #a7f3d0; text-decoration: none; }<br \/>\n    footer a:hover { text-decoration: underline; }<br \/>\n  <\/style><\/p>\n<h3 style=\"text-align: center;\"><strong>Ecoute la musique du ch\u00eane de Peyrebrune, Rozas, \u00e0 Saint-Orse<\/strong><\/h3>\n<p>C\u2019est sous le ch\u00eane v\u00e9n\u00e9rable de Peyrebrune que j\u2019ai enregistr\u00e9 cette musique calme et sereine, \u00e0 l\u2019heure o\u00f9 se couche le soleil vers 20h45 le 30 aout 2025 alors qu&rsquo;avait eu lieu vers 17h30 un bel orage, et une tornade sur la B\u00e2chellerie et Saint Rabier.<\/p>\n<p>Une violiste et chanteuse lyrique habite aupr\u00e8s de ce ch\u00eane multi centenaire, dans la maison d\u2019une autre artiste, la c\u00e9l\u00e8bre \u00e9crivaine p\u00e9rigourdine Georges de Peyrebrune.<\/p>\n<p><em>Peut-\u00eatre un jour, une rencontre musicale entre la m\u00e9lodie du ch\u00eane et les sons de la viole de gambe\u2026 !<\/em><\/p>\n<h3 style=\"text-align: center;\"><!-- Photo de l'arbre (tu peux changer l'URL) --><br \/><img decoding=\"async\" src=\"https:\/\/vezere.org\/wp-content\/uploads\/2025\/08\/chene-peyrebrune-saint-orse-29aout-2025_HUT5206web-1024x682.jpg\" alt=\"Ch\u00eane de Peyrebrune \u00e0 Saint-Orse\" \/><\/h3>\n<p><!-- Phrase signature --><\/p>\n<h2 class=\"phrase\">\ud83c\udfb6 <strong>Musiques des arbres \u2013 un projet Arbor\u2019Ethic,<\/strong><br \/>retrouve toutes les musiques des arbres sur <a href=\"https:\/\/vezere.org\">https:\/\/vezere.org<\/a><\/h2>\n<h3>\u00a0<\/h3>\n<h3 style=\"text-align: center;\"><strong>Ecoute la musique ci-dessous !<\/strong><\/h3>\n<footer><\/footer><footer><\/footer><footer><\/footer>\n\n\n<figure class=\"wp-block-audio\"><audio controls src=\"https:\/\/vezere.org\/wp-content\/uploads\/2025\/08\/chene-Rosas-Peyrebrune-Saint-Orse-29aout2025-ZOOM0035_01.mp3\"><\/audio><\/figure>\n\n\n<p><span style=\"color: #800000;\">\u2b05 Retour \u00e0 l\u2019accueil<\/span><\/p>\n\n\n<figure class=\"wp-block-video\"><video controls src=\"http:\/\/vezere.org\/wp-content\/uploads\/2025\/09\/VID-20250829-WA0005-1.mp4\"><\/video><figcaption class=\"wp-element-caption\">enregistrement de la musique du ch\u00eane de Peyrebrune, Saint-Orse.<\/figcaption><\/figure>\n\n\n\n<p><\/p>\n\n\n\n<figure class=\"wp-block-video\"><video controls src=\"https:\/\/vezere.org\/videos\/chene%20Peyrebrune%20St%20Orse.mp4\"><\/video><\/figure>\n\n\n\n<ul class=\"wp-block-social-links is-layout-flex wp-block-social-links-is-layout-flex\"><li class=\"wp-social-link wp-social-link-facebook  wp-block-social-link\"><a href=\"https:\/\/www.facebook.com\/jerome.hutin.9\/\" class=\"wp-block-social-link-anchor\"><svg width=\"24\" height=\"24\" viewBox=\"0 0 24 24\" version=\"1.1\" xmlns=\"http:\/\/www.w3.org\/2000\/svg\" aria-hidden=\"true\" focusable=\"false\"><path d=\"M12 2C6.5 2 2 6.5 2 12c0 5 3.7 9.1 8.4 9.9v-7H7.9V12h2.5V9.8c0-2.5 1.5-3.9 3.8-3.9 1.1 0 2.2.2 2.2.2v2.5h-1.3c-1.2 0-1.6.8-1.6 1.6V12h2.8l-.4 2.9h-2.3v7C18.3 21.1 22 17 22 12c0-5.5-4.5-10-10-10z\"><\/path><\/svg><span class=\"wp-block-social-link-label screen-reader-text\">Facebook<\/span><\/a><\/li>\n\n<li class=\"wp-social-link wp-social-link-instagram  wp-block-social-link\"><a href=\"https:\/\/www.instagram.com\/hutinjerome\/\" class=\"wp-block-social-link-anchor\"><svg width=\"24\" height=\"24\" viewBox=\"0 0 24 24\" version=\"1.1\" xmlns=\"http:\/\/www.w3.org\/2000\/svg\" aria-hidden=\"true\" focusable=\"false\"><path d=\"M12,4.622c2.403,0,2.688,0.009,3.637,0.052c0.877,0.04,1.354,0.187,1.671,0.31c0.42,0.163,0.72,0.358,1.035,0.673 c0.315,0.315,0.51,0.615,0.673,1.035c0.123,0.317,0.27,0.794,0.31,1.671c0.043,0.949,0.052,1.234,0.052,3.637 s-0.009,2.688-0.052,3.637c-0.04,0.877-0.187,1.354-0.31,1.671c-0.163,0.42-0.358,0.72-0.673,1.035 c-0.315,0.315-0.615,0.51-1.035,0.673c-0.317,0.123-0.794,0.27-1.671,0.31c-0.949,0.043-1.233,0.052-3.637,0.052 s-2.688-0.009-3.637-0.052c-0.877-0.04-1.354-0.187-1.671-0.31c-0.42-0.163-0.72-0.358-1.035-0.673 c-0.315-0.315-0.51-0.615-0.673-1.035c-0.123-0.317-0.27-0.794-0.31-1.671C4.631,14.688,4.622,14.403,4.622,12 s0.009-2.688,0.052-3.637c0.04-0.877,0.187-1.354,0.31-1.671c0.163-0.42,0.358-0.72,0.673-1.035 c0.315-0.315,0.615-0.51,1.035-0.673c0.317-0.123,0.794-0.27,1.671-0.31C9.312,4.631,9.597,4.622,12,4.622 M12,3 C9.556,3,9.249,3.01,8.289,3.054C7.331,3.098,6.677,3.25,6.105,3.472C5.513,3.702,5.011,4.01,4.511,4.511 c-0.5,0.5-0.808,1.002-1.038,1.594C3.25,6.677,3.098,7.331,3.054,8.289C3.01,9.249,3,9.556,3,12c0,2.444,0.01,2.751,0.054,3.711 c0.044,0.958,0.196,1.612,0.418,2.185c0.23,0.592,0.538,1.094,1.038,1.594c0.5,0.5,1.002,0.808,1.594,1.038 c0.572,0.222,1.227,0.375,2.185,0.418C9.249,20.99,9.556,21,12,21s2.751-0.01,3.711-0.054c0.958-0.044,1.612-0.196,2.185-0.418 c0.592-0.23,1.094-0.538,1.594-1.038c0.5-0.5,0.808-1.002,1.038-1.594c0.222-0.572,0.375-1.227,0.418-2.185 C20.99,14.751,21,14.444,21,12s-0.01-2.751-0.054-3.711c-0.044-0.958-0.196-1.612-0.418-2.185c-0.23-0.592-0.538-1.094-1.038-1.594 c-0.5-0.5-1.002-0.808-1.594-1.038c-0.572-0.222-1.227-0.375-2.185-0.418C14.751,3.01,14.444,3,12,3L12,3z M12,7.378 c-2.552,0-4.622,2.069-4.622,4.622S9.448,16.622,12,16.622s4.622-2.069,4.622-4.622S14.552,7.378,12,7.378z M12,15 c-1.657,0-3-1.343-3-3s1.343-3,3-3s3,1.343,3,3S13.657,15,12,15z M16.804,6.116c-0.596,0-1.08,0.484-1.08,1.08 s0.484,1.08,1.08,1.08c0.596,0,1.08-0.484,1.08-1.08S17.401,6.116,16.804,6.116z\"><\/path><\/svg><span class=\"wp-block-social-link-label screen-reader-text\">Instagram<\/span><\/a><\/li><\/ul>\n\n\n\n<p>&nbsp;<br>\u2b05 <a href=\"https:\/\/vezere.org\">Retour \u00e0 l\u2019accueil<\/a><\/p>\n","protected":false},"excerpt":{"rendered":"<p>Ecoute la musique du ch\u00eane de Peyrebrune, Rozas, \u00e0 Saint-Orse C\u2019est sous le ch\u00eane v\u00e9n\u00e9rable de Peyrebrune que j\u2019ai enregistr\u00e9 cette musique calme et sereine, \u00e0 l\u2019heure o\u00f9 se couche le soleil vers 20h45 le 30 aout 2025 alors qu&rsquo;avait eu lieu vers 17h30 un bel orage, et une tornade sur la B\u00e2chellerie et Saint Rabier. Une violiste et chanteuse lyrique habite aupr\u00e8s de ce ch\u00eane multi centenaire, dans la maison d\u2019une autre artiste, la c\u00e9l\u00e8bre \u00e9crivaine p\u00e9rigourdine Georges de Peyrebrune. Peut-\u00eatre un jour, une rencontre musicale entre la m\u00e9lodie du ch\u00eane et les sons de la viole de gambe\u2026 ! \ud83c\udfb6 Musiques des arbres \u2013 un projet Arbor\u2019Ethic,retrouve toutes les musiques des arbres sur https:\/\/vezere.org \u00a0 Ecoute la musique ci-dessous ! \u2b05 Retour \u00e0 l\u2019accueil &nbsp;\u2b05 Retour \u00e0 l\u2019accueil<\/p>\n","protected":false},"author":1,"featured_media":0,"parent":0,"menu_order":0,"comment_status":"closed","ping_status":"closed","template":"","meta":{"footnotes":""},"class_list":["post-14603","page","type-page","status-publish","hentry"],"_links":{"self":[{"href":"https:\/\/vezere.org\/index.php\/wp-json\/wp\/v2\/pages\/14603","targetHints":{"allow":["GET"]}}],"collection":[{"href":"https:\/\/vezere.org\/index.php\/wp-json\/wp\/v2\/pages"}],"about":[{"href":"https:\/\/vezere.org\/index.php\/wp-json\/wp\/v2\/types\/page"}],"author":[{"embeddable":true,"href":"https:\/\/vezere.org\/index.php\/wp-json\/wp\/v2\/users\/1"}],"replies":[{"embeddable":true,"href":"https:\/\/vezere.org\/index.php\/wp-json\/wp\/v2\/comments?post=14603"}],"version-history":[{"count":18,"href":"https:\/\/vezere.org\/index.php\/wp-json\/wp\/v2\/pages\/14603\/revisions"}],"predecessor-version":[{"id":14637,"href":"https:\/\/vezere.org\/index.php\/wp-json\/wp\/v2\/pages\/14603\/revisions\/14637"}],"wp:attachment":[{"href":"https:\/\/vezere.org\/index.php\/wp-json\/wp\/v2\/media?parent=14603"}],"curies":[{"name":"wp","href":"https:\/\/api.w.org\/{rel}","templated":true}]}}